{"id":59129,"date":"2019-04-15T10:30:48","date_gmt":"2019-04-15T08:30:48","guid":{"rendered":"https:\/\/www.qualitatis.es\/productes-i-serveis-de-qualitatis\/servicios-de-auditoria\/"},"modified":"2026-05-06T18:39:59","modified_gmt":"2026-05-06T16:39:59","slug":"serveis-dauditoria","status":"publish","type":"page","link":"https:\/\/www.qualitatis.es\/ca\/productes-i-serveis-de-qualitatis\/serveis-dauditoria\/","title":{"rendered":"Serveis d&#8217;auditoria."},"content":{"rendered":"\t\t<div data-elementor-type=\"wp-page\" data-elementor-id=\"59129\" class=\"elementor elementor-59129 elementor-19279\" data-elementor-post-type=\"page\">\n\t\t\t\t\t\t<section class=\"elementor-section elementor-top-section elementor-element elementor-element-11708ec elementor-section-boxed elementor-section-height-default elementor-section-height-default\" data-id=\"11708ec\" data-element_type=\"section\" data-e-type=\"section\">\n\t\t\t\t\t\t<div class=\"elementor-container elementor-column-gap-default\">\n\t\t\t\t\t<div class=\"elementor-column elementor-col-100 elementor-top-column elementor-element elementor-element-62c553e\" data-id=\"62c553e\" data-element_type=\"column\" data-e-type=\"column\">\n\t\t\t<div class=\"elementor-widget-wrap elementor-element-populated\">\n\t\t\t\t\t\t<div class=\"elementor-element elementor-element-fa3d06f elementor-widget elementor-widget-text-editor\" data-id=\"fa3d06f\" data-element_type=\"widget\" data-e-type=\"widget\" data-widget_type=\"text-editor.default\">\n\t\t\t\t\t\t\t\t\t<p>Desde Qualitatis podemos ayudarte a realizar auditor\u00edas seg\u00fan la Norma o Est\u00e1ndar que tengas implantado en tu empresa.<\/p>\t\t\t\t\t\t\t\t<\/div>\n\t\t\t\t\t<\/div>\n\t\t<\/div>\n\t\t\t\t\t<\/div>\n\t\t<\/section>\n\t\t\t\t<\/div>\n\t\t","protected":false},"excerpt":{"rendered":"<p>Desde Qualitatis podemos ayudarte a realizar auditor\u00edas seg\u00fan la Norma o Est\u00e1ndar que tengas implantado en tu empresa.<\/p>\n","protected":false},"author":2,"featured_media":0,"parent":21659,"menu_order":0,"comment_status":"closed","ping_status":"closed","template":"","meta":{"site-sidebar-layout":"default","site-content-layout":"","ast-site-content-layout":"default","site-content-style":"default","site-sidebar-style":"default","ast-global-header-display":"","ast-banner-title-visibility":"","ast-main-header-display":"","ast-hfb-above-header-display":"","ast-hfb-below-header-display":"","ast-hfb-mobile-header-display":"","site-post-title":"","ast-breadcrumbs-content":"","ast-featured-img":"","footer-sml-layout":"","ast-disable-related-posts":"","theme-transparent-header-meta":"","adv-header-id-meta":"","stick-header-meta":"","header-above-stick-meta":"","header-main-stick-meta":"","header-below-stick-meta":"","astra-migrate-meta-layouts":"set","ast-page-background-enabled":"default","ast-page-background-meta":{"desktop":{"background-color":"","background-image":"","background-repeat":"repeat","background-position":"center center","background-size":"auto","background-attachment":"scroll","background-type":"","background-media":"","overlay-type":"","overlay-color":"","overlay-opacity":"","overlay-gradient":""},"tablet":{"background-color":"","background-image":"","background-repeat":"repeat","background-position":"center center","background-size":"auto","background-attachment":"scroll","background-type":"","background-media":"","overlay-type":"","overlay-color":"","overlay-opacity":"","overlay-gradient":""},"mobile":{"background-color":"","background-image":"","background-repeat":"repeat","background-position":"center center","background-size":"auto","background-attachment":"scroll","background-type":"","background-media":"","overlay-type":"","overlay-color":"","overlay-opacity":"","overlay-gradient":""}},"ast-content-background-meta":{"desktop":{"background-color":"var(--ast-global-color-5)","background-image":"","background-repeat":"repeat","background-position":"center center","background-size":"auto","background-attachment":"scroll","background-type":"","background-media":"","overlay-type":"","overlay-color":"","overlay-opacity":"","overlay-gradient":""},"tablet":{"background-color":"var(--ast-global-color-5)","background-image":"","background-repeat":"repeat","background-position":"center center","background-size":"auto","background-attachment":"scroll","background-type":"","background-media":"","overlay-type":"","overlay-color":"","overlay-opacity":"","overlay-gradient":""},"mobile":{"background-color":"var(--ast-global-color-5)","background-image":"","background-repeat":"repeat","background-position":"center center","background-size":"auto","background-attachment":"scroll","background-type":"","background-media":"","overlay-type":"","overlay-color":"","overlay-opacity":"","overlay-gradient":""}},"footnotes":""},"class_list":["post-59129","page","type-page","status-publish","hentry"],"_links":{"self":[{"href":"https:\/\/www.qualitatis.es\/ca\/wp-json\/wp\/v2\/pages\/59129","targetHints":{"allow":["GET"]}}],"collection":[{"href":"https:\/\/www.qualitatis.es\/ca\/wp-json\/wp\/v2\/pages"}],"about":[{"href":"https:\/\/www.qualitatis.es\/ca\/wp-json\/wp\/v2\/types\/page"}],"author":[{"embeddable":true,"href":"https:\/\/www.qualitatis.es\/ca\/wp-json\/wp\/v2\/users\/2"}],"replies":[{"embeddable":true,"href":"https:\/\/www.qualitatis.es\/ca\/wp-json\/wp\/v2\/comments?post=59129"}],"version-history":[{"count":1,"href":"https:\/\/www.qualitatis.es\/ca\/wp-json\/wp\/v2\/pages\/59129\/revisions"}],"predecessor-version":[{"id":59131,"href":"https:\/\/www.qualitatis.es\/ca\/wp-json\/wp\/v2\/pages\/59129\/revisions\/59131"}],"up":[{"embeddable":true,"href":"https:\/\/www.qualitatis.es\/ca\/wp-json\/wp\/v2\/pages\/21659"}],"wp:attachment":[{"href":"https:\/\/www.qualitatis.es\/ca\/wp-json\/wp\/v2\/media?parent=59129"}],"curies":[{"name":"wp","href":"https:\/\/api.w.org\/{rel}","templated":true}]}}