{"id":21074,"date":"2018-06-03T20:29:17","date_gmt":"2018-06-03T18:29:17","guid":{"rendered":"https:\/\/www.qualitatis.es\/diseno-de-imagen-corporativa\/"},"modified":"2022-07-14T11:57:31","modified_gmt":"2022-07-14T09:57:31","slug":"diseno-de-imagen-corporativa","status":"publish","type":"page","link":"https:\/\/www.qualitatis.es\/ca\/productes-i-serveis-de-qualitatis\/altres-serveis\/diseno-de-imagen-corporativa\/","title":{"rendered":"Disseny d&#8217;imatge corporativa"},"content":{"rendered":"\t\t<div data-elementor-type=\"wp-page\" data-elementor-id=\"21074\" class=\"elementor elementor-21074 elementor-18532\" data-elementor-post-type=\"page\">\n\t\t\t\t\t\t<section class=\"elementor-section elementor-top-section elementor-element elementor-element-c2e621a elementor-section-boxed elementor-section-height-default elementor-section-height-default\" data-id=\"c2e621a\" data-element_type=\"section\" data-e-type=\"section\">\n\t\t\t\t\t\t<div class=\"elementor-container elementor-column-gap-default\">\n\t\t\t\t\t<div class=\"elementor-column elementor-col-100 elementor-top-column elementor-element elementor-element-27af4fe\" data-id=\"27af4fe\" data-element_type=\"column\" data-e-type=\"column\">\n\t\t\t<div class=\"elementor-widget-wrap elementor-element-populated\">\n\t\t\t\t\t\t<section class=\"elementor-section elementor-inner-section elementor-element elementor-element-6b36167 elementor-section-boxed elementor-section-height-default elementor-section-height-default\" data-id=\"6b36167\" data-element_type=\"section\" data-e-type=\"section\">\n\t\t\t\t\t\t<div class=\"elementor-container elementor-column-gap-default\">\n\t\t\t\t\t<div class=\"elementor-column elementor-col-50 elementor-inner-column elementor-element elementor-element-ee764be\" data-id=\"ee764be\" data-element_type=\"column\" data-e-type=\"column\">\n\t\t\t<div class=\"elementor-widget-wrap elementor-element-populated\">\n\t\t\t\t\t\t<div class=\"elementor-element elementor-element-99f1363 elementor-widget elementor-widget-text-editor\" data-id=\"99f1363\" data-element_type=\"widget\" data-e-type=\"widget\" data-widget_type=\"text-editor.default\">\n\t\t\t\t\t\t\t\t\t<p>L&#8217;\u00e9sser hum\u00e0 actua mogut pels sentits. \u00c9s per aix\u00f2 que la seva imatge corporativa \u00e9s, en moltes ocasions, el primer contacte i la primera impressi\u00f3 de la seva marca. En Qualitatis Health som experts en impregnar-nos de la filosofia i els valors de la seva empresa i plasmar-los a trav\u00e9s del disseny gr\u00e0fic.<\/p><p>Treballem amb un equip de dissenyadors propis i assessors independents per oferir solucions integrals:<\/p><ul><li>Disseny de logotip.<\/li><li>Disseny de cartelleria i papereria.<\/li><li>Disseny de cartes, men\u00fas, cat\u00e0legs, etc.<\/li><li>Disseny de fullets informatius, promocions, etc.<\/li><li>Disseny web.<\/li><li>Disseny de bloc i html.<\/li><li>Disseny de materials promocionals.<\/li><li>Disseny d&#8217;envasos, etiquetatge, fitxes t\u00e8cniques, etc.<\/li><\/ul><p>El nostre equip treballa amb les \u00faltimes eines i programes de disseny: Adobe Photoshop, Adobe Illustrator, Adobe Indesign, entre d&#8217;altres.<\/p>\t\t\t\t\t\t\t\t<\/div>\n\t\t\t\t\t<\/div>\n\t\t<\/div>\n\t\t\t\t<div class=\"elementor-column elementor-col-50 elementor-inner-column elementor-element elementor-element-cc6a717\" data-id=\"cc6a717\" data-element_type=\"column\" data-e-type=\"column\">\n\t\t\t<div class=\"elementor-widget-wrap elementor-element-populated\">\n\t\t\t\t\t\t<div class=\"elementor-element elementor-element-a35fd1e elementor-widget elementor-widget-image\" data-id=\"a35fd1e\" data-element_type=\"widget\" data-e-type=\"widget\" data-widget_type=\"image.default\">\n\t\t\t\t\t\t\t\t\t\t\t\t<figure class=\"wp-caption\">\n\t\t\t\t\t\t\t\t\t\t<img fetchpriority=\"high\" decoding=\"async\" width=\"1024\" height=\"676\" src=\"https:\/\/www.qualitatis.es\/wp-content\/uploads\/2018\/06\/pencils-390761_1280-1024x676.jpg\" class=\"attachment-large size-large wp-image-18803\" alt=\"\" srcset=\"https:\/\/www.qualitatis.es\/wp-content\/uploads\/2018\/06\/pencils-390761_1280-1024x676.jpg 1024w, https:\/\/www.qualitatis.es\/wp-content\/uploads\/2018\/06\/pencils-390761_1280-300x198.jpg 300w, https:\/\/www.qualitatis.es\/wp-content\/uploads\/2018\/06\/pencils-390761_1280-768x507.jpg 768w, https:\/\/www.qualitatis.es\/wp-content\/uploads\/2018\/06\/pencils-390761_1280-600x396.jpg 600w, https:\/\/www.qualitatis.es\/wp-content\/uploads\/2018\/06\/pencils-390761_1280.jpg 1280w\" sizes=\"(max-width: 1024px) 100vw, 1024px\" \/>\t\t\t\t\t\t\t\t\t\t\t<figcaption class=\"widget-image-caption wp-caption-text\"><\/figcaption>\n\t\t\t\t\t\t\t\t\t\t<\/figure>\n\t\t\t\t\t\t\t\t\t<\/div>\n\t\t\t\t\t<\/div>\n\t\t<\/div>\n\t\t\t\t\t<\/div>\n\t\t<\/section>\n\t\t\t\t\t<\/div>\n\t\t<\/div>\n\t\t\t\t\t<\/div>\n\t\t<\/section>\n\t\t\t\t<\/div>\n\t\t","protected":false},"excerpt":{"rendered":"<p>L&#8217;\u00e9sser hum\u00e0 actua mogut pels sentits. \u00c9s per aix\u00f2 que la seva imatge corporativa \u00e9s, en moltes ocasions, el primer contacte i la primera impressi\u00f3 de la seva marca. En Qualitatis Health som experts en impregnar-nos de la filosofia i [&hellip;]<\/p>\n","protected":false},"author":2,"featured_media":0,"parent":21079,"menu_order":0,"comment_status":"closed","ping_status":"closed","template":"","meta":{"site-sidebar-layout":"default","site-content-layout":"","ast-site-content-layout":"default","site-content-style":"default","site-sidebar-style":"default","ast-global-header-display":"","ast-banner-title-visibility":"","ast-main-header-display":"","ast-hfb-above-header-display":"","ast-hfb-below-header-display":"","ast-hfb-mobile-header-display":"","site-post-title":"","ast-breadcrumbs-content":"","ast-featured-img":"","footer-sml-layout":"","ast-disable-related-posts":"","theme-transparent-header-meta":"","adv-header-id-meta":"","stick-header-meta":"","header-above-stick-meta":"","header-main-stick-meta":"","header-below-stick-meta":"","astra-migrate-meta-layouts":"default","ast-page-background-enabled":"default","ast-page-background-meta":{"desktop":{"background-color":"","background-image":"","background-repeat":"repeat","background-position":"center center","background-size":"auto","background-attachment":"scroll","background-type":"","background-media":"","overlay-type":"","overlay-color":"","overlay-opacity":"","overlay-gradient":""},"tablet":{"background-color":"","background-image":"","background-repeat":"repeat","background-position":"center center","background-size":"auto","background-attachment":"scroll","background-type":"","background-media":"","overlay-type":"","overlay-color":"","overlay-opacity":"","overlay-gradient":""},"mobile":{"background-color":"","background-image":"","background-repeat":"repeat","background-position":"center center","background-size":"auto","background-attachment":"scroll","background-type":"","background-media":"","overlay-type":"","overlay-color":"","overlay-opacity":"","overlay-gradient":""}},"ast-content-background-meta":{"desktop":{"background-color":"var(--ast-global-color-5)","background-image":"","background-repeat":"repeat","background-position":"center center","background-size":"auto","background-attachment":"scroll","background-type":"","background-media":"","overlay-type":"","overlay-color":"","overlay-opacity":"","overlay-gradient":""},"tablet":{"background-color":"var(--ast-global-color-5)","background-image":"","background-repeat":"repeat","background-position":"center center","background-size":"auto","background-attachment":"scroll","background-type":"","background-media":"","overlay-type":"","overlay-color":"","overlay-opacity":"","overlay-gradient":""},"mobile":{"background-color":"var(--ast-global-color-5)","background-image":"","background-repeat":"repeat","background-position":"center center","background-size":"auto","background-attachment":"scroll","background-type":"","background-media":"","overlay-type":"","overlay-color":"","overlay-opacity":"","overlay-gradient":""}},"footnotes":""},"class_list":["post-21074","page","type-page","status-publish","hentry"],"_links":{"self":[{"href":"https:\/\/www.qualitatis.es\/ca\/wp-json\/wp\/v2\/pages\/21074","targetHints":{"allow":["GET"]}}],"collection":[{"href":"https:\/\/www.qualitatis.es\/ca\/wp-json\/wp\/v2\/pages"}],"about":[{"href":"https:\/\/www.qualitatis.es\/ca\/wp-json\/wp\/v2\/types\/page"}],"author":[{"embeddable":true,"href":"https:\/\/www.qualitatis.es\/ca\/wp-json\/wp\/v2\/users\/2"}],"replies":[{"embeddable":true,"href":"https:\/\/www.qualitatis.es\/ca\/wp-json\/wp\/v2\/comments?post=21074"}],"version-history":[{"count":0,"href":"https:\/\/www.qualitatis.es\/ca\/wp-json\/wp\/v2\/pages\/21074\/revisions"}],"up":[{"embeddable":true,"href":"https:\/\/www.qualitatis.es\/ca\/wp-json\/wp\/v2\/pages\/21079"}],"wp:attachment":[{"href":"https:\/\/www.qualitatis.es\/ca\/wp-json\/wp\/v2\/media?parent=21074"}],"curies":[{"name":"wp","href":"https:\/\/api.w.org\/{rel}","templated":true}]}}