{"id":20937,"date":"2016-10-28T01:34:09","date_gmt":"2016-10-27T23:34:09","guid":{"rendered":"https:\/\/www.qualitatis.es\/?page_id=20937"},"modified":"2026-04-17T17:43:34","modified_gmt":"2026-04-17T15:43:34","slug":"sobre-nosotros","status":"publish","type":"page","link":"https:\/\/www.qualitatis.es\/ca\/sobre-nosotros\/","title":{"rendered":"Nosaltres"},"content":{"rendered":"\t\t<div data-elementor-type=\"wp-page\" data-elementor-id=\"20937\" class=\"elementor elementor-20937\" data-elementor-post-type=\"page\">\n\t\t\t\t\t\t<section class=\"elementor-section elementor-top-section elementor-element elementor-element-664f3c9 elementor-section-boxed elementor-section-height-default elementor-section-height-default\" data-id=\"664f3c9\" data-element_type=\"section\" data-e-type=\"section\">\n\t\t\t\t\t\t<div class=\"elementor-container elementor-column-gap-default\">\n\t\t\t\t\t<div class=\"elementor-column elementor-col-100 elementor-top-column elementor-element elementor-element-a839681\" data-id=\"a839681\" data-element_type=\"column\" data-e-type=\"column\">\n\t\t\t<div class=\"elementor-widget-wrap elementor-element-populated\">\n\t\t\t\t\t\t<div class=\"elementor-element elementor-element-197b0e3b elementor-widget elementor-widget-text-editor\" data-id=\"197b0e3b\" data-element_type=\"widget\" data-e-type=\"widget\" data-widget_type=\"text-editor.default\">\n\t\t\t\t\t\t\t\t\t\n<h1>Sobre nosaltres<\/h1>\n<h3>Coneix un poc m\u00e9s de Qualitatis Health.<\/h3>\n<h3>De vegades els somnis es complixen.<\/h3>\n<p>De vegades els somnis es compleixen. Aix\u00ed es podria definir aquest cam\u00ed. Qualitatis va n\u00e9ixer com un projecte personal des d&#8217;octubre de 2010. Els comen\u00e7aments es van realitzar sota la forma &#8220;aut\u00f2nom&#8221; a trav\u00e9s del seu CEO, Jos\u00e9 Sendra, des d&#8217;octubre de 2010.<\/p>\n<p>Al setembre de 2014, davant el llan\u00e7ament de la plataforma formativa web i el creixement del negoci es decideix transformar l&#8217;activitat que Jos\u00e9 Sendra estava duent a terme com a aut\u00f2nom en Qualitatis Health S.L.<\/p>\n<p>Des de llavors els reptes i les fites s&#8217;han succe\u00eft. Acompanyant a clients en el cam\u00ed cap a l&#8217;excel\u00b7l\u00e8ncia, implementant, assentant i superant les exig\u00e8ncies dels diferents sistemes de qualitat.<\/p>\n<p>Som una companyia xicoteta, que neix amb \u00e0nim de cr\u00e9ixer de la m\u00e0 dels seus clients. Destaquem per la nostra proximitat, ens adaptem a tot tipus d&#8217;empreses, oferim solucions de tot tipus, que podreu con\u00e8ixer millor a la <a href=\"https:\/\/www.qualitatis.es\/ca\/productes-i-serveis-de-qualitatis\/\" target=\"_blank\" rel=\"nofollow noopener noreferrer\">nostra p\u00e0gina de serveis.<\/a><\/p>\n<p><img decoding=\"async\" class=\"alignnone  wp-image-53825\" src=\"https:\/\/www.qualitatis.es\/wp-content\/uploads\/2023\/06\/originales.jpeg\" alt=\"\" width=\"244\" height=\"85\" srcset=\"https:\/\/www.qualitatis.es\/wp-content\/uploads\/2023\/06\/originales.jpeg 1024w, https:\/\/www.qualitatis.es\/wp-content\/uploads\/2023\/06\/originales-300x105.jpeg 300w, https:\/\/www.qualitatis.es\/wp-content\/uploads\/2023\/06\/originales-768x269.jpeg 768w, https:\/\/www.qualitatis.es\/wp-content\/uploads\/2023\/06\/originales-600x210.jpeg 600w\" sizes=\"(max-width: 244px) 100vw, 244px\" \/><\/p>\n<h3><a title=\"Formaci\u00f3\" href=\"https:\/\/www.qualitatis.es\/cursos-online-calidad-sanitaria\/\" target=\"_blank\" rel=\"noopener noreferrer\"> Formaci\u00f3 <\/a><\/h3>\n<p>La formaci\u00f3 sempre ha estat un dels pilars del nostre treball. Cobrint les necessitats de el sector amb diversos cursos.<\/p>\n<h3><a title=\"Consultor\u00eda\" href=\"https:\/\/www.qualitatis.es\/servicios-calidad\/consultoria-calidad-y-seguridad-alimentaria\/\" target=\"_blank\" rel=\"noopener noreferrer\"> Consultor\u00eda <\/a><\/h3>\n<p>Amb aquesta vocaci\u00f3 vam n\u00e9ixer. Amb la de ser acompanyament i consultora en mat\u00e8ria de seguretat aliment\u00e0ria.<\/p>\n<h3>Qualitat<\/h3>\n<p>Les Normes de Qualitat: ISO, IFS, FSSC, BRC, etc. s\u00f3n una porta cap al creixement en el sector alimentari. La nostra vocaci\u00f3 \u00e9s l&#8217;\u00e8xit dels nostres clients.<\/p>\n<h4>Som el que fem dia a dia. De manera que l&#8217;excel\u00b7l\u00e8ncia no \u00e9s un acte sin\u00f3 un h\u00e0bit.<\/h4>\n<h3>Arist\u00f2til<\/h3>\n<h3>El equipo:<\/h3>\n<p><img decoding=\"async\" title=\"rpt\" src=\"https:\/\/www.qualitatis.es\/wp-content\/uploads\/2019\/11\/IMG_20190323_232417-150x150.jpg\" alt=\"rpt\" width=\"150\" height=\"150\" \/><\/p>\n<h3>Jos\u00e9 Sendra<\/h3>\n<p>Fundador i CEO de Qualitatis. Doctor en farm\u00e0cia per la Universitat de Granada (UGR). \u00c9s auditor Intern de sistemes de gesti\u00f3 de la innocu\u00eftat aliment\u00e0ria segons la norma ISO 22000 per Bureau Veritas Formaci\u00f3. M\u00e0ster en atenci\u00f3 farmac\u00e8utica per la UGR i en M\u00e8todes Quantitatius i Anal\u00edtics per a la Medicina Basada en l&#8217;Evid\u00e8ncia per la UNED. Acreditat per IFS com a consultor IFS consultant.<\/p>\n<p>Pots con\u00e8ixer m\u00e9s sobre el seu perfil professional a <a href=\"http:\/\/www.linkedin.com\/profile\/view?id=19320424&amp;trk=tab_pro\" target=\"_blank\" rel=\"noopener noreferrer\">LinkedIn i<\/a> en\u00a0 el seu <a href=\"http:\/\/www.josetesendra.com\/sobre-mi\/\" target=\"_blank\" rel=\"noopener\">blog personal<\/a>.<\/p>\n<p><img decoding=\"async\" title=\"curriculum vitae - letra DIN\" src=\"https:\/\/www.qualitatis.es\/wp-content\/uploads\/2019\/11\/Blanca-150x150.jpg\" alt=\"curriculum vitae - letra DIN\" width=\"150\" height=\"150\" \/><\/p>\n<h3>Blanca Sendra<\/h3>\n<p>Blanca \u00e9s arquitecta per l&#8217;Escola T\u00e8cnica Superior d&#8217;Arquitectura de la Universitat Polit\u00e8cnica de Val\u00e8ncia i Postgrau March | Expert en Arquitectura per la Universitat Europea de Val\u00e8ncia. \u00c9s auditora interna de sistemes ISO 22000 i tamb\u00e9 va realitzar el &#8220;Curs de Compet\u00e8ncies Tecnol\u00f2giques per Community Managers&#8221; de la UNED.<\/p>\n<p>Pots con\u00e8ixer m\u00e9s sobre el seu perfil professional a\u00a0 <a href=\"https:\/\/es.linkedin.com\/in\/blancasendra\" target=\"_blank\" rel=\"nofollow noopener noreferrer\">LinkedIn <\/a>o en el seu <a href=\"http:\/\/www.bsarquitectura.es\/\" target=\"_blank\" rel=\"noopener noreferrer\">web professional.<\/a><\/p>\n<p>40<\/p>\n<h5>HORES SEMANALS D&#8217;ATENCI\u00d3 AL P\u00daBLIC<\/h5>\n<p>921<\/p>\n<h5>ALUMNOS FORMADOS ONLINE<\/h5>\n<p>9<\/p>\n<h5>ANYS TREBALLANT AMB ELS NOSTRES CLIENTS<\/h5>\n<p>88,089<\/p>\n<h5>VISITES A LA NOSTRA WEB<\/h5>\n<h2>Tot el que necessites per triomfar en el sector alimentari \u00e9s aqu\u00ed.<\/h2>\n<p><a role=\"button\" href=\"https:\/\/www.qualitatis.es\/servicios-calidad-sanitaria\/\" target=\"_self\" rel=\"noopener noreferrer\"> CONEIX M\u00c9S SOBRE ELS NOSTRES PRODUCTES I SERVEIS. <\/a><\/p>\n\t\t\t\t\t\t\t\t<\/div>\n\t\t\t\t\t<\/div>\n\t\t<\/div>\n\t\t\t\t\t<\/div>\n\t\t<\/section>\n\t\t\t\t<\/div>\n\t\t","protected":false},"excerpt":{"rendered":"<p>Sobre nosaltres Coneix un poc m\u00e9s de Qualitatis Health. De vegades els somnis es complixen. De vegades els somnis es compleixen. Aix\u00ed es podria definir aquest cam\u00ed. Qualitatis va n\u00e9ixer com un projecte personal des d&#8217;octubre de 2010. Els comen\u00e7aments [&hellip;]<\/p>\n","protected":false},"author":2,"featured_media":0,"parent":0,"menu_order":0,"comment_status":"closed","ping_status":"closed","template":"","meta":{"site-sidebar-layout":"default","site-content-layout":"","ast-site-content-layout":"default","site-content-style":"default","site-sidebar-style":"default","ast-global-header-display":"","ast-banner-title-visibility":"","ast-main-header-display":"","ast-hfb-above-header-display":"","ast-hfb-below-header-display":"","ast-hfb-mobile-header-display":"","site-post-title":"disabled","ast-breadcrumbs-content":"","ast-featured-img":"","footer-sml-layout":"","ast-disable-related-posts":"","theme-transparent-header-meta":"","adv-header-id-meta":"","stick-header-meta":"","header-above-stick-meta":"","header-main-stick-meta":"","header-below-stick-meta":"","astra-migrate-meta-layouts":"set","ast-page-background-enabled":"default","ast-page-background-meta":{"desktop":{"background-color":"","background-image":"","background-repeat":"repeat","background-position":"center center","background-size":"auto","background-attachment":"scroll","background-type":"","background-media":"","overlay-type":"","overlay-color":"","overlay-opacity":"","overlay-gradient":""},"tablet":{"background-color":"","background-image":"","background-repeat":"repeat","background-position":"center center","background-size":"auto","background-attachment":"scroll","background-type":"","background-media":"","overlay-type":"","overlay-color":"","overlay-opacity":"","overlay-gradient":""},"mobile":{"background-color":"","background-image":"","background-repeat":"repeat","background-position":"center center","background-size":"auto","background-attachment":"scroll","background-type":"","background-media":"","overlay-type":"","overlay-color":"","overlay-opacity":"","overlay-gradient":""}},"ast-content-background-meta":{"desktop":{"background-color":"var(--ast-global-color-5)","background-image":"","background-repeat":"repeat","background-position":"center center","background-size":"auto","background-attachment":"scroll","background-type":"","background-media":"","overlay-type":"","overlay-color":"","overlay-opacity":"","overlay-gradient":""},"tablet":{"background-color":"var(--ast-global-color-5)","background-image":"","background-repeat":"repeat","background-position":"center center","background-size":"auto","background-attachment":"scroll","background-type":"","background-media":"","overlay-type":"","overlay-color":"","overlay-opacity":"","overlay-gradient":""},"mobile":{"background-color":"var(--ast-global-color-5)","background-image":"","background-repeat":"repeat","background-position":"center center","background-size":"auto","background-attachment":"scroll","background-type":"","background-media":"","overlay-type":"","overlay-color":"","overlay-opacity":"","overlay-gradient":""}},"footnotes":""},"class_list":["post-20937","page","type-page","status-publish","hentry"],"_links":{"self":[{"href":"https:\/\/www.qualitatis.es\/ca\/wp-json\/wp\/v2\/pages\/20937","targetHints":{"allow":["GET"]}}],"collection":[{"href":"https:\/\/www.qualitatis.es\/ca\/wp-json\/wp\/v2\/pages"}],"about":[{"href":"https:\/\/www.qualitatis.es\/ca\/wp-json\/wp\/v2\/types\/page"}],"author":[{"embeddable":true,"href":"https:\/\/www.qualitatis.es\/ca\/wp-json\/wp\/v2\/users\/2"}],"replies":[{"embeddable":true,"href":"https:\/\/www.qualitatis.es\/ca\/wp-json\/wp\/v2\/comments?post=20937"}],"version-history":[{"count":0,"href":"https:\/\/www.qualitatis.es\/ca\/wp-json\/wp\/v2\/pages\/20937\/revisions"}],"wp:attachment":[{"href":"https:\/\/www.qualitatis.es\/ca\/wp-json\/wp\/v2\/media?parent=20937"}],"curies":[{"name":"wp","href":"https:\/\/api.w.org\/{rel}","templated":true}]}}