{"id":20890,"date":"2020-07-07T13:22:44","date_gmt":"2020-07-07T11:22:44","guid":{"rendered":"https:\/\/www.qualitatis.es\/?page_id=20890"},"modified":"2026-04-20T15:19:14","modified_gmt":"2026-04-20T13:19:14","slug":"avis-legal","status":"publish","type":"page","link":"https:\/\/www.qualitatis.es\/ca\/avis-legal\/","title":{"rendered":"Av\u00eds Legal"},"content":{"rendered":"<p>Est\u00e0s en un espai comprom\u00e8s amb els drets dels seus usuaris i per aquesta ra\u00f3, tindr\u00e0s la m\u00e0xima transpar\u00e8ncia i rigor sobre tot el que necessites saber sobre aquesta web.<\/p>\n<p>Aquest web compleix rigorosament amb la Llei Org\u00e0nica 3\/2018, de el 5 de desembre, de Protecci\u00f3 de Dades Personals i garantia dels drets digitals (LOPDGDD). Compleix tamb\u00e9 amb el Reglament (UE) 2016\/679 de el Parlament Europeu i de Consell de el 27 d&#8217;abril de 2016 relatiu a la protecci\u00f3 de les persones f\u00edsiques (RGPD), aix\u00ed com amb la Llei 34\/2002, de l&#8217;11 de juliol, de serveis de la Societat de la Informaci\u00f3 i Comer\u00e7 Electr\u00f2nic (LSSICE o LSSI).<\/p>\n<p>Els serveis i \/ o productes estan disponibles nom\u00e9s per a les persones jur\u00eddiques i les persones que tinguin 16 anys.<\/p>\n<h2>Identificador de l&#8217;responsable del web<\/h2>\n<p>Denominaci\u00f3 social: Qualitatis Health, S.L.<\/p>\n<p>CIF \/ NIF: B54805999<\/p>\n<p>Correu electr\u00f2nic: qualitatis@qualitatis.es<\/p>\n<p>Domicili social: C \/ Pur\u00edssima 4. 03780 Pego, Alacant.<\/p>\n<p>La seva activitat social \u00e9s: Formaci\u00f3, assessorament.<\/p>\n<p>Nro. De registre mercantil: Inscrita en el Registre Mercantil d&#8217;Alacant. Tom 3798, foli 18, inscripci\u00f3 1 amb full A-141.364.<\/p>\n<h2>Et preocupen les teves dades personals?<\/h2>\n<p>Llegeix la <a href=\"https:\/\/www.qualitatis.es\/ca\/politica-de-privacidad\/\">Pol\u00edtica de Privacitat.<\/a><\/p>\n<h2>Compromisos i obligacions dels usuaris.<\/h2>\n<p>L&#8217;usuari queda informat, i accepta, que l&#8217;acc\u00e9s a la present web no suposa, de cap manera, l&#8217;inici d&#8217;una relaci\u00f3 comercial amb Qualitatis. D&#8217;aquesta manera, l&#8217;usuari es compromet a utilitzar el lloc web, els seus serveis i continguts sense contravenir la legislaci\u00f3 vigent, la bona fe i l&#8217;ordre p\u00fablic.<br \/>\nQueda prohibit l&#8217;\u00fas del web, amb fins il\u00b7l\u00edcits o lesius, o que, de qualsevol forma, puguin causar perjudici o impedir el normal funcionament de la p\u00e0gina web. Respecte dels continguts d&#8217;aquesta web, es prohibeix:<br \/>\n\u25cf La seva reproducci\u00f3, distribuci\u00f3 o modificaci\u00f3, total o parcial, llevat que es compti amb la meva autoritzaci\u00f3 com a leg\u00edtim titular;<br \/>\n\u25cf Qualsevol vulneraci\u00f3 dels drets del prestador o de mi com a leg\u00edtim titular;<br \/>\n\u25cf La seva utilitzaci\u00f3 per a fins comercials o publicitaris.<\/p>\n<p>En la utilitzaci\u00f3 del web www.qualitatis.es l&#8217;usuari es compromet a no dur a terme cap conducta que pogu\u00e9s danyar la imatge, els interessos i els drets de Qualitatis o de tercers, o que pogu\u00e9s danyar, inutilitzar o sobrecarregar el portal <a href=\"https:\/\/www.qualitatis.es\/ca\/\">www.qualitatis.es<\/a>, o que imped\u00eds, de qualsevol forma, la normal utilitzaci\u00f3 del web.<\/p>\n<p>No obstant, l&#8217;usuari ha de ser conscient que les mesures de seguretat dels sistemes inform\u00e0tics a Internet no s\u00f3n enterament fiables i que, per tant, www.qualitatis.es no pot garantir la inexist\u00e8ncia de malware o altres elements que puguin produir alteracions en els sistemes inform\u00e0tics (programari i maquinari) de l&#8217;usuari, o en els seus documents electr\u00f2nics i fitxers continguts en els mateixos, tot i que poso tots els mitjans necessaris i les mesures de seguretat oportunes per evitar la pres\u00e8ncia d&#8217;aquests elements nocius.<\/p>\n<h2>\nMesures de seguretat<\/h2>\n<p>Les dades personals comunicades per l&#8217;usuari a Qualitatis poden ser emmagatzemats en bases de dades automatitzades o no, la titularitat correspon en exclusiva a Qualitatis Health, SL, que assumeix totes les mesures de car\u00e0cter t\u00e8cnic, organitzatiu i de seguretat que garanteixen la confidencialitat, integritat i qualitat de la informaci\u00f3 continguda en les mateixes d&#8217;acord amb el que estableix la normativa vigent en protecci\u00f3 de dades.<br \/>\nLa comunicaci\u00f3 entre els usuaris i <a href=\"https:\/\/www.qualitatis.es\/ca\/\">www.qualitatis.es<\/a> utilitza un canal segur, i les dades transmeses s\u00f3n xifrades gr\u00e0cies a protocols https, per tant, garanteixo les millors condicions de seguretat perqu\u00e8 la confidencialitat dels usuaris estigui garantida.<br \/>\nPlataforma de resoluci\u00f3 de conflictes<br \/>\nPoso tamb\u00e9 a disposici\u00f3 dels usuaris la plataforma de resoluci\u00f3 de litigis que facilita la Comissi\u00f3 Europea i que es troba disponible en el seg\u00fcent enlla\u00e7: http:\/\/ec.europa.eu\/consumers\/odr\/.<\/p>\n<p>&nbsp;<\/p>\n<h2>Exclusi\u00f3 de garanties i responsabilitat.<\/h2>\n<p>Qualitatis Health no atorga cap garantia, ni es fa responsable, en cap cas, dels danys i perjudicis de qualsevol naturalesa per causa de:<br \/>\n\u25cf La manca de disponibilitat, manteniment i efectiu funcionament del web, o dels seus serveis i continguts.<br \/>\n\u25cf L&#8217;exist\u00e8ncia de malware, programes maliciosos o lesius en els continguts.<br \/>\n\u25cf L&#8217;\u00fas il\u00b7l\u00edcit, negligent, fraudulent o contrari a aquest Av\u00eds Legal.<br \/>\n\u25cf La falta de licitud, qualitat, fiabilitat, utilitat i disponibilitat dels serveis prestats per tercers i posats a disposici\u00f3 dels usuaris al lloc web.<br \/>\n\u25cf L&#8217;\u00fas il\u00b7legal o indegut de la present p\u00e0gina web.<\/p>\n<h2>\nLlei aplicable i jurisdicci\u00f3.<\/h2>\n<p>Amb car\u00e0cter general, les relacions entre Qualitatis Health i els usuaris dels serveis telem\u00e0tics presents en aquesta web es troben sotmeses a la legislaci\u00f3 i jurisdicci\u00f3 espanyoles i als tribunals de Val\u00e8ncia.<br \/>\nEn cas que qualsevol usuari tingu\u00e9s algun dubte sobre aquestes Condicions legals o de qualsevol altre comentari sobre el portal www.qualitatis.es per Visiteu la qualitatis [arroba] qualitatis.es<br \/>\nL&#8217;av\u00eds legal ha estat actualitzat per darrera vegada el 7 de juliol de 2020.<\/p>\n","protected":false},"excerpt":{"rendered":"<p>Est\u00e0s en un espai comprom\u00e8s amb els drets dels seus usuaris i per aquesta ra\u00f3, tindr\u00e0s la m\u00e0xima transpar\u00e8ncia i rigor sobre tot el que necessites saber sobre aquesta web. Aquest web compleix rigorosament amb la Llei Org\u00e0nica 3\/2018, de [&hellip;]<\/p>\n","protected":false},"author":2,"featured_media":0,"parent":0,"menu_order":0,"comment_status":"closed","ping_status":"closed","template":"","meta":{"site-sidebar-layout":"default","site-content-layout":"","ast-site-content-layout":"default","site-content-style":"default","site-sidebar-style":"default","ast-global-header-display":"","ast-banner-title-visibility":"","ast-main-header-display":"","ast-hfb-above-header-display":"","ast-hfb-below-header-display":"","ast-hfb-mobile-header-display":"","site-post-title":"","ast-breadcrumbs-content":"","ast-featured-img":"","footer-sml-layout":"","ast-disable-related-posts":"","theme-transparent-header-meta":"","adv-header-id-meta":"","stick-header-meta":"","header-above-stick-meta":"","header-main-stick-meta":"","header-below-stick-meta":"","astra-migrate-meta-layouts":"set","ast-page-background-enabled":"default","ast-page-background-meta":{"desktop":{"background-color":"","background-image":"","background-repeat":"repeat","background-position":"center center","background-size":"auto","background-attachment":"scroll","background-type":"","background-media":"","overlay-type":"","overlay-color":"","overlay-opacity":"","overlay-gradient":""},"tablet":{"background-color":"","background-image":"","background-repeat":"repeat","background-position":"center center","background-size":"auto","background-attachment":"scroll","background-type":"","background-media":"","overlay-type":"","overlay-color":"","overlay-opacity":"","overlay-gradient":""},"mobile":{"background-color":"","background-image":"","background-repeat":"repeat","background-position":"center center","background-size":"auto","background-attachment":"scroll","background-type":"","background-media":"","overlay-type":"","overlay-color":"","overlay-opacity":"","overlay-gradient":""}},"ast-content-background-meta":{"desktop":{"background-color":"var(--ast-global-color-5)","background-image":"","background-repeat":"repeat","background-position":"center center","background-size":"auto","background-attachment":"scroll","background-type":"","background-media":"","overlay-type":"","overlay-color":"","overlay-opacity":"","overlay-gradient":""},"tablet":{"background-color":"var(--ast-global-color-5)","background-image":"","background-repeat":"repeat","background-position":"center center","background-size":"auto","background-attachment":"scroll","background-type":"","background-media":"","overlay-type":"","overlay-color":"","overlay-opacity":"","overlay-gradient":""},"mobile":{"background-color":"var(--ast-global-color-5)","background-image":"","background-repeat":"repeat","background-position":"center center","background-size":"auto","background-attachment":"scroll","background-type":"","background-media":"","overlay-type":"","overlay-color":"","overlay-opacity":"","overlay-gradient":""}},"footnotes":""},"class_list":["post-20890","page","type-page","status-publish","hentry"],"_links":{"self":[{"href":"https:\/\/www.qualitatis.es\/ca\/wp-json\/wp\/v2\/pages\/20890","targetHints":{"allow":["GET"]}}],"collection":[{"href":"https:\/\/www.qualitatis.es\/ca\/wp-json\/wp\/v2\/pages"}],"about":[{"href":"https:\/\/www.qualitatis.es\/ca\/wp-json\/wp\/v2\/types\/page"}],"author":[{"embeddable":true,"href":"https:\/\/www.qualitatis.es\/ca\/wp-json\/wp\/v2\/users\/2"}],"replies":[{"embeddable":true,"href":"https:\/\/www.qualitatis.es\/ca\/wp-json\/wp\/v2\/comments?post=20890"}],"version-history":[{"count":0,"href":"https:\/\/www.qualitatis.es\/ca\/wp-json\/wp\/v2\/pages\/20890\/revisions"}],"wp:attachment":[{"href":"https:\/\/www.qualitatis.es\/ca\/wp-json\/wp\/v2\/media?parent=20890"}],"curies":[{"name":"wp","href":"https:\/\/api.w.org\/{rel}","templated":true}]}}