{"id":20539,"date":"2018-06-04T08:22:46","date_gmt":"2018-06-04T06:22:46","guid":{"rendered":"https:\/\/www.qualitatis.es\/servicios-calidad\/etiquetado-de-alimentos-e-informacion-nutricional\/"},"modified":"2023-03-17T18:09:54","modified_gmt":"2023-03-17T17:09:54","slug":"etiquetado-de-alimentos-e-informacion-nutricional","status":"publish","type":"page","link":"https:\/\/www.qualitatis.es\/ca\/productes-i-serveis-de-qualitatis\/etiquetado-de-alimentos-e-informacion-nutricional\/","title":{"rendered":"Etiquetatge d&#8217;aliments i informaci\u00f3 nutricional."},"content":{"rendered":"<h2>\n\t\tEtiquetatge d&#8217;aliments i informaci\u00f3 nutricional.\n\t<\/h2>\n\t<p>Des de l&#8217;entrada en vigor del <a title=\"Link: http:\/\/eur-lex.europa.eu\/LexUriServ\/LexUriServ.do?uri=OJ:L:2011:304:0018:0063:es:PDF\" href=\"http:\/\/eur-lex.europa.eu\/LexUriServ\/LexUriServ.do?uri=OJ:L:2011:304:0018:0063:es:PDF\" target=\"_blank\" rel=\"nofollow noopener noreferrer\">Reglament UE n\u00ba1169\/2011<\/a> les exig\u00e8ncies <strong>d&#8217;etiquetatge<\/strong> per a tots els aliments i mat\u00e8ries primeres produ\u00efts o envasats a la Uni\u00f3 Europea s\u00f3n m\u00e9s estrictes. A<em><a href=\"https:\/\/www.qualitatis.es\/contacto\/\" target=\"_blank\" rel=\"nofollow noopener noreferrer\">Qualitatis Health<\/a><\/em> li prestem tot l&#8217;assessorament que necessiti per adaptar les seves etiquetes i complir amb la legislaci\u00f3 vigent en mat\u00e8ria d&#8217;etiquetatge. El nostre assessorament \u00e9s integral, incloent totes les novetats sobre requisits de el nou reglament:<\/p>\n<p><strong>Informaci\u00f3 nutricional.<\/strong> Obtingui el millor assessorament per documentar la informaci\u00f3 nutricional de tots els seus productes.<\/p>\n<p><strong>Informaci\u00f3 sobre al\u00b7l\u00e8rgens.<\/strong> La seguretat dels seus consumidors \u00e9s el primer. \u00c9s per aix\u00f2 que el Reglament augmenta les exig\u00e8ncies sobre l&#8217;etiquetatge de productes<\/p>\n<p><strong>Llegibilitat i disseny de l&#8217;etiquetatge.<\/strong> En <em><a title=\"Link: https:\/\/www.qualitatis.es\" href=\"https:\/\/www.qualitatis.es\/contacto\/\" target=\"_blank\" rel=\"nofollow noopener noreferrer\">Qualitatis Health<\/a><\/em> creiem que la imatge i el disseny s\u00f3n molt importants. \u00c9s per aix\u00f2 comptem amb un excel\u00b7lent equip de <strong>dissenyadors gr\u00e0fics<\/strong> que pot ajudar a dissenyar o a millorar la imatge del seu etiquetatge. Aix\u00ed no nom\u00e9s complir\u00e0 amb la normativa vigent, sin\u00f3 que donar\u00e0 al seu producte una imatge atractiva per a tots els seus consumidors.<\/p>\n<p><strong>Pa\u00eds d&#8217;origen.<\/strong> Segons els productes amb els que treballi s&#8217;introdueix l&#8217;obligatorietat d&#8217;indicar el pa\u00eds d&#8217;origen dels aliments.<\/p>\n<p><strong>Mencions addicionals obligat\u00f2ries.<\/strong> Li prestem assessorament sobre les possibles mencions a incloure en l&#8217;etiquetatge.<\/p>\n<p>A m\u00e9s, l&#8217;ajudem a adaptar els seus men\u00fas i cartes a la nova normativa. Estudiant els seus plats i oferint-formaci\u00f3 i assessorament espec\u00edfic a vost\u00e8 i als seus treballadors. Estem segurs de poder ajudar-los perqu\u00e8 s\u00e0piguen en tot moment com actuar donant el millor servei als seus clients i oferint la informaci\u00f3 m\u00e9s detallada possible sobre al\u00b7l\u00e8rgens.<\/p>\n\t\t\t\t<img fetchpriority=\"high\" decoding=\"async\" src=\"https:\/\/www.qualitatis.es\/wp-content\/uploads\/2018\/06\/etiquetado_alimentario-870x1024.jpg\" alt=\"etiquetado_alimentario\" itemprop=\"image\" height=\"1024\" width=\"870\" title=\"etiquetado_alimentario\" onerror=\"this.style.display='none'\"  \/>\n","protected":false},"excerpt":{"rendered":"","protected":false},"author":2,"featured_media":0,"parent":21659,"menu_order":0,"comment_status":"closed","ping_status":"closed","template":"","meta":{"site-sidebar-layout":"default","site-content-layout":"","ast-site-content-layout":"default","site-content-style":"default","site-sidebar-style":"default","ast-global-header-display":"","ast-banner-title-visibility":"","ast-main-header-display":"","ast-hfb-above-header-display":"","ast-hfb-below-header-display":"","ast-hfb-mobile-header-display":"","site-post-title":"","ast-breadcrumbs-content":"","ast-featured-img":"","footer-sml-layout":"","ast-disable-related-posts":"","theme-transparent-header-meta":"","adv-header-id-meta":"","stick-header-meta":"","header-above-stick-meta":"","header-main-stick-meta":"","header-below-stick-meta":"","astra-migrate-meta-layouts":"default","ast-page-background-enabled":"default","ast-page-background-meta":{"desktop":{"background-color":"","background-image":"","background-repeat":"repeat","background-position":"center center","background-size":"auto","background-attachment":"scroll","background-type":"","background-media":"","overlay-type":"","overlay-color":"","overlay-opacity":"","overlay-gradient":""},"tablet":{"background-color":"","background-image":"","background-repeat":"repeat","background-position":"center center","background-size":"auto","background-attachment":"scroll","background-type":"","background-media":"","overlay-type":"","overlay-color":"","overlay-opacity":"","overlay-gradient":""},"mobile":{"background-color":"","background-image":"","background-repeat":"repeat","background-position":"center center","background-size":"auto","background-attachment":"scroll","background-type":"","background-media":"","overlay-type":"","overlay-color":"","overlay-opacity":"","overlay-gradient":""}},"ast-content-background-meta":{"desktop":{"background-color":"var(--ast-global-color-5)","background-image":"","background-repeat":"repeat","background-position":"center center","background-size":"auto","background-attachment":"scroll","background-type":"","background-media":"","overlay-type":"","overlay-color":"","overlay-opacity":"","overlay-gradient":""},"tablet":{"background-color":"var(--ast-global-color-5)","background-image":"","background-repeat":"repeat","background-position":"center center","background-size":"auto","background-attachment":"scroll","background-type":"","background-media":"","overlay-type":"","overlay-color":"","overlay-opacity":"","overlay-gradient":""},"mobile":{"background-color":"var(--ast-global-color-5)","background-image":"","background-repeat":"repeat","background-position":"center center","background-size":"auto","background-attachment":"scroll","background-type":"","background-media":"","overlay-type":"","overlay-color":"","overlay-opacity":"","overlay-gradient":""}},"footnotes":""},"class_list":["post-20539","page","type-page","status-publish","hentry"],"_links":{"self":[{"href":"https:\/\/www.qualitatis.es\/ca\/wp-json\/wp\/v2\/pages\/20539","targetHints":{"allow":["GET"]}}],"collection":[{"href":"https:\/\/www.qualitatis.es\/ca\/wp-json\/wp\/v2\/pages"}],"about":[{"href":"https:\/\/www.qualitatis.es\/ca\/wp-json\/wp\/v2\/types\/page"}],"author":[{"embeddable":true,"href":"https:\/\/www.qualitatis.es\/ca\/wp-json\/wp\/v2\/users\/2"}],"replies":[{"embeddable":true,"href":"https:\/\/www.qualitatis.es\/ca\/wp-json\/wp\/v2\/comments?post=20539"}],"version-history":[{"count":0,"href":"https:\/\/www.qualitatis.es\/ca\/wp-json\/wp\/v2\/pages\/20539\/revisions"}],"up":[{"embeddable":true,"href":"https:\/\/www.qualitatis.es\/ca\/wp-json\/wp\/v2\/pages\/21659"}],"wp:attachment":[{"href":"https:\/\/www.qualitatis.es\/ca\/wp-json\/wp\/v2\/media?parent=20539"}],"curies":[{"name":"wp","href":"https:\/\/api.w.org\/{rel}","templated":true}]}}