{"id":20533,"date":"2018-06-04T08:40:53","date_gmt":"2018-06-04T06:40:53","guid":{"rendered":"https:\/\/www.qualitatis.es\/servicios-calidad\/asesoramiento-e-informacion-sobre-alergenos\/"},"modified":"2020-03-26T23:03:58","modified_gmt":"2020-03-26T22:03:58","slug":"asesoramiento-e-informacion-sobre-alergenos","status":"publish","type":"page","link":"https:\/\/www.qualitatis.es\/ca\/productes-i-serveis-de-qualitatis\/asesoramiento-e-informacion-sobre-alergenos\/","title":{"rendered":"Assessorament i informaci\u00f3 sobre al\u00b7l\u00e8rgens."},"content":{"rendered":"<h2>\n\t\tAssessorament i informaci\u00f3 sobre al\u00b7l\u00e8rgens.\n\t<\/h2>\n\t<p>El Reial Decret 126\/2015 estableix els requisits i les obligacions pel que fa a la informaci\u00f3 que s&#8217;ha d&#8217;oferir als consumidors sobre la possible pres\u00e8ncia d&#8217;al\u00b7l\u00e8rgens en els aliments. Aquest decret afecta tota empresa elaboradora o envasadora, bar, restaurant, local de copes, fleques, carnisseries, etc. que comercialitzi, elabori, serveixi o distribueixi aliments<\/p>\n<p>El Reial Decret no nom\u00e9s afecta la informaci\u00f3 que s&#8217;ofereix a l&#8217;respecte per escrit. A m\u00e9s, el seu personal ha de con\u00e8ixer tota aquesta informaci\u00f3 i informar i resoldre els dubtes que es plantegin als consumidors relatives als aliments<\/p>\n<p>En Qualitatis Health li assessorarem per oferir la millor informaci\u00f3 possible sobre al\u00b7l\u00e8rgens a trav\u00e9s de les seves cartes, fullets, o mitjans digitals. Tamb\u00e9 li oferim formaci\u00f3 espec\u00edfica per als seus treballadors. La formaci\u00f3 \u00e9s fonamental perqu\u00e8 el manipulador d&#8217;aliments s\u00e0piga orientar i informar el consumidor final per evitar aix\u00ed al\u00b7l\u00e8rgies i reaccions anafil\u00e0ctiques produ\u00efdes per aliments.<\/p>\n\t\t\t\t<img fetchpriority=\"high\" decoding=\"async\" src=\"https:\/\/www.qualitatis.es\/wp-content\/uploads\/2018\/06\/spices-541970_1280.jpg\" alt=\"spices-541970_1280\" itemprop=\"image\" height=\"853\" width=\"1280\" title=\"spices-541970_1280\" onerror=\"this.style.display='none'\"  \/>\n","protected":false},"excerpt":{"rendered":"","protected":false},"author":2,"featured_media":0,"parent":21659,"menu_order":0,"comment_status":"closed","ping_status":"closed","template":"page_beaver.php","meta":{"site-sidebar-layout":"default","site-content-layout":"","ast-site-content-layout":"default","site-content-style":"default","site-sidebar-style":"default","ast-global-header-display":"","ast-banner-title-visibility":"","ast-main-header-display":"","ast-hfb-above-header-display":"","ast-hfb-below-header-display":"","ast-hfb-mobile-header-display":"","site-post-title":"","ast-breadcrumbs-content":"","ast-featured-img":"","footer-sml-layout":"","ast-disable-related-posts":"","theme-transparent-header-meta":"","adv-header-id-meta":"","stick-header-meta":"","header-above-stick-meta":"","header-main-stick-meta":"","header-below-stick-meta":"","astra-migrate-meta-layouts":"default","ast-page-background-enabled":"default","ast-page-background-meta":{"desktop":{"background-color":"","background-image":"","background-repeat":"repeat","background-position":"center center","background-size":"auto","background-attachment":"scroll","background-type":"","background-media":"","overlay-type":"","overlay-color":"","overlay-opacity":"","overlay-gradient":""},"tablet":{"background-color":"","background-image":"","background-repeat":"repeat","background-position":"center center","background-size":"auto","background-attachment":"scroll","background-type":"","background-media":"","overlay-type":"","overlay-color":"","overlay-opacity":"","overlay-gradient":""},"mobile":{"background-color":"","background-image":"","background-repeat":"repeat","background-position":"center center","background-size":"auto","background-attachment":"scroll","background-type":"","background-media":"","overlay-type":"","overlay-color":"","overlay-opacity":"","overlay-gradient":""}},"ast-content-background-meta":{"desktop":{"background-color":"var(--ast-global-color-5)","background-image":"","background-repeat":"repeat","background-position":"center center","background-size":"auto","background-attachment":"scroll","background-type":"","background-media":"","overlay-type":"","overlay-color":"","overlay-opacity":"","overlay-gradient":""},"tablet":{"background-color":"var(--ast-global-color-5)","background-image":"","background-repeat":"repeat","background-position":"center center","background-size":"auto","background-attachment":"scroll","background-type":"","background-media":"","overlay-type":"","overlay-color":"","overlay-opacity":"","overlay-gradient":""},"mobile":{"background-color":"var(--ast-global-color-5)","background-image":"","background-repeat":"repeat","background-position":"center center","background-size":"auto","background-attachment":"scroll","background-type":"","background-media":"","overlay-type":"","overlay-color":"","overlay-opacity":"","overlay-gradient":""}},"footnotes":""},"class_list":["post-20533","page","type-page","status-publish","hentry"],"_links":{"self":[{"href":"https:\/\/www.qualitatis.es\/ca\/wp-json\/wp\/v2\/pages\/20533","targetHints":{"allow":["GET"]}}],"collection":[{"href":"https:\/\/www.qualitatis.es\/ca\/wp-json\/wp\/v2\/pages"}],"about":[{"href":"https:\/\/www.qualitatis.es\/ca\/wp-json\/wp\/v2\/types\/page"}],"author":[{"embeddable":true,"href":"https:\/\/www.qualitatis.es\/ca\/wp-json\/wp\/v2\/users\/2"}],"replies":[{"embeddable":true,"href":"https:\/\/www.qualitatis.es\/ca\/wp-json\/wp\/v2\/comments?post=20533"}],"version-history":[{"count":0,"href":"https:\/\/www.qualitatis.es\/ca\/wp-json\/wp\/v2\/pages\/20533\/revisions"}],"up":[{"embeddable":true,"href":"https:\/\/www.qualitatis.es\/ca\/wp-json\/wp\/v2\/pages\/21659"}],"wp:attachment":[{"href":"https:\/\/www.qualitatis.es\/ca\/wp-json\/wp\/v2\/media?parent=20533"}],"curies":[{"name":"wp","href":"https:\/\/api.w.org\/{rel}","templated":true}]}}