{"id":20361,"date":"2018-06-04T08:37:28","date_gmt":"2018-06-04T06:37:28","guid":{"rendered":"https:\/\/www.qualitatis.es\/requisitos-previos-de-higiene-y-trazabilidad\/"},"modified":"2021-01-11T23:33:53","modified_gmt":"2021-01-11T22:33:53","slug":"prerrequisists-requisits-previs-higiene-tracabilitat","status":"publish","type":"page","link":"https:\/\/www.qualitatis.es\/ca\/productes-i-serveis-de-qualitatis\/consultoria-qualitat-i-seguretat-alimentaria\/prerrequisists-requisits-previs-higiene-tracabilitat\/","title":{"rendered":"Prerrequisits o Requisits previs d&#8217;higiene i tra\u00e7abilitat."},"content":{"rendered":"\n\n\t\n<p>Si la seva empresa, per la seva activitat o per la seva grand\u00e0ria, no necessita <a href=\"https:\/\/www.qualitatis.es\/ca\/productes-i-serveis-de-qualitatis\/consultoria-qualitat-i-seguretat-alimentaria\/appcc-analisis-de-perills-i-punts-de-control-critic-haccp\/\">implantar el sistema APPCC<\/a> per\u00f2 s\u00ed s&#8217;emmarca dins el sistema de Requisits previs d&#8217;higiene i tra\u00e7abilitat (RPHT) des <a href=\"https:\/\/www.qualitatis.es\/\">Qualitatis <\/a>podem oferir-li la implantaci\u00f3, el manteniment, i la verificaci\u00f3 d&#8217;aquests plans.<\/p>\n<p>Els <b>Prerequisits o Requisits previs d&#8217;Higiene i tra\u00e7abilitat<\/b> s\u00f3n un conjunt de programes i activitats preventives b\u00e0siques a desenvolupar per les empreses aliment\u00e0ries per aconseguir que el concepte de seguretat aliment\u00e0ria sigui una realitat. El seu objectiu \u00e9s establir procediments operatius sobre aspectes b\u00e0sics de la higiene i sobre determinades activitats de l&#8217;empresa.\u00a0<\/p>\n\n<p>En <a href=\"https:\/\/www.qualitatis.es\/\">Qualitatis<\/a> som experts en preparar els diferents plans de requisits previs d&#8217;higiene i tra\u00e7abilitat:<\/p>\n\n\n\n\n\n\n\n<p>En Qualitatis podem oferir-li solucions perqu\u00e8 el pas previ a sistema APPCC sigui c\u00f2mode, adaptat a les seves tasques di\u00e0ries i, al seu torn, compleixi amb la legislaci\u00f3 vigent.<\/p>\n<p>&nbsp;<\/p>\n\t\t\t\t<img fetchpriority=\"high\" decoding=\"async\" src=\"https:\/\/www.qualitatis.es\/wp-content\/uploads\/2018\/06\/IMG_5429-1024x686.jpg\" alt=\"IMG_5429\" itemprop=\"image\" height=\"686\" width=\"1024\" title=\"IMG_5429\" onerror=\"this.style.display='none'\"  \/>\n\n","protected":false},"excerpt":{"rendered":"","protected":false},"author":2,"featured_media":0,"parent":20390,"menu_order":0,"comment_status":"closed","ping_status":"closed","template":"","meta":{"site-sidebar-layout":"default","site-content-layout":"","ast-site-content-layout":"default","site-content-style":"default","site-sidebar-style":"default","ast-global-header-display":"","ast-banner-title-visibility":"","ast-main-header-display":"","ast-hfb-above-header-display":"","ast-hfb-below-header-display":"","ast-hfb-mobile-header-display":"","site-post-title":"","ast-breadcrumbs-content":"","ast-featured-img":"","footer-sml-layout":"","ast-disable-related-posts":"","theme-transparent-header-meta":"","adv-header-id-meta":"","stick-header-meta":"","header-above-stick-meta":"","header-main-stick-meta":"","header-below-stick-meta":"","astra-migrate-meta-layouts":"default","ast-page-background-enabled":"default","ast-page-background-meta":{"desktop":{"background-color":"","background-image":"","background-repeat":"repeat","background-position":"center center","background-size":"auto","background-attachment":"scroll","background-type":"","background-media":"","overlay-type":"","overlay-color":"","overlay-opacity":"","overlay-gradient":""},"tablet":{"background-color":"","background-image":"","background-repeat":"repeat","background-position":"center center","background-size":"auto","background-attachment":"scroll","background-type":"","background-media":"","overlay-type":"","overlay-color":"","overlay-opacity":"","overlay-gradient":""},"mobile":{"background-color":"","background-image":"","background-repeat":"repeat","background-position":"center center","background-size":"auto","background-attachment":"scroll","background-type":"","background-media":"","overlay-type":"","overlay-color":"","overlay-opacity":"","overlay-gradient":""}},"ast-content-background-meta":{"desktop":{"background-color":"var(--ast-global-color-5)","background-image":"","background-repeat":"repeat","background-position":"center center","background-size":"auto","background-attachment":"scroll","background-type":"","background-media":"","overlay-type":"","overlay-color":"","overlay-opacity":"","overlay-gradient":""},"tablet":{"background-color":"var(--ast-global-color-5)","background-image":"","background-repeat":"repeat","background-position":"center center","background-size":"auto","background-attachment":"scroll","background-type":"","background-media":"","overlay-type":"","overlay-color":"","overlay-opacity":"","overlay-gradient":""},"mobile":{"background-color":"var(--ast-global-color-5)","background-image":"","background-repeat":"repeat","background-position":"center center","background-size":"auto","background-attachment":"scroll","background-type":"","background-media":"","overlay-type":"","overlay-color":"","overlay-opacity":"","overlay-gradient":""}},"footnotes":""},"class_list":["post-20361","page","type-page","status-publish","hentry"],"_links":{"self":[{"href":"https:\/\/www.qualitatis.es\/ca\/wp-json\/wp\/v2\/pages\/20361","targetHints":{"allow":["GET"]}}],"collection":[{"href":"https:\/\/www.qualitatis.es\/ca\/wp-json\/wp\/v2\/pages"}],"about":[{"href":"https:\/\/www.qualitatis.es\/ca\/wp-json\/wp\/v2\/types\/page"}],"author":[{"embeddable":true,"href":"https:\/\/www.qualitatis.es\/ca\/wp-json\/wp\/v2\/users\/2"}],"replies":[{"embeddable":true,"href":"https:\/\/www.qualitatis.es\/ca\/wp-json\/wp\/v2\/comments?post=20361"}],"version-history":[{"count":0,"href":"https:\/\/www.qualitatis.es\/ca\/wp-json\/wp\/v2\/pages\/20361\/revisions"}],"up":[{"embeddable":true,"href":"https:\/\/www.qualitatis.es\/ca\/wp-json\/wp\/v2\/pages\/20390"}],"wp:attachment":[{"href":"https:\/\/www.qualitatis.es\/ca\/wp-json\/wp\/v2\/media?parent=20361"}],"curies":[{"name":"wp","href":"https:\/\/api.w.org\/{rel}","templated":true}]}}