{"id":20350,"date":"2018-06-03T20:11:21","date_gmt":"2018-06-03T18:11:21","guid":{"rendered":"https:\/\/www.qualitatis.es\/consultoria-brc\/"},"modified":"2025-02-27T11:55:04","modified_gmt":"2025-02-27T10:55:04","slug":"consultoria-brc","status":"publish","type":"page","link":"https:\/\/www.qualitatis.es\/ca\/productes-i-serveis-de-qualitatis\/consultoria-qualitat-i-seguretat-alimentaria\/consultoria-brc\/","title":{"rendered":"Consultoria BRC"},"content":{"rendered":"\n<h1>Consultoria BRC.<\/h1>\n\t<p>Qualitatis Health \u00e9s una consultora especialitzada en <a href=\"https:\/\/www.qualitatis.es\/servicios-calidad\/consultoria-calidad-y-seguridad-alimentaria\/\">qualitat i seguretat aliment\u00e0ria.<\/a> Dins dels est\u00e0ndards de qualitat per a les empreses aliment\u00e0ries, o agroaliment\u00e0ries l&#8217;est\u00e0ndard IFS (sigles d&#8217;International Featured Standards) \u00e9s una garantia de qualitat de les m\u00e9s importants a nivell mundial juntament amb BRC. En Qualitatis Health comptem amb membres acreditats oficialment com IFS Consultants per IFS Academy i amb experi\u00e8ncia de 10 anys en el m\u00f3n de la Consultoria en qualitat i seguretat aliment\u00e0ria. Per aix\u00f2, si vol implantar o ja t\u00e9 implantat IFS a la seva empresa, compti amb nosaltres com Consultoria IFS de qualitat.<\/p>\n<h2>BRC, qu\u00e8 \u00e9s i per a qu\u00e8 serveix.<\/h2>\n<p>BRC s\u00f3n un conjunt de normes de seguretat i qualitat aliment\u00e0ria creades per l&#8217;Associaci\u00f3 de Detallistes Brit\u00e0nics o <i>British Retail Consortium<\/i> (BRC), que uneix les associacions comercials principals al <a href=\"https:\/\/es.wikipedia.org\/wiki\/Reino_Unido\" target=\"_blank\" rel=\"noopener\">Regne Unit.<\/a>Est\u00e0 formada per comerciants <a href=\"https:\/\/es.wikipedia.org\/wiki\/Minorista\" target=\"_blank\" rel=\"noopener\">al detall<\/a> que posseeixen petits comer\u00e7os, fins a grans cadenes comercials especialitzades i supermercats. Representa el 90 per cent dels comer\u00e7os minoristes al Regne Unit aproximadament. El prestigi i la garantia d&#8217;aquesta norma ha provocat que la seva acceptaci\u00f3 i \u00fas s&#8217;hagi est\u00e8s a molts pa\u00efsos anglosaxons i tamb\u00e9 de fora d&#8217;aquest \u00e0mbit i avui una garantia de qualitat i suposa l&#8217;obertura d&#8217;infinitat d&#8217;oportunitats de mercat.<\/p>\n<p>Entre els objectius de BRC estan:<\/p>\n<ul>\n<li>Assegurar el compliment de les obligacions legals sigui quin sigui el pa\u00eds en el qual s&#8217;operi.<\/li>\n<li>Protegir el consumidor oferint-li un producte innocu i de qualitat.<\/li>\n<li>Proveir d&#8217;una base comuna per a les avaluacions i auditories a prove\u00efdors sigui quina sigui la regi\u00f3 de l&#8217;empresa.<\/li>\n<li>Disminuci\u00f3 de costos de producci\u00f3.<\/li>\n<li>Reduir la inflaci\u00f3 dels preus dels aliments.<\/li>\n<\/ul>\n<h2>Avantatges d&#8217;implantar BRC a la meva empresa aliment\u00e0ria:&nbsp;<\/h2>\n<p>Al parlar de BRC no estem parlant d&#8217;una norma de qualitat m\u00e9s, sin\u00f3 d&#8217;una porta a noves oportunitats. Molts s\u00f3n els avantatges, per\u00f2 amb una certificaci\u00f3 de seguretat aliment\u00e0ria reconeguda per GFSI, la seva organitzaci\u00f3 pot accedir a aquelles parts de mercat que nom\u00e9s estan disponibles per a aquells que estan certificats. Cada vegada m\u00e9s fabricants i minoristes estan protegint la seguretat dels seus productes i la reputaci\u00f3 de la marca al exigir als prove\u00efdors que aconsegueixin i mantinguin una d&#8217;aquestes certificacions.<\/p>\n<p>Les oportunitats per a les empreses certificades s&#8217;estan expandint, mentre que les de les empreses que no estan certificades estan disminuint. A l&#8217;aconseguir la certificaci\u00f3, tamb\u00e9 protegeix el seu producte, clients i marca. Un cop hagueu implementat i segueixi el sistema segons els requisits de l&#8217;est\u00e0ndard que tri\u00ef, seguir\u00e0 les millors pr\u00e0ctiques per a la gesti\u00f3 de la seguretat aliment\u00e0ria.<\/p>\n<h2>Normes BRC:<\/h2>\n<h3>Norma Mundial de seguretat aliment\u00e0ria BRC<\/h3>\n<p>Aquest est\u00e0ndard especifica la seguretat, la qualitat i els criteris operatius dels aliments requerits per a organitzacions dedicades a la fabricaci\u00f3 d&#8217;aliments. La norma no s&#8217;aplica a productes alimentaris que no se sotmetin a processos en la instal\u00b7laci\u00f3 auditada ni a activitats relacionades amb la venda majorista, la importaci\u00f3, la distribuci\u00f3 o l&#8217;emmagatzematge fora de el control directe de la companyia. Aquesta norma est\u00e0 reconeguda per la Iniciativa Mundial de Seguretat Aliment\u00e0ria (GFSI).<\/p>\n<h3>BRC Storage and Distribution. Norma Mundial d&#8217;Emmagatzematge i Distribuci\u00f3 BRC.&nbsp;<\/h3>\n<p>Aquesta norma s&#8217;aplica a companyies dedicades a l&#8217;emmagatzematge, venda majorista o distribuci\u00f3 de productes alimentaris o no alimentaris i est\u00e0 tamb\u00e9 reconeguda per la GFSI.<\/p>\n<h3>BRC Packaging and packaging materials. Norma mundial d&#8217;envasos i materials d&#8217;envasat BRC.<\/h3>\n<p>Est\u00e0 dirigida als fabricants d&#8217;envasos i de materials d&#8217;envasat utilitzats per a les operacions d&#8217;envasat i omplert d&#8217;aliments aix\u00ed com de cosm\u00e8tics, articles d&#8217;higiene personal i altres materials i productes de consum. Aquesta norma est\u00e0 reconeguda per la GFSI.<\/p>\n<h3>BRC Agents and Brokers. Norma Mundial per Agents i Intermediaris BRC.&nbsp;<\/h3>\n<p>Est\u00e0 dirigida a empreses de la cadena de subministrament d&#8217;aliments i \/ o envasos per a aliments que presten serveis de compra, importaci\u00f3 o distribuci\u00f3 de productes. Entre aquestes companyies es troben distribu\u00efdors, intermediaris, importadors i exportadors.<\/p>\n<p>Aquest est\u00e0ndard es refereix a aquells casos en qu\u00e8 la teva empresa exerceixi com broker. Aix\u00ed de senzill. Si exerceixes com a agent comercial, importador o broker, i t\u00e9 implantades, o vols tenir les mesures apropiades en els seus processos per tal de transmetre als teus prove\u00efdors la confian\u00e7a adequada els requisits de seguretat aliment\u00e0ria, aquesta \u00e9s la teva norma. Cal supervisar el compliment d&#8217;aquests requisits, de manera que els productes subministrats compleixin tant els requeriments legals com les especificacions contractuals i superar la certificaci\u00f3. \u00c9s en el mercat dels Broker on es fa especialment rellevant la confian\u00e7a dels operadors amb els quals treballa.<\/p>\n<h2>Consultoria IFS: com treballem.<\/h2>\n<p>Si alguna cosa poden dir els nostres clients de nosaltres, i no ens amaguem, \u00e9s serietat i comprom\u00eds. Ens involucrem en un proc\u00e9s d&#8217;acompanyament que ha de culminar amb l&#8217;obtenci\u00f3 del certificat, per\u00f2 que passa per aconseguir que tota l&#8217;organitzaci\u00f3 treballi a l&#8217;un\u00edson i amb un objectiu clar i marcat: arribar a una manera de treballar segura i organitzada al voltant de la norma pertinent BRC.<\/p>\n<p>Encara que \u00e9s molt dif\u00edcil de concretar, si hagu\u00e9ssim de resumir el nostre modus operandi en 10 passos ho far\u00edem aix\u00ed:<\/p>\n<ol>\n<li>Reuni\u00f3 inicial i presa de contacte. Designaci\u00f3 de cap d&#8217;equip.<\/li>\n<li>Visita a instal\u00b7lacions.<\/li>\n<li>Preparaci\u00f3 \/ adaptaci\u00f3 de documentaci\u00f3.<\/li>\n<li>Presentaci\u00f3 de la documentaci\u00f3, explicaci\u00f3 i disseny d&#8217;implantaci\u00f3.<\/li>\n<li>Primers passos de la implantaci\u00f3 in situ. Reunions puntuals per seccions \/ departaments.<\/li>\n<li>Fase d&#8217;implantaci\u00f3.<\/li>\n<li>Verificaci\u00f3 de registres. Auditoria interna.<\/li>\n<li>Preparaci\u00f3 auditoria de certificaci\u00f3.<\/li>\n<li>Acompanyament en l&#8217;auditoria de certificaci\u00f3.<\/li>\n<li>Esmena de No conformitats i gesti\u00f3 de les mateixes.<\/li>\n<\/ol>\n<h3>Zones en qu\u00e8 treballem com a consultors BRC<\/h3>\n<p>En Qualitatis Health treballem com a consultoria, gestoria i assessoria aliment\u00e0ria per implantar, mantenir i actualitzar BRC. Ajudem a auditar i certificar (certificaci\u00f3 i acreditaci\u00f3) a la seva empresa en l&#8217;est\u00e0ndard BRC que m\u00e9s s&#8217;adeq\u00fci a la seva activitat.<\/p>\n<p>Si vols saber en quines zones treballem, per proximitat com a consultors i auditors de normes BCR certificables, ho fem en Consultor a Val\u00e8ncia, Castell\u00f3, Alacant, Albacete, M\u00farcia, Terol i Balears. Per a la resta del territori de l&#8217;Estat espanyol posa&#8217;t en contacte amb nosaltres.<\/p>\n<h3>Quant de temps pot trigar meva empresa a obtenir la certificaci\u00f3 BRC.&nbsp;<\/h3>\n<p>La resposta, com en tantes altres coses, \u00e9s &#8220;dep\u00e8n&#8221;. No totes les empreses tenen el mateix nivell d&#8217;implantaci\u00f3 d&#8217;altres normes, o gestionen a un nivell elevat el seu APPCC, de manera que els temps poden variar entre setmanes i un any. Sobretot, tenint en compte que en molts casos es requereixen millores estructurals que per la seva escomesa impliquen alterar la cadena de producci\u00f3.<\/p>\n<h3>Qu\u00e8 necessita la meva empresa per certificar-se en BRC?<\/h3>\n<ul>\n<li>Comprom\u00eds de gesti\u00f3 Programes de prerequisits.<\/li>\n<li>APPCC<\/li>\n<li>Manual de seguretat i qualitat aliment\u00e0ria<\/li>\n<li>Control de documents<\/li>\n<li>Registres<\/li>\n<li>Auditories internes<\/li>\n<li>Aprovaci\u00f3 del prove\u00efdor<\/li>\n<li>Especificacions<\/li>\n<li>Accions correctives<\/li>\n<li>Control de producte no conforme<\/li>\n<li>Tra\u00e7abilitat<\/li>\n<li>Tramitaci\u00f3 de les reclamacions<\/li>\n<li>Gesti\u00f3 d&#8217;incidents<\/li>\n<li>Est\u00e0ndards de el lloc<\/li>\n<li>Disseny i desenvolupament de producte<\/li>\n<li>Maneig de Al\u00b7l\u00e8rgens<\/li>\n<li>Proced\u00e8ncia, estat assegurat i identitat preservada<\/li>\n<li>embalatge de materials<\/li>\n<li>Inspecci\u00f3 i prova de productes<\/li>\n<li>Llan\u00e7ament del producte<\/li>\n<li>Control d&#8217;operacions<\/li>\n<li>Calibratge i control de dispositius de mesurament i monitoratge<\/li>\n<li>Formaci\u00f3<\/li>\n<li>Higiene personal<\/li>\n<li>Ex\u00e0mens m\u00e8dics<\/li>\n<li>Roba protectora<\/li>\n<\/ul>\n<p>&nbsp;<\/p>\n\t\t\t\t<img decoding=\"async\" src=\"https:\/\/www.qualitatis.es\/wp-content\/uploads\/2020\/02\/Sin-t\u00edtulo.png\" alt=\"BRC\" itemprop=\"image\" height=\"107\" width=\"209\" title=\"Sin t\u00edtulo\" onerror=\"this.style.display='none'\">\n\t\t\t\t<img fetchpriority=\"high\" decoding=\"async\" src=\"https:\/\/www.qualitatis.es\/wp-content\/uploads\/2020\/02\/Normas-BRC.png\" alt=\"Consultor\u00eda BRC\" itemprop=\"image\" height=\"282\" width=\"926\" title=\"Normas-BRC\" onerror=\"this.style.display='none'\">\n\t\t<h3>Vols con\u00e9ixer m\u00e9s sobre BRC?<\/h3>\n\t\t<p>Contacta amb nosaltres i demana gratis un pressupost!<\/p>\n\t\t\t<a href=\"https:\/\/www.qualitatis.es\/contacto\/\" target=\"_blank\" role=\"button\" rel=\"noopener nofollow noreferrer\">\n\t\t\t\t\t\tCilck ac\u00ed per contactar amb nosaltres!\n\t\t\t\t\t<\/a>\n","protected":false},"excerpt":{"rendered":"","protected":false},"author":2,"featured_media":19293,"parent":20390,"menu_order":0,"comment_status":"closed","ping_status":"closed","template":"","meta":{"site-sidebar-layout":"default","site-content-layout":"","ast-site-content-layout":"default","site-content-style":"default","site-sidebar-style":"default","ast-global-header-display":"","ast-banner-title-visibility":"","ast-main-header-display":"","ast-hfb-above-header-display":"","ast-hfb-below-header-display":"","ast-hfb-mobile-header-display":"","site-post-title":"disabled","ast-breadcrumbs-content":"","ast-featured-img":"","footer-sml-layout":"","ast-disable-related-posts":"","theme-transparent-header-meta":"","adv-header-id-meta":"","stick-header-meta":"","header-above-stick-meta":"","header-main-stick-meta":"","header-below-stick-meta":"","astra-migrate-meta-layouts":"default","ast-page-background-enabled":"default","ast-page-background-meta":{"desktop":{"background-color":"","background-image":"","background-repeat":"repeat","background-position":"center center","background-size":"auto","background-attachment":"scroll","background-type":"","background-media":"","overlay-type":"","overlay-color":"","overlay-opacity":"","overlay-gradient":""},"tablet":{"background-color":"","background-image":"","background-repeat":"repeat","background-position":"center center","background-size":"auto","background-attachment":"scroll","background-type":"","background-media":"","overlay-type":"","overlay-color":"","overlay-opacity":"","overlay-gradient":""},"mobile":{"background-color":"","background-image":"","background-repeat":"repeat","background-position":"center center","background-size":"auto","background-attachment":"scroll","background-type":"","background-media":"","overlay-type":"","overlay-color":"","overlay-opacity":"","overlay-gradient":""}},"ast-content-background-meta":{"desktop":{"background-color":"var(--ast-global-color-5)","background-image":"","background-repeat":"repeat","background-position":"center center","background-size":"auto","background-attachment":"scroll","background-type":"","background-media":"","overlay-type":"","overlay-color":"","overlay-opacity":"","overlay-gradient":""},"tablet":{"background-color":"var(--ast-global-color-5)","background-image":"","background-repeat":"repeat","background-position":"center center","background-size":"auto","background-attachment":"scroll","background-type":"","background-media":"","overlay-type":"","overlay-color":"","overlay-opacity":"","overlay-gradient":""},"mobile":{"background-color":"var(--ast-global-color-5)","background-image":"","background-repeat":"repeat","background-position":"center center","background-size":"auto","background-attachment":"scroll","background-type":"","background-media":"","overlay-type":"","overlay-color":"","overlay-opacity":"","overlay-gradient":""}},"footnotes":""},"class_list":["post-20350","page","type-page","status-publish","has-post-thumbnail","hentry"],"_links":{"self":[{"href":"https:\/\/www.qualitatis.es\/ca\/wp-json\/wp\/v2\/pages\/20350","targetHints":{"allow":["GET"]}}],"collection":[{"href":"https:\/\/www.qualitatis.es\/ca\/wp-json\/wp\/v2\/pages"}],"about":[{"href":"https:\/\/www.qualitatis.es\/ca\/wp-json\/wp\/v2\/types\/page"}],"author":[{"embeddable":true,"href":"https:\/\/www.qualitatis.es\/ca\/wp-json\/wp\/v2\/users\/2"}],"replies":[{"embeddable":true,"href":"https:\/\/www.qualitatis.es\/ca\/wp-json\/wp\/v2\/comments?post=20350"}],"version-history":[{"count":0,"href":"https:\/\/www.qualitatis.es\/ca\/wp-json\/wp\/v2\/pages\/20350\/revisions"}],"up":[{"embeddable":true,"href":"https:\/\/www.qualitatis.es\/ca\/wp-json\/wp\/v2\/pages\/20390"}],"wp:featuredmedia":[{"embeddable":true,"href":"https:\/\/www.qualitatis.es\/ca\/wp-json\/wp\/v2\/media\/19293"}],"wp:attachment":[{"href":"https:\/\/www.qualitatis.es\/ca\/wp-json\/wp\/v2\/media?parent=20350"}],"curies":[{"name":"wp","href":"https:\/\/api.w.org\/{rel}","templated":true}]}}