{"id":20282,"date":"2018-06-03T20:11:21","date_gmt":"2018-06-03T18:11:21","guid":{"rendered":"https:\/\/www.qualitatis.es\/?page_id=20282"},"modified":"2025-02-27T11:55:04","modified_gmt":"2025-02-27T10:55:04","slug":"consultoria-ifs","status":"publish","type":"page","link":"https:\/\/www.qualitatis.es\/ca\/productes-i-serveis-de-qualitatis\/consultoria-qualitat-i-seguretat-alimentaria\/consultoria-ifs\/","title":{"rendered":"Consultoria IFS"},"content":{"rendered":"\t\t<div data-elementor-type=\"wp-page\" data-elementor-id=\"20282\" class=\"elementor elementor-20282 elementor-20281\" data-elementor-post-type=\"page\">\n\t\t\t\t\t\t<section class=\"elementor-section elementor-top-section elementor-element elementor-element-d0ca92a elementor-section-boxed elementor-section-height-default elementor-section-height-default\" data-id=\"d0ca92a\" data-element_type=\"section\" data-e-type=\"section\">\n\t\t\t\t\t\t<div class=\"elementor-container elementor-column-gap-default\">\n\t\t\t\t\t<div class=\"elementor-column elementor-col-100 elementor-top-column elementor-element elementor-element-228461fd\" data-id=\"228461fd\" data-element_type=\"column\" data-e-type=\"column\">\n\t\t\t<div class=\"elementor-widget-wrap elementor-element-populated\">\n\t\t\t\t\t\t<div class=\"elementor-element elementor-element-b6a113a elementor-widget elementor-widget-text-editor\" data-id=\"b6a113a\" data-element_type=\"widget\" data-e-type=\"widget\" data-widget_type=\"text-editor.default\">\n\t\t\t\t\t\t\t\t\t\n<h1>Consultoria IFS.<\/h1>\n<p>En Qualitatis Health som una consultora especialitzada en <a href=\"https:\/\/www.qualitatis.es\/servicios-calidad\/consultoria-calidad-y-seguridad-alimentaria\/\">qualitat i seguretat aliment\u00e0ria.<\/a> Dins dels est\u00e0ndards de qualitat per a les empreses aliment\u00e0ries, o agroaliment\u00e0ries l&#8217;est\u00e0ndard IFS (sigles d&#8217;International Featured Standards) \u00e9s una garantia de qualitat de les m\u00e9s importants a nivell mundial juntament amb BRC. En Qualitatis Health comptem amb membres acreditats oficialment com <a href=\"https:\/\/www.ifs-certification.com\/index.php\/es\/consultants\" target=\"_blank\" rel=\"noopener\">IFS Consultants <\/a>per IFS Academy i amb experi\u00e8ncia de 10 anys en el m\u00f3n de la Consultoria en qualitat i seguretat aliment\u00e0ria. Per aix\u00f2, si vol implantar o ja t\u00e9 implantat IFS a la seva empresa, compti amb nosaltres com Consultoria IFS de qualitat.<\/p>\n<h2>IFS, qu\u00e8 \u00e9s i per a qu\u00e8 serveix.<\/h2>\n<p>A la nostra entrada del bloc ja vam presentar la informaci\u00f3 m\u00e9s completa per con\u00e8ixer-ho tot sobre els est\u00e0ndards IFS. IFS \u00e9s avui una garantia de qualitat i suposa l&#8217;obertura d&#8217;infinitat d&#8217;oportunitats de mercat.<\/p>\n<h2>Avantatges d&#8217;implantar IFS a la meva empresa aliment\u00e0ria:<\/h2>\n<p>Al parlar de IFS no estem parlant d&#8217;una norma de qualitat m\u00e9s, sin\u00f3 d&#8217;una porta a noves oportunitats. Aquestes s\u00f3n les principals avantatges:<\/p>\n<ul>\n<li>L&#8217;obertura de nous mercats: molts clients nom\u00e9s treballen amb empreses certificades amb la Norma IFS. Aix\u00f2 \u00e9s aix\u00ed tant per a clients del propi pa\u00eds com per a clients internacionals. I \u00e9s la clau per a la gran distribuci\u00f3.<\/li>\n<li>Oferir l&#8217;excel\u00b7l\u00e8ncia en la qualitat dels seus productes alimentaris i serveis.<\/li>\n<li>La implantaci\u00f3 IFS Food oferir seguretat i satisfacci\u00f3 als seus clients.<\/li>\n<li>IFS ofereix la garantia de millora cont\u00ednua de les empreses en la recerca d&#8217;un avantatge competitiu respecte als seus competidors.<\/li>\n<li>L&#8217;auditoria interna IFS ofereix la tranquil\u00b7litat de verificar que estan actualitzats, complint en cada moment m\u00e9s enll\u00e0 de la normativa aliment\u00e0ria vigent i actual tant a nivell nacional com internacional.<\/li>\n<li>IFS \u00e9s f\u00e0cilment integrable amb altres sistemes de gesti\u00f3 de la qualitat i la innocu\u00eftat aliment\u00e0ria BRC, FSSC ISO 22000, APPCC, etc.<\/li>\n<\/ul>\n<h2>Normes IFS:<\/h2>\n<h3>IFS Food<\/h3>\n<p>IFS Food \u00e9s una norma creada per a la ind\u00fastria aliment\u00e0ria. \u00c9s aplicable a les empreses fabricants o envasadores de productes alimentaris. Per aix\u00f2, IFS Food nom\u00e9s s&#8217;aplica quan es processa un producte o quan hi ha un perill de contaminaci\u00f3 d&#8217;un producte durant el proc\u00e9s d&#8217;envasament primari.\u00a0<\/p>\n<p>Si l&#8217;empresa no arriba a estar dedicada a aquests menesters, sino que es dedica tan sols a tasques d&#8217;emmagatzematge, distribuci\u00f3 o transport aquest no seria la certificaci\u00f3 IFS m\u00e9s adequada<\/p>\n<h3>IFS Broker.<\/h3>\n<p>Aquest est\u00e0ndard es refereix a aquells casos en qu\u00e8 la teva empresa exerceixi com broker. Aix\u00ed de senzill. Si exerceixes com a agent comercial, importador o broker, i t\u00e9 implantades, o vols tenir les mesures apropiades en els seus processos per tal de transmetre als teus prove\u00efdors la confian\u00e7a adequada els requisits de seguretat aliment\u00e0ria, aquesta \u00e9s la teva norma. Cal supervisar el compliment d&#8217;aquests requisits, de manera que els productes subministrats compleixin tant els requeriments legals com les especificacions contractuals i superar la certificaci\u00f3. \u00c9s en el mercat dels Broker on es fa especialment rellevant la confian\u00e7a dels operadors amb els quals treballa.<\/p>\n<h3>IFS Logistic.<\/h3>\n<p>Per companyies que nom\u00e9s realitzin transport, emmagatzematge i distribuci\u00f3 s&#8217;ha desenvolupat la norma IFS Logistic, m\u00e9s enfocada en aquestes activitats. IFS Logistics \u00e9s un est\u00e0ndard per auditar totes les activitats de log\u00edstica per a productes alimentaris i no alimentaris, com ara els esmentats del transport, emmagatzematge, distribuci\u00f3, c\u00e0rrega i desc\u00e0rrega, etc<\/p>\n<p>\u00a0<\/p>\n<p>No nom\u00e9s s&#8217;aplica a transport i log\u00edstica terrestre. IFS Logistic engloba tot tipus d&#8217;activitats, des del lliurament per carretera, ferrocarril o vaixell, de productes congelats \/ refrigerats o productes sense refrigeraci\u00f3.<\/p>\n<p>\u00a0<\/p>\n<h3>IFS Cash &amp; Carry Wholesale.<\/h3>\n<p>IFS Cash &amp; Carry Wholesale \u00e9s molt semblant a IFS Food tenint en compte els requisits m\u00e9s espec\u00edfics i les particularitats dels mercats &#8220;Cash &amp; Carry&#8221;. Aplica a el comer\u00e7 a l&#8217;engr\u00f2s i cobreix totes les activitats de manipulaci\u00f3 de productes a granel i sense envasar en mercats Cash &amp; Carry o empreses majoristes. S&#8217;inclou tamb\u00e9 el processament de petites quantitats de producte.<\/p>\n<p>\u00a0<\/p>\n<h3>IFS HPC.<\/h3>\n<p>IFS HPC \u00e9s una norma per auditar la qualitat i la seguretat de productes \/ processos dels fabricants de productes de neteja d&#8217;\u00fas dom\u00e8stic i productes de la cura personal. Compr\u00e8n a 4 tipus de productes:<\/p>\n<ul>\n<li>Cosm\u00e8tics (com maquillatge, locions, xamp\u00fas, cremes, etc.)<\/li>\n<li>Productes de neteja d&#8217;\u00fas dom\u00e8stic (com detergents, suavitzants, agents de neteja en general, espelmes arom\u00e0tiques, etc.)<\/li>\n<li>Productes dom\u00e8stics d&#8217;\u00fas diari (guants, paper de cuinar, pals de fregar, paper d&#8217;alumini, etc.)<\/li>\n<li>Productes de la higiene personal (tampons, pinces de depilar, esponges de bany, bolquers, etc.).<\/li>\n<\/ul>\n<p>Aquesta norma busca assegurar que els fabricants d&#8217;aquests articles siguin capa\u00e7os de lliurar a l&#8217;mercat productes de qualitat, segurs i que compleixen amb les especificacions. Complir amb les expectatives dels client t&#8217;ajudar\u00e0 a incrementar la confian\u00e7a amb aquest.<\/p>\n<p>\u00a0<\/p>\n<h3>IFS PACsecure.\u00a0<\/h3>\n<p>La norma PACsecure &#8211; a partir d&#8217;ara norma IFS PACsecure &#8211; va ser desenvolupada per l&#8217;Associaci\u00f3 d&#8217;Envasos a Canad\u00e0 (PAC) en conjunt amb l&#8217;Ag\u00e8ncia Canadenca d&#8217;Inspecci\u00f3 d&#8217;Aliments i ind\u00fastries representatives.<\/p>\n<p>\u00a0<\/p>\n<p>IFS PACsecure \u00e9s una norma que certifica la seguretat i qualitat dels materials d&#8217;envasat i \u00e9s aplicable als fabricants de tots tipus d&#8217;envasos, primaris i secundaris.\u00a0<\/p>\n<p><strong>Abast<\/strong><\/p>\n<p>La norma va ser desenvolupada per fabricants dels seg\u00fcents materials:<\/p>\n<ul>\n<li>Env\u00e0s flexible<\/li>\n<li>Pl\u00e0stic r\u00edgid<\/li>\n<li>Paper<\/li>\n<li>Metall<\/li>\n<li>Vidre<\/li>\n<li>Altres materials naturals<\/li>\n<li>Objectius<\/li>\n<\/ul>\n<p>\u00a0<\/p>\n<p><strong>Beneficis<\/strong><\/p>\n<p>Com totes les normes IFS, IFS PACsecure anima les companyies a desenvolupar les seves pr\u00f2pies solucions basades en el risc per complir amb els requisits . Certificar-se sota IFS PACsecure ofereix nombrosos beneficis a les companyies que busquen l&#8217;excel\u00b7l\u00e8ncia en la qualitat, seguretat i satisfacci\u00f3 de client, i la recerca d&#8217;un avantatge competitiu en el seu mercat<\/p>\n<p>\u00a0<\/p>\n<h2>Consultoria IFS: com treballem.<\/h2>\n<p>Si alguna cosa poden dir els nostres clients de nosaltres, i no ens amaguem, \u00e9s serietat i comprom\u00eds. Ens involucrem en un proc\u00e9s d&#8217;acompanyament que ha de culminar amb l&#8217;obtenci\u00f3 del certificat, per\u00f2 que passa per aconseguir que tota l&#8217;organitzaci\u00f3 treballi a l&#8217;un\u00edson i amb un objectiu clar i marcat: arribar a una manera de treballar segura i organitzada al voltant de la doctrina marcada per IFS.<\/p>\n<p>Encara que \u00e9s molt dif\u00edcil de concretar, si hagu\u00e9ssim de resumir el nostre modus operandi en 10 passos ho far\u00edem aix\u00ed:<\/p>\n<ol>\n<li>Reuni\u00f3 inicial i presa de contacte. Designaci\u00f3 de cap d&#8217;equip.<\/li>\n<li>Visita a instal\u00b7lacions.<\/li>\n<li>Preparaci\u00f3 \/ adaptaci\u00f3 de documentaci\u00f3.<\/li>\n<li>Presentaci\u00f3 de la documentaci\u00f3, explicaci\u00f3 i disseny d&#8217;implantaci\u00f3.<\/li>\n<li>Primers passos de la implantaci\u00f3 in situ. Reunions puntuals per seccions \/ departaments.<\/li>\n<li>Fase d&#8217;implantaci\u00f3.<\/li>\n<li>Verificaci\u00f3 de registres. Auditoria interna.<\/li>\n<li>Preparaci\u00f3 auditoria de certificaci\u00f3.<\/li>\n<li>Acompanyament en l&#8217;auditoria de certificaci\u00f3.<\/li>\n<li>Esmena de No conformitats i gesti\u00f3 de les mateixes.<\/li>\n<\/ol>\n<h3>Zones en qu\u00e8 treballem com a consultors IFS.<\/h3>\n<p>En Qualitatis Health treballem com a consultoria, gestoria i assessoria aliment\u00e0ria per implantar, mantenir i actualitzar IFS Food versi\u00f3 4, v5, v6, v7, V8. Ajudem a auditar i certificar (certificaci\u00f3 i acreditaci\u00f3) a la seva empresa en l&#8217;est\u00e0ndard IFS que m\u00e9s s&#8217;adeq\u00fci a la seva activitat.<\/p>\n<p>Si vols saber en quines zones treballem, per proximitat com consultors i auditors de normes IFS certificables, ho fem en Consultor a Val\u00e8ncia, Castell\u00f3, Alacant, Albacete, M\u00farcia, Terol i Balears. Per a la resta del territori de l&#8217;Estat espanyol posa&#8217;t en contacte amb nosaltres.<\/p>\n<h3>Quant de temps pot trigar meva empresa a obtenir la certificaci\u00f3 IFS.<\/h3>\n<p>La resposta, com en tantes altres coses, \u00e9s &#8220;dep\u00e8n&#8221;. No totes les empreses tenen el mateix nivell d&#8217;implantaci\u00f3 d&#8217;altres normes, o gestionen a un nivell elevat el seu APPCC, de manera que els temps poden variar entre setmanes i un any. Sobretot, tenint en compte que en molts casos es requereixen millores estructurals que per la seva escomesa impliquen alterar la cadena de producci\u00f3.<\/p>\n<p><img fetchpriority=\"high\" decoding=\"async\" class=\"alignnone size-full wp-image-53830\" src=\"https:\/\/www.qualitatis.es\/wp-content\/uploads\/2023\/06\/Normas-IFS.jpg\" alt=\"\" width=\"736\" height=\"423\" srcset=\"https:\/\/www.qualitatis.es\/wp-content\/uploads\/2023\/06\/Normas-IFS.jpg 736w, https:\/\/www.qualitatis.es\/wp-content\/uploads\/2023\/06\/Normas-IFS-300x172.jpg 300w, https:\/\/www.qualitatis.es\/wp-content\/uploads\/2023\/06\/Normas-IFS-600x345.jpg 600w\" sizes=\"(max-width: 736px) 100vw, 736px\" \/><\/p>\n<p><img decoding=\"async\" title=\"Consultor\u00eda general web\" src=\"https:\/\/www.qualitatis.es\/wp-content\/uploads\/2019\/04\/Consultor\u00eda-general-web.jpg\" alt=\"Consultor\u00eda Calidad Alimentaria.\" width=\"4000\" height=\"6000\" \/><\/p>\n<h3>Vols saber m\u00e9s sobre el nostre serei de consultoria IFS?<\/h3>\n<p>Contacta amb nosaltres<\/p>\n<p><a role=\"button\" href=\"https:\/\/www.qualitatis.es\/ca\/contacte-2\/\" target=\"_blank\" rel=\"noopener nofollow noreferrer\"> Fes click ac\u00ed o ompli el formular de baix. <\/a><\/p>\n\t\t\t\t\t\t\t\t<\/div>\n\t\t\t\t\t<\/div>\n\t\t<\/div>\n\t\t\t\t\t<\/div>\n\t\t<\/section>\n\t\t\t\t<\/div>\n\t\t","protected":false},"excerpt":{"rendered":"<p>Consultoria IFS. En Qualitatis Health som una consultora especialitzada en qualitat i seguretat aliment\u00e0ria. Dins dels est\u00e0ndards de qualitat per a les empreses aliment\u00e0ries, o agroaliment\u00e0ries l&#8217;est\u00e0ndard IFS (sigles d&#8217;International Featured Standards) \u00e9s una garantia de qualitat de les m\u00e9s [&hellip;]<\/p>\n","protected":false},"author":2,"featured_media":19293,"parent":20390,"menu_order":0,"comment_status":"closed","ping_status":"closed","template":"","meta":{"site-sidebar-layout":"default","site-content-layout":"","ast-site-content-layout":"default","site-content-style":"default","site-sidebar-style":"default","ast-global-header-display":"","ast-banner-title-visibility":"","ast-main-header-display":"","ast-hfb-above-header-display":"","ast-hfb-below-header-display":"","ast-hfb-mobile-header-display":"","site-post-title":"disabled","ast-breadcrumbs-content":"","ast-featured-img":"","footer-sml-layout":"","ast-disable-related-posts":"","theme-transparent-header-meta":"","adv-header-id-meta":"","stick-header-meta":"","header-above-stick-meta":"","header-main-stick-meta":"","header-below-stick-meta":"","astra-migrate-meta-layouts":"default","ast-page-background-enabled":"default","ast-page-background-meta":{"desktop":{"background-color":"","background-image":"","background-repeat":"repeat","background-position":"center center","background-size":"auto","background-attachment":"scroll","background-type":"","background-media":"","overlay-type":"","overlay-color":"","overlay-opacity":"","overlay-gradient":""},"tablet":{"background-color":"","background-image":"","background-repeat":"repeat","background-position":"center center","background-size":"auto","background-attachment":"scroll","background-type":"","background-media":"","overlay-type":"","overlay-color":"","overlay-opacity":"","overlay-gradient":""},"mobile":{"background-color":"","background-image":"","background-repeat":"repeat","background-position":"center center","background-size":"auto","background-attachment":"scroll","background-type":"","background-media":"","overlay-type":"","overlay-color":"","overlay-opacity":"","overlay-gradient":""}},"ast-content-background-meta":{"desktop":{"background-color":"var(--ast-global-color-5)","background-image":"","background-repeat":"repeat","background-position":"center center","background-size":"auto","background-attachment":"scroll","background-type":"","background-media":"","overlay-type":"","overlay-color":"","overlay-opacity":"","overlay-gradient":""},"tablet":{"background-color":"var(--ast-global-color-5)","background-image":"","background-repeat":"repeat","background-position":"center center","background-size":"auto","background-attachment":"scroll","background-type":"","background-media":"","overlay-type":"","overlay-color":"","overlay-opacity":"","overlay-gradient":""},"mobile":{"background-color":"var(--ast-global-color-5)","background-image":"","background-repeat":"repeat","background-position":"center center","background-size":"auto","background-attachment":"scroll","background-type":"","background-media":"","overlay-type":"","overlay-color":"","overlay-opacity":"","overlay-gradient":""}},"footnotes":""},"class_list":["post-20282","page","type-page","status-publish","has-post-thumbnail","hentry"],"_links":{"self":[{"href":"https:\/\/www.qualitatis.es\/ca\/wp-json\/wp\/v2\/pages\/20282","targetHints":{"allow":["GET"]}}],"collection":[{"href":"https:\/\/www.qualitatis.es\/ca\/wp-json\/wp\/v2\/pages"}],"about":[{"href":"https:\/\/www.qualitatis.es\/ca\/wp-json\/wp\/v2\/types\/page"}],"author":[{"embeddable":true,"href":"https:\/\/www.qualitatis.es\/ca\/wp-json\/wp\/v2\/users\/2"}],"replies":[{"embeddable":true,"href":"https:\/\/www.qualitatis.es\/ca\/wp-json\/wp\/v2\/comments?post=20282"}],"version-history":[{"count":0,"href":"https:\/\/www.qualitatis.es\/ca\/wp-json\/wp\/v2\/pages\/20282\/revisions"}],"up":[{"embeddable":true,"href":"https:\/\/www.qualitatis.es\/ca\/wp-json\/wp\/v2\/pages\/20390"}],"wp:featuredmedia":[{"embeddable":true,"href":"https:\/\/www.qualitatis.es\/ca\/wp-json\/wp\/v2\/media\/19293"}],"wp:attachment":[{"href":"https:\/\/www.qualitatis.es\/ca\/wp-json\/wp\/v2\/media?parent=20282"}],"curies":[{"name":"wp","href":"https:\/\/api.w.org\/{rel}","templated":true}]}}