{"id":20064,"date":"2018-06-04T08:17:37","date_gmt":"2018-06-04T06:17:37","guid":{"rendered":"https:\/\/www.qualitatis.es\/preparacion-de-fichas-tecnicas\/"},"modified":"2019-11-21T08:34:51","modified_gmt":"2019-11-21T07:34:51","slug":"preparacio-de-fitxes-tecniques","status":"publish","type":"page","link":"https:\/\/www.qualitatis.es\/ca\/productes-i-serveis-de-qualitatis\/preparacio-de-fitxes-tecniques\/","title":{"rendered":"Preparaci\u00f3 de fitxes t\u00e8cniques."},"content":{"rendered":"\n<h2>\n\t\tCreaci\u00f3n, actualizaci\u00f3n y traducci\u00f3n de fichas t\u00e9cnicas.\n\t<\/h2>\n\t<p>En Qualitatis Health asesoramos a empresas del sector alimentario en la preparaci\u00f3n de las fichas t\u00e9cnicas de los productos alimentarios que con tanto esmero se elaboran, distribuyen o sirven en sus establecimientos. La ficha t\u00e9cnica de un producto alimentario es una de las tarjetas de presentaci\u00f3n de su producto y un documento legal que cobra cada d\u00eda mayor importancia para clientes, proveedores y consumidores, as\u00ed como para la Administraci\u00f3n competente en materia de seguridad alimentaria. Por ello es fundamental que cuentan con todos los elementos que de ella requieren la Legislaci\u00f3n y las Normas de Calidad.<\/p>\n<p>Desde Qualitatis Health le ayudamos prestando asesoramiento para la preparaci\u00f3n y las modificaciones de las fichas t\u00e9cnicas de todos sus productos. Resolvemos todas sus dudas al respecto y nos encargamos de adecuarlas a la legalidad.<\/p>\n<p>Adem\u00e1s, nuestro equipo de dise\u00f1adores gr\u00e1ficos le ayudar\u00e1 a darles el formato m\u00e1s visual y atractivo posible, con un dise\u00f1o y una estructura de modernidad pero con la seriedad y elegancia que sus productos requieren. Siempre coherentemente con la l\u00ednea de su dise\u00f1o gr\u00e1fico.<\/p>\n<p>En resumen, en Qualitatis trabajamos en diferentes \u00e1mbitos para que teng\u00e1is las fichas t\u00e9cnicas a punto:<\/p>\n<ul>\n<li>\n<ul>\n<li>&#8211; Creaci\u00f3n de fichas t\u00e9cnicas.<\/li>\n<li>&#8211; Actualizaci\u00f3n de fichas t\u00e9cnicas.<\/li>\n<li>&#8211; Asesoramiento para completar la informaci\u00f3n nutricional en las fichas t\u00e9cnicas.<\/li>\n<li>&#8211; Traducci\u00f3n en otros idiomas: catal\u00e1n, espa\u00f1ol, ingl\u00e9s (si necesitas otras lenguas cons\u00faltanos).<\/li>\n<li>&#8211; Dise\u00f1o gr\u00e1fico de las fichas t\u00e9cnicas.<\/li>\n<\/ul>\n<\/li>\n<\/ul>\n<p>Si necesitas m\u00e1s informaci\u00f3n m\u00e1s abajo tienes como contactar con nosotros.<\/p>\n\t\t\t\t<img fetchpriority=\"high\" decoding=\"async\" src=\"https:\/\/www.qualitatis.es\/wp-content\/uploads\/2018\/06\/leaves-374246_1280-1024x768.jpg\" alt=\"leaves-374246_1280\" itemprop=\"image\" height=\"768\" width=\"1024\" title=\"leaves-374246_1280\" onerror=\"this.style.display='none'\">\n<h2>\n\t\t<a href=\"https:\/\/www.qualitatis.es\/servicios-calidad-sanitaria\/preparacion-de-fichas-tecnicas\" title=\"Si necesitas una ficha t\u00e9cnica para alguno de tus productos est\u00e1s en el lugar adecuado.\" target=\"_blank\" rel=\"noopener noreferrer\">\n\t\tSi necesitas una ficha t\u00e9cnica para alguno de tus productos est\u00e1s en el lugar adecuado.\n\t\t<\/a>\n\t<\/h2>\n\t<p>Cualquier producto que comercialices va a requerir de una ficha t\u00e9cnica. Te ofrecemos distintos tipos de servicios vinculados a las fichas t\u00e9cnicas:<\/p>\n\t<p>Ofrecemos soluciones a medida para todo tipo de empresas.<\/p>\n\t\t\t<a href=\"https:\/\/www.qualitatis.es\/contacto\/\" target=\"_blank\" role=\"button\" rel=\"noopener noreferrer\">\n\t\t\t\t\t\tM\u00c1S INFORMACI\u00d3N\n\t\t\t\t\t<\/a>\n","protected":false},"excerpt":{"rendered":"","protected":false},"author":2,"featured_media":20061,"parent":21659,"menu_order":0,"comment_status":"closed","ping_status":"closed","template":"page_beaver.php","meta":{"site-sidebar-layout":"default","site-content-layout":"","ast-site-content-layout":"default","site-content-style":"default","site-sidebar-style":"default","ast-global-header-display":"","ast-banner-title-visibility":"","ast-main-header-display":"","ast-hfb-above-header-display":"","ast-hfb-below-header-display":"","ast-hfb-mobile-header-display":"","site-post-title":"","ast-breadcrumbs-content":"","ast-featured-img":"","footer-sml-layout":"","ast-disable-related-posts":"","theme-transparent-header-meta":"","adv-header-id-meta":"","stick-header-meta":"","header-above-stick-meta":"","header-main-stick-meta":"","header-below-stick-meta":"","astra-migrate-meta-layouts":"default","ast-page-background-enabled":"default","ast-page-background-meta":{"desktop":{"background-color":"","background-image":"","background-repeat":"repeat","background-position":"center center","background-size":"auto","background-attachment":"scroll","background-type":"","background-media":"","overlay-type":"","overlay-color":"","overlay-opacity":"","overlay-gradient":""},"tablet":{"background-color":"","background-image":"","background-repeat":"repeat","background-position":"center center","background-size":"auto","background-attachment":"scroll","background-type":"","background-media":"","overlay-type":"","overlay-color":"","overlay-opacity":"","overlay-gradient":""},"mobile":{"background-color":"","background-image":"","background-repeat":"repeat","background-position":"center center","background-size":"auto","background-attachment":"scroll","background-type":"","background-media":"","overlay-type":"","overlay-color":"","overlay-opacity":"","overlay-gradient":""}},"ast-content-background-meta":{"desktop":{"background-color":"var(--ast-global-color-5)","background-image":"","background-repeat":"repeat","background-position":"center center","background-size":"auto","background-attachment":"scroll","background-type":"","background-media":"","overlay-type":"","overlay-color":"","overlay-opacity":"","overlay-gradient":""},"tablet":{"background-color":"var(--ast-global-color-5)","background-image":"","background-repeat":"repeat","background-position":"center center","background-size":"auto","background-attachment":"scroll","background-type":"","background-media":"","overlay-type":"","overlay-color":"","overlay-opacity":"","overlay-gradient":""},"mobile":{"background-color":"var(--ast-global-color-5)","background-image":"","background-repeat":"repeat","background-position":"center center","background-size":"auto","background-attachment":"scroll","background-type":"","background-media":"","overlay-type":"","overlay-color":"","overlay-opacity":"","overlay-gradient":""}},"footnotes":""},"class_list":["post-20064","page","type-page","status-publish","has-post-thumbnail","hentry"],"_links":{"self":[{"href":"https:\/\/www.qualitatis.es\/ca\/wp-json\/wp\/v2\/pages\/20064","targetHints":{"allow":["GET"]}}],"collection":[{"href":"https:\/\/www.qualitatis.es\/ca\/wp-json\/wp\/v2\/pages"}],"about":[{"href":"https:\/\/www.qualitatis.es\/ca\/wp-json\/wp\/v2\/types\/page"}],"author":[{"embeddable":true,"href":"https:\/\/www.qualitatis.es\/ca\/wp-json\/wp\/v2\/users\/2"}],"replies":[{"embeddable":true,"href":"https:\/\/www.qualitatis.es\/ca\/wp-json\/wp\/v2\/comments?post=20064"}],"version-history":[{"count":0,"href":"https:\/\/www.qualitatis.es\/ca\/wp-json\/wp\/v2\/pages\/20064\/revisions"}],"up":[{"embeddable":true,"href":"https:\/\/www.qualitatis.es\/ca\/wp-json\/wp\/v2\/pages\/21659"}],"wp:featuredmedia":[{"embeddable":true,"href":"https:\/\/www.qualitatis.es\/ca\/wp-json\/wp\/v2\/media\/20061"}],"wp:attachment":[{"href":"https:\/\/www.qualitatis.es\/ca\/wp-json\/wp\/v2\/media?parent=20064"}],"curies":[{"name":"wp","href":"https:\/\/api.w.org\/{rel}","templated":true}]}}