{"id":20052,"date":"2018-06-03T20:11:21","date_gmt":"2018-06-03T18:11:21","guid":{"rendered":"https:\/\/www.qualitatis.es\/formacion\/"},"modified":"2019-11-20T07:54:20","modified_gmt":"2019-11-20T06:54:20","slug":"formacio","status":"publish","type":"page","link":"https:\/\/www.qualitatis.es\/ca\/productes-i-serveis-de-qualitatis\/formacio\/","title":{"rendered":"Formaci\u00f3"},"content":{"rendered":"\n<h1>Formaci\u00f3n.<\/h1>\n\t<p>En Qualitatis somos conscientes del entorno en el que llevan su actividad las empresas alimentarias. Por ello, ofrecemos soluciones formativas de todo tipo, desde la obtenci\u00f3n del Carnet de Manipulador de Alimentos b\u00e1sico, hasta la formaci\u00f3n m\u00e1s espec\u00edfica para empresas que tengan implantado el sistema de autocontrol An\u00e1lisis de Peligros y Puntos de Control Cr\u00edtico (APPCC), Planes de correcta higiene (PCH) o requisitos previos de higiene y trazabilidad (RPHT).<\/p>\n<p>Nos adaptamos a las necesidades de nuestros clientes y dise\u00f1amos la formaci\u00f3n a la medida de cada empresa. Impartimos formaci\u00f3n en la misma empresa, en aulas preparadas para la actividad o a trav\u00e9s de nuestra p\u00e1gina web. En la&nbsp;<strong><a title=\"Link: https:\/\/www.qualitatis.es\/es\/cursos-online-calidad-sanitaria\" href=\"https:\/\/www.qualitatis.es\/es\/cursos-online-calidad-sanitaria\">secci\u00f3n Cursos de esta web<\/a><\/strong>&nbsp;puede consultar, contratar y realizar una amplia oferta de cursos.<\/p>\n<p>Ofrecemos a la empresa la posibilidad de gestionar la formaci\u00f3n de todos sus trabajadores as\u00ed como realizar un seguimiento de la evoluci\u00f3n de los mismos. Contacte con nosotros si est\u00e1 interesado en bonificar la formaci\u00f3n para sus trabajadores a trav\u00e9s de la Fundaci\u00f3n Tripartita.<\/p>\n<p><a href=\"https:\/\/www.qualitatis.es\/es\/cursos-online-calidad-sanitaria\">Saber m\u00e1s sobre los cursos impartidos por Qualitatis Health para el sector alimentario (click aqu\u00ed).<\/a><\/p>\n\t\t\t\t<img fetchpriority=\"high\" decoding=\"async\" src=\"https:\/\/www.qualitatis.es\/wp-content\/uploads\/2019\/04\/Formaci\u00f3n-clase.jpg\" alt=\"Formaci\u00f3n\" itemprop=\"image\" height=\"2400\" width=\"3600\" title=\"Formaci\u00f3n clase\" onerror=\"this.style.display='none'\">\n","protected":false},"excerpt":{"rendered":"","protected":false},"author":2,"featured_media":19293,"parent":21659,"menu_order":0,"comment_status":"closed","ping_status":"closed","template":"","meta":{"site-sidebar-layout":"default","site-content-layout":"","ast-site-content-layout":"default","site-content-style":"default","site-sidebar-style":"default","ast-global-header-display":"","ast-banner-title-visibility":"","ast-main-header-display":"","ast-hfb-above-header-display":"","ast-hfb-below-header-display":"","ast-hfb-mobile-header-display":"","site-post-title":"disabled","ast-breadcrumbs-content":"","ast-featured-img":"","footer-sml-layout":"","ast-disable-related-posts":"","theme-transparent-header-meta":"","adv-header-id-meta":"","stick-header-meta":"","header-above-stick-meta":"","header-main-stick-meta":"","header-below-stick-meta":"","astra-migrate-meta-layouts":"default","ast-page-background-enabled":"default","ast-page-background-meta":{"desktop":{"background-color":"","background-image":"","background-repeat":"repeat","background-position":"center center","background-size":"auto","background-attachment":"scroll","background-type":"","background-media":"","overlay-type":"","overlay-color":"","overlay-opacity":"","overlay-gradient":""},"tablet":{"background-color":"","background-image":"","background-repeat":"repeat","background-position":"center center","background-size":"auto","background-attachment":"scroll","background-type":"","background-media":"","overlay-type":"","overlay-color":"","overlay-opacity":"","overlay-gradient":""},"mobile":{"background-color":"","background-image":"","background-repeat":"repeat","background-position":"center center","background-size":"auto","background-attachment":"scroll","background-type":"","background-media":"","overlay-type":"","overlay-color":"","overlay-opacity":"","overlay-gradient":""}},"ast-content-background-meta":{"desktop":{"background-color":"var(--ast-global-color-5)","background-image":"","background-repeat":"repeat","background-position":"center center","background-size":"auto","background-attachment":"scroll","background-type":"","background-media":"","overlay-type":"","overlay-color":"","overlay-opacity":"","overlay-gradient":""},"tablet":{"background-color":"var(--ast-global-color-5)","background-image":"","background-repeat":"repeat","background-position":"center center","background-size":"auto","background-attachment":"scroll","background-type":"","background-media":"","overlay-type":"","overlay-color":"","overlay-opacity":"","overlay-gradient":""},"mobile":{"background-color":"var(--ast-global-color-5)","background-image":"","background-repeat":"repeat","background-position":"center center","background-size":"auto","background-attachment":"scroll","background-type":"","background-media":"","overlay-type":"","overlay-color":"","overlay-opacity":"","overlay-gradient":""}},"footnotes":""},"class_list":["post-20052","page","type-page","status-publish","has-post-thumbnail","hentry"],"_links":{"self":[{"href":"https:\/\/www.qualitatis.es\/ca\/wp-json\/wp\/v2\/pages\/20052","targetHints":{"allow":["GET"]}}],"collection":[{"href":"https:\/\/www.qualitatis.es\/ca\/wp-json\/wp\/v2\/pages"}],"about":[{"href":"https:\/\/www.qualitatis.es\/ca\/wp-json\/wp\/v2\/types\/page"}],"author":[{"embeddable":true,"href":"https:\/\/www.qualitatis.es\/ca\/wp-json\/wp\/v2\/users\/2"}],"replies":[{"embeddable":true,"href":"https:\/\/www.qualitatis.es\/ca\/wp-json\/wp\/v2\/comments?post=20052"}],"version-history":[{"count":0,"href":"https:\/\/www.qualitatis.es\/ca\/wp-json\/wp\/v2\/pages\/20052\/revisions"}],"up":[{"embeddable":true,"href":"https:\/\/www.qualitatis.es\/ca\/wp-json\/wp\/v2\/pages\/21659"}],"wp:featuredmedia":[{"embeddable":true,"href":"https:\/\/www.qualitatis.es\/ca\/wp-json\/wp\/v2\/media\/19293"}],"wp:attachment":[{"href":"https:\/\/www.qualitatis.es\/ca\/wp-json\/wp\/v2\/media?parent=20052"}],"curies":[{"name":"wp","href":"https:\/\/api.w.org\/{rel}","templated":true}]}}