{"id":20043,"date":"2019-04-17T08:39:26","date_gmt":"2019-04-17T06:39:26","guid":{"rendered":"https:\/\/www.qualitatis.es\/analisis-y-ensayos-de-alimentos-y-superficies\/"},"modified":"2022-07-19T07:26:44","modified_gmt":"2022-07-19T05:26:44","slug":"analisis-daliments-i-superficies","status":"publish","type":"page","link":"https:\/\/www.qualitatis.es\/ca\/productes-i-serveis-de-qualitatis\/analisis-daliments-i-superficies\/","title":{"rendered":"An\u00e0lisi d&#8217;aliments i superf\u00edcies."},"content":{"rendered":"\t\t<div data-elementor-type=\"wp-page\" data-elementor-id=\"20043\" class=\"elementor elementor-20043 elementor-19317\" data-elementor-post-type=\"page\">\n\t\t\t\t\t\t<section class=\"elementor-section elementor-top-section elementor-element elementor-element-ff55324 elementor-section-boxed elementor-section-height-default elementor-section-height-default\" data-id=\"ff55324\" data-element_type=\"section\" data-e-type=\"section\">\n\t\t\t\t\t\t<div class=\"elementor-container elementor-column-gap-default\">\n\t\t\t\t\t<div class=\"elementor-column elementor-col-100 elementor-top-column elementor-element elementor-element-2f620ee\" data-id=\"2f620ee\" data-element_type=\"column\" data-e-type=\"column\">\n\t\t\t<div class=\"elementor-widget-wrap elementor-element-populated\">\n\t\t\t\t\t\t<div class=\"elementor-element elementor-element-436c752 elementor-widget elementor-widget-heading\" data-id=\"436c752\" data-element_type=\"widget\" data-e-type=\"widget\" data-widget_type=\"heading.default\">\n\t\t\t\t\t<h1 class=\"elementor-heading-title elementor-size-default\">Anal\u00edtiques d'aliments i superf\u00edcies.<\/h1>\t\t\t\t<\/div>\n\t\t\t\t<div class=\"elementor-element elementor-element-d8cd6ff elementor-widget elementor-widget-heading\" data-id=\"d8cd6ff\" data-element_type=\"widget\" data-e-type=\"widget\" data-widget_type=\"heading.default\">\n\t\t\t\t\t<h2 class=\"elementor-heading-title elementor-size-default\">Necessites analitzar els teus aliments, validar la seva vida \u00fatil, verificar la neteja i desinfecci\u00f3? Est\u00e0s en el lloc adequat.<\/h2>\t\t\t\t<\/div>\n\t\t\t\t<div class=\"elementor-element elementor-element-6db8f84 elementor-widget elementor-widget-text-editor\" data-id=\"6db8f84\" data-element_type=\"widget\" data-e-type=\"widget\" data-widget_type=\"text-editor.default\">\n\t\t\t\t\t\t\t\t\t<p>Els motius que poden portar-te a voler analitzar un aliment, una aigua, una superf\u00edcie, o el que sigui, s\u00f3n molt diversos. Conscients que molts dels nostres clients no sempre tenen el temps ni les facilitats necess\u00e0ries per gestionar les mostres anal\u00edtiques, aix\u00ed com la gesti\u00f3 dels temps, treballem en col\u00b7laboraci\u00f3 amb un laboratori acreditat amb el qual, per tenir un conveni especial, oferim gran quantitat de proves anal\u00edtiques per ajudar a tot tipus de negocis de el sector agroalimentari.<\/p>\t\t\t\t\t\t\t\t<\/div>\n\t\t\t\t<div class=\"elementor-element elementor-element-cedd517 elementor-widget elementor-widget-heading\" data-id=\"cedd517\" data-element_type=\"widget\" data-e-type=\"widget\" data-widget_type=\"heading.default\">\n\t\t\t\t\t<h2 class=\"elementor-heading-title elementor-size-default\">Quines proves anal\u00edtiques puc fer amb Qualitatis?<\/h2>\t\t\t\t<\/div>\n\t\t\t\t<div class=\"elementor-element elementor-element-3a9a674 elementor-widget elementor-widget-text-editor\" data-id=\"3a9a674\" data-element_type=\"widget\" data-e-type=\"widget\" data-widget_type=\"text-editor.default\">\n\t\t\t\t\t\t\t\t\t<p>Les proves anal\u00edtiques que pots fer a la teva empresa agroaliment\u00e0ria o al teu local de restauraci\u00f3 s\u00f3n:<\/p><ul><li style=\"list-style-type: none;\"><ul><li>An\u00e0lisi d&#8217;aliments.<\/li><li>An\u00e0lisi de superf\u00edcies.<\/li><li>Legionel\u00b7la<\/li><li>An\u00e0lisi de composici\u00f3 nutricional.<\/li><li>An\u00e0lisi d&#8217;al\u00b7l\u00e8rgens.<\/li><li>Estudis de vida \u00fatil.<\/li><\/ul><\/li><\/ul><p>Amb elles cobreixes gaireb\u00e9 al 100% l&#8217;espectre de tests anal\u00edtics que necessitar\u00e0s per complir amb la legislaci\u00f3, aix\u00ed com les exig\u00e8ncies de la teva Norma de Qualitat (ISO, IFS, BRC, etc.).<\/p>\t\t\t\t\t\t\t\t<\/div>\n\t\t\t\t<section class=\"elementor-section elementor-inner-section elementor-element elementor-element-b7cae1b elementor-section-boxed elementor-section-height-default elementor-section-height-default\" data-id=\"b7cae1b\" data-element_type=\"section\" data-e-type=\"section\">\n\t\t\t\t\t\t<div class=\"elementor-container elementor-column-gap-default\">\n\t\t\t\t\t<div class=\"elementor-column elementor-col-50 elementor-inner-column elementor-element elementor-element-938204c\" data-id=\"938204c\" data-element_type=\"column\" data-e-type=\"column\">\n\t\t\t<div class=\"elementor-widget-wrap elementor-element-populated\">\n\t\t\t\t\t\t<div class=\"elementor-element elementor-element-2334f92 elementor-widget elementor-widget-image\" data-id=\"2334f92\" data-element_type=\"widget\" data-e-type=\"widget\" data-widget_type=\"image.default\">\n\t\t\t\t\t\t\t\t\t\t\t\t\t\t\t<img fetchpriority=\"high\" decoding=\"async\" width=\"683\" height=\"1024\" src=\"https:\/\/www.qualitatis.es\/wp-content\/uploads\/2019\/04\/Laboratorio-3-683x1024.jpg\" class=\"attachment-large size-large wp-image-19316\" alt=\"An\u00e1lisis y ensayos\" srcset=\"https:\/\/www.qualitatis.es\/wp-content\/uploads\/2019\/04\/Laboratorio-3-683x1024.jpg 683w, https:\/\/www.qualitatis.es\/wp-content\/uploads\/2019\/04\/Laboratorio-3-200x300.jpg 200w, https:\/\/www.qualitatis.es\/wp-content\/uploads\/2019\/04\/Laboratorio-3-768x1152.jpg 768w, https:\/\/www.qualitatis.es\/wp-content\/uploads\/2019\/04\/Laboratorio-3-600x900.jpg 600w, https:\/\/www.qualitatis.es\/wp-content\/uploads\/2019\/04\/Laboratorio-3.jpg 2048w\" sizes=\"(max-width: 683px) 100vw, 683px\" \/>\t\t\t\t\t\t\t\t\t\t\t\t\t\t\t<\/div>\n\t\t\t\t\t<\/div>\n\t\t<\/div>\n\t\t\t\t<div class=\"elementor-column elementor-col-50 elementor-inner-column elementor-element elementor-element-5493b03\" data-id=\"5493b03\" data-element_type=\"column\" data-e-type=\"column\">\n\t\t\t<div class=\"elementor-widget-wrap elementor-element-populated\">\n\t\t\t\t\t\t<div class=\"elementor-element elementor-element-1b702fd elementor-widget elementor-widget-heading\" data-id=\"1b702fd\" data-element_type=\"widget\" data-e-type=\"widget\" data-widget_type=\"heading.default\">\n\t\t\t\t\t<h2 class=\"elementor-heading-title elementor-size-default\">Com treballem?<\/h2>\t\t\t\t<\/div>\n\t\t\t\t<div class=\"elementor-element elementor-element-0522ae4 elementor-widget elementor-widget-text-editor\" data-id=\"0522ae4\" data-element_type=\"widget\" data-e-type=\"widget\" data-widget_type=\"text-editor.default\">\n\t\t\t\t\t\t\t\t\t<p>La nostra comesa \u00e9s essencial. Acompanyem als nostres clients en tot el proc\u00e9s:<\/p><ol><li>\u00a0En el nostre paper d&#8217;empresa de consultoria en mat\u00e8ria de sanitat i qualitat agroaliment\u00e0ria assessorem als nostres clients perqu\u00e8 escullin les proves necess\u00e0ries perqu\u00e8 els negocis no paguin de m\u00e9s i optimitzin els recursos.<\/li><li><span style=\"font-size: 16px;\">Fruit d&#8217;aix\u00f2, ens encarreguem de crear i gestionar el pla anal\u00edtic de les empreses: planificant els temps, l&#8217;enviament de mostres i, per tant, ajustant el pressupost i &#8220;encaixant&#8221; en el calendari d&#8217;activitats aquesta presa de mostres perqu\u00e8 interfereixi el m\u00ednim en l&#8217;activitat di\u00e0ria de l&#8217;empresa.<\/span><\/li><li><span style=\"font-size: 16px;\">Si el client aix\u00ed ho decideix, tamb\u00e9 realitzem la presa de mostres a les seves instal\u00b7lacions i gestionem l&#8217;enviament al nostre laboratori concertat.<\/span><\/li><li><span style=\"font-size: 16px;\">Un cop fetes les anal\u00edtiques gestionem els informes emesos gestionem l&#8217;arxiu i la presa de mostres en conseq\u00fc\u00e8ncia amb els resultats obtinguts.<\/span><\/li><\/ol><p class=\"p1\"><span class=\"s1\">Tot i aix\u00f2, entenent que no sempre els clients tenen unes necessitats fixes, treballem adaptant la proposta a les necessitats de les empreses. Per aix\u00f2, si vols m\u00e9s informaci\u00f3 o necessites un pressupost sobre anal\u00edtiques de superf\u00edcies, an\u00e0lisi d&#8217;aliments, incloent-hi els estudis de vida \u00fatil, al\u00b7l\u00e8rgens i\/o composici\u00f3 nutricional, an\u00e0lisi d&#8217;aig\u00fces, Legionel\u00b7la, o altres, no dubtis a contactar amb nosaltres.<\/span><\/p>\t\t\t\t\t\t\t\t<\/div>\n\t\t\t\t\t<\/div>\n\t\t<\/div>\n\t\t\t\t\t<\/div>\n\t\t<\/section>\n\t\t\t\t\t<\/div>\n\t\t<\/div>\n\t\t\t\t\t<\/div>\n\t\t<\/section>\n\t\t\t\t<section class=\"elementor-section elementor-top-section elementor-element elementor-element-624a0f9 elementor-section-boxed elementor-section-height-default elementor-section-height-default\" data-id=\"624a0f9\" data-element_type=\"section\" data-e-type=\"section\">\n\t\t\t\t\t\t<div class=\"elementor-container elementor-column-gap-default\">\n\t\t\t\t\t<div class=\"elementor-column elementor-col-100 elementor-top-column elementor-element elementor-element-edd57c4\" data-id=\"edd57c4\" data-element_type=\"column\" data-e-type=\"column\">\n\t\t\t<div class=\"elementor-widget-wrap elementor-element-populated\">\n\t\t\t\t\t\t<div class=\"elementor-element elementor-element-3825f36 elementor-widget elementor-widget-heading\" data-id=\"3825f36\" data-element_type=\"widget\" data-e-type=\"widget\" data-widget_type=\"heading.default\">\n\t\t\t\t\t<h2 class=\"elementor-heading-title elementor-size-default\">En quins llocs puc fer les anal\u00edtiques amb vosaltres?<\/h2>\t\t\t\t<\/div>\n\t\t\t\t<div class=\"elementor-element elementor-element-ab551ef elementor-widget elementor-widget-text-editor\" data-id=\"ab551ef\" data-element_type=\"widget\" data-e-type=\"widget\" data-widget_type=\"text-editor.default\">\n\t\t\t\t\t\t\t\t\t<p>Oferim dues possibilitats, segons la ubicaci\u00f3 del teu negoci:<\/p><ul><li>Si treballes en la nostra \u00e0rea d&#8217;influ\u00e8ncia: sud de Val\u00e8ncia i nord d&#8217;Alacant podem gestionar la recollida de mostres nosaltres mateixos.<\/li><li><a href=\"https:\/\/www.qualitatis.es\/contacto\/\">En zones properes a aquesta \u00e0rea contacta<\/a>\u00a0amb nosaltres. En funci\u00f3 de les teves necessitats trobarem la soluci\u00f3 m\u00e9s adequada.<\/li><li>Per a qualsevol altra ubicaci\u00f3 a Espanya tenim solucions d&#8217;assessorament, mostreig i enviament de mostres. <a href=\"https:\/\/www.qualitatis.es\/contacto\/\">Contacta amb nosaltres.<\/a><\/li><\/ul>\t\t\t\t\t\t\t\t<\/div>\n\t\t\t\t\t<\/div>\n\t\t<\/div>\n\t\t\t\t\t<\/div>\n\t\t<\/section>\n\t\t\t\t<\/div>\n\t\t","protected":false},"excerpt":{"rendered":"<p>Anal\u00edtiques d&#8217;aliments i superf\u00edcies. Necessites analitzar els teus aliments, validar la seva vida \u00fatil, verificar la neteja i desinfecci\u00f3? Est\u00e0s en el lloc adequat. Els motius que poden portar-te a voler analitzar un aliment, una aigua, una superf\u00edcie, o el [&hellip;]<\/p>\n","protected":false},"author":2,"featured_media":0,"parent":21659,"menu_order":0,"comment_status":"closed","ping_status":"closed","template":"","meta":{"site-sidebar-layout":"default","site-content-layout":"default","ast-site-content-layout":"default","site-content-style":"default","site-sidebar-style":"default","ast-global-header-display":"","ast-banner-title-visibility":"","ast-main-header-display":"","ast-hfb-above-header-display":"","ast-hfb-below-header-display":"","ast-hfb-mobile-header-display":"","site-post-title":"disabled","ast-breadcrumbs-content":"","ast-featured-img":"","footer-sml-layout":"","ast-disable-related-posts":"","theme-transparent-header-meta":"default","adv-header-id-meta":"","stick-header-meta":"default","header-above-stick-meta":"","header-main-stick-meta":"","header-below-stick-meta":"","astra-migrate-meta-layouts":"default","ast-page-background-enabled":"default","ast-page-background-meta":{"desktop":{"background-color":"","background-image":"","background-repeat":"repeat","background-position":"center center","background-size":"auto","background-attachment":"scroll","background-type":"","background-media":"","overlay-type":"","overlay-color":"","overlay-opacity":"","overlay-gradient":""},"tablet":{"background-color":"","background-image":"","background-repeat":"repeat","background-position":"center center","background-size":"auto","background-attachment":"scroll","background-type":"","background-media":"","overlay-type":"","overlay-color":"","overlay-opacity":"","overlay-gradient":""},"mobile":{"background-color":"","background-image":"","background-repeat":"repeat","background-position":"center center","background-size":"auto","background-attachment":"scroll","background-type":"","background-media":"","overlay-type":"","overlay-color":"","overlay-opacity":"","overlay-gradient":""}},"ast-content-background-meta":{"desktop":{"background-color":"var(--ast-global-color-5)","background-image":"","background-repeat":"repeat","background-position":"center center","background-size":"auto","background-attachment":"scroll","background-type":"","background-media":"","overlay-type":"","overlay-color":"","overlay-opacity":"","overlay-gradient":""},"tablet":{"background-color":"var(--ast-global-color-5)","background-image":"","background-repeat":"repeat","background-position":"center center","background-size":"auto","background-attachment":"scroll","background-type":"","background-media":"","overlay-type":"","overlay-color":"","overlay-opacity":"","overlay-gradient":""},"mobile":{"background-color":"var(--ast-global-color-5)","background-image":"","background-repeat":"repeat","background-position":"center center","background-size":"auto","background-attachment":"scroll","background-type":"","background-media":"","overlay-type":"","overlay-color":"","overlay-opacity":"","overlay-gradient":""}},"footnotes":""},"class_list":["post-20043","page","type-page","status-publish","hentry"],"_links":{"self":[{"href":"https:\/\/www.qualitatis.es\/ca\/wp-json\/wp\/v2\/pages\/20043","targetHints":{"allow":["GET"]}}],"collection":[{"href":"https:\/\/www.qualitatis.es\/ca\/wp-json\/wp\/v2\/pages"}],"about":[{"href":"https:\/\/www.qualitatis.es\/ca\/wp-json\/wp\/v2\/types\/page"}],"author":[{"embeddable":true,"href":"https:\/\/www.qualitatis.es\/ca\/wp-json\/wp\/v2\/users\/2"}],"replies":[{"embeddable":true,"href":"https:\/\/www.qualitatis.es\/ca\/wp-json\/wp\/v2\/comments?post=20043"}],"version-history":[{"count":0,"href":"https:\/\/www.qualitatis.es\/ca\/wp-json\/wp\/v2\/pages\/20043\/revisions"}],"up":[{"embeddable":true,"href":"https:\/\/www.qualitatis.es\/ca\/wp-json\/wp\/v2\/pages\/21659"}],"wp:attachment":[{"href":"https:\/\/www.qualitatis.es\/ca\/wp-json\/wp\/v2\/media?parent=20043"}],"curies":[{"name":"wp","href":"https:\/\/api.w.org\/{rel}","templated":true}]}}