{"id":19696,"date":"2019-07-10T23:38:07","date_gmt":"2019-07-10T21:38:07","guid":{"rendered":"https:\/\/www.qualitatis.es\/?page_id=19696"},"modified":"2024-01-04T17:38:16","modified_gmt":"2024-01-04T16:38:16","slug":"preguntes-frequents","status":"publish","type":"page","link":"https:\/\/www.qualitatis.es\/ca\/preguntes-frequents\/","title":{"rendered":"Preguntes freq\u00fcents"},"content":{"rendered":"<div class=\"left_column\">\n<div class=\"detail articulo\">\n<div class=\"texto\">\n<h3><strong>Quines formes de pagament tenen els cursos?<\/strong><\/h3>\n<p>Els cursos que oferim des de Qualitatis Health es poden pagar de tres maneres: amb targeta de cr\u00e8dit o d\u00e8bit (pagament segur a trav\u00e9s de la passarel\u00b7la de pagament de la nostra entitat banc\u00e0ria), transfer\u00e8ncia banc\u00e0ria al nostre compte bancari o pagament mitjan\u00e7ant <a href=\"https:\/\/www.paypal.com\/es\/webapps\/mpp\/home\" target=\"_blank\" rel=\"noopener\">PayPal.<\/a><\/p>\n<p><strong><em>Una vegada que haja pagat el curs, com accedeixo als apunts i al temari?<\/em><\/strong><\/p>\n<p>Una vegada hages completat el proc\u00e9s de pagament rebr\u00e0s un e-mail de confirmaci\u00f3. Seguint els passos, amb la teva adre\u00e7a de correu electr\u00f2nic i la contrasenya que escolleixis podr\u00e0s accedir a l&#8217;\u00e0rea d&#8217;alumne. All\u00e0 podr\u00e0s veure el temari en format pdf \/ text i tamb\u00e9 en format presentaci\u00f3 de<em><a href=\"https:\/\/products.office.com\/es-es\/powerpoint\" target=\"_blank\" rel=\"noopener\"> Power point.<\/a><\/em>\u00a0Podr\u00e0s fer fins i tot l&#8217;examen en el moment que vulguis, aix\u00ed de f\u00e0cil i r\u00e0pid.<\/p>\n<p><strong>Puc descarregar els apunts?<\/strong><\/p>\n<p>Per descomptat. Pots descarregar-los per imprimir-los o repassar la &#8220;lli\u00e7\u00f3&#8221; tantes vegades com necessitis. Si no vols descarregar-pots fer tot el curs en l\u00ednia. Sense necessitat de descarregar res.<\/p>\n<p><strong>I si vull rebre els apunts a ma casa?<\/strong><\/p>\n<p>Al realitzar el pagament del curs, per una m\u00f2dica quantitat extra (uns pocs euros) pots rebre els apunts a casa teva en format paper. Tamb\u00e9 pots enviar-nos l&#8217;examen amb les teves respostes per correu postal. Som molt respectuosos amb els fidels a les tradicions cl\u00e0ssiques i al romanticisme del correu postal.<\/p>\n<p><strong>Contesteu als meus dubtes?<\/strong><\/p>\n<p>Per descomptat, el nostre temps mitj\u00e0 de resposta \u00e9s inferior a les 24 hores en dies laborables. De vegades tardem nom\u00e9s uns minuts.<\/p>\n<p><strong>Quant de temps tinc per finalitzar el curs?<\/strong><\/p>\n<p>Dep\u00e8n del curs, per\u00f2, en general dos mesos des que et matricules fins que completis l&#8217;examen.<\/p>\n<p>Aix\u00f2 s\u00ed, no som inflexibles. Davant determinats casos especials (malaltia, treball, paternitat \/ maternitat, etc.) sempre podem ampliar el termini com una cosa excepcional.<\/p>\n<p><strong>Quantes oportunitats tinc per aprovar l&#8217;examen?<\/strong><\/p>\n<p>Dos. Com en l&#8217;institut o la universitat et donem dues convocat\u00f2ries per aprovar.<\/p>\n<p><strong>Com rebr\u00e9 el carnet o t\u00edtol del curs?<\/strong><\/p>\n<p>Des del moment en qu\u00e8 aproves el curs podr\u00e0s descarregar el teu diploma i imprimir-lo. En el termini d&#8217;un mes, aproximadament, rebr\u00e0s a casa teva el diploma acreditatiu en format f\u00edsic.<\/p>\n<p><strong>Hi ha descomptes per a grups per fer el carnet de manipulador d&#8217;aliments?<\/strong><\/p>\n<p>S\u00ed, tot i que varien segons el tipus de curs, a partir de dos alumnes inscrits sempre tindr\u00e0s disponibles descomptes perqu\u00e8 realitzin la formaci\u00f3 grups de treballadors, amics, familiars, etc. Com m\u00e9s gent s&#8217;inscrigui m\u00e9s descompte.<\/p>\n<p><strong>La meva empresa vol que diversos treballadors realitzin la formaci\u00f3 i la factura s&#8217;emeti al seu nom, \u00e9s aix\u00f2 possible?<\/strong><\/p>\n<p>Per descomptat. Durant el proc\u00e9s d&#8217;inscripci\u00f3 pots escollir qui s&#8217;inscriu i a nom de qui vam emetre la factura. Aix\u00ed de f\u00e0cil. La teva empresa, el teu cap o qui sigui, pot ser qui pagui o a nom de qui figuri la factura.<\/p>\n<p><strong>Tenen validesa els vostres cursos a totes les comunitats aut\u00f2nomes espanyoles?<\/strong><\/p>\n<p>Per descomptat, amb els nostres cursos podr\u00e0s treballar en qualsevol part d&#8217;Espanya.<\/p>\n<p><strong>La vostra formaci\u00f3 t\u00e9 validesa a l&#8217;estranger?<\/strong><\/p>\n<p>Un curs \u00e9s un curs. La resposta \u00e9s s\u00ed. La formaci\u00f3 en HACCP (APPCC), o en qualsevol mat\u00e8ria formativa per a treballadors del sector alimentari \u00e9s universal.<\/p>\n<p>Llevat normativa que digui el contrari al respecte, com a requisits particulars d&#8217;un pa\u00eds en mat\u00e8ria de formaci\u00f3, els nostres cursos et valdran en qualsevol lloc en el qual entenguin els temes impartits.<\/p>\n<p>Tens m\u00e9s informaci\u00f3 <a href=\"https:\/\/www.qualitatis.es\/10-requisitos-clave-para-la-formacion-de-los-manipuladores-de-alimentos\/\">i claus al voltant de la formaci\u00f3 de manipuladors d&#8217;aliments i els seus cursos en aquesta entrada del nostre bloc.<\/a> A m\u00e9s, com sempre, el nostre equip estar\u00e0 encantat d&#8217;atendret a trav\u00e9s dels nostres canals de contacte habituals.<\/p>\n<\/div>\n<\/div>\n<\/div>\n<div class=\"right_column\">\n<div class=\"anuncio_suscrip\"><\/div>\n<\/div>\n","protected":false},"excerpt":{"rendered":"<p>Quines formes de pagament tenen els cursos? Els cursos que oferim des de Qualitatis Health es poden pagar de tres maneres: amb targeta de cr\u00e8dit o d\u00e8bit (pagament segur a trav\u00e9s de la passarel\u00b7la de pagament de la nostra entitat [&hellip;]<\/p>\n","protected":false},"author":2,"featured_media":19692,"parent":0,"menu_order":0,"comment_status":"closed","ping_status":"closed","template":"","meta":{"site-sidebar-layout":"default","site-content-layout":"","ast-site-content-layout":"default","site-content-style":"default","site-sidebar-style":"default","ast-global-header-display":"","ast-banner-title-visibility":"","ast-main-header-display":"","ast-hfb-above-header-display":"","ast-hfb-below-header-display":"","ast-hfb-mobile-header-display":"","site-post-title":"","ast-breadcrumbs-content":"","ast-featured-img":"","footer-sml-layout":"","ast-disable-related-posts":"","theme-transparent-header-meta":"","adv-header-id-meta":"","stick-header-meta":"","header-above-stick-meta":"","header-main-stick-meta":"","header-below-stick-meta":"","astra-migrate-meta-layouts":"default","ast-page-background-enabled":"default","ast-page-background-meta":{"desktop":{"background-color":"","background-image":"","background-repeat":"repeat","background-position":"center center","background-size":"auto","background-attachment":"scroll","background-type":"","background-media":"","overlay-type":"","overlay-color":"","overlay-opacity":"","overlay-gradient":""},"tablet":{"background-color":"","background-image":"","background-repeat":"repeat","background-position":"center center","background-size":"auto","background-attachment":"scroll","background-type":"","background-media":"","overlay-type":"","overlay-color":"","overlay-opacity":"","overlay-gradient":""},"mobile":{"background-color":"","background-image":"","background-repeat":"repeat","background-position":"center center","background-size":"auto","background-attachment":"scroll","background-type":"","background-media":"","overlay-type":"","overlay-color":"","overlay-opacity":"","overlay-gradient":""}},"ast-content-background-meta":{"desktop":{"background-color":"var(--ast-global-color-5)","background-image":"","background-repeat":"repeat","background-position":"center center","background-size":"auto","background-attachment":"scroll","background-type":"","background-media":"","overlay-type":"","overlay-color":"","overlay-opacity":"","overlay-gradient":""},"tablet":{"background-color":"var(--ast-global-color-5)","background-image":"","background-repeat":"repeat","background-position":"center center","background-size":"auto","background-attachment":"scroll","background-type":"","background-media":"","overlay-type":"","overlay-color":"","overlay-opacity":"","overlay-gradient":""},"mobile":{"background-color":"var(--ast-global-color-5)","background-image":"","background-repeat":"repeat","background-position":"center center","background-size":"auto","background-attachment":"scroll","background-type":"","background-media":"","overlay-type":"","overlay-color":"","overlay-opacity":"","overlay-gradient":""}},"footnotes":""},"class_list":["post-19696","page","type-page","status-publish","has-post-thumbnail","hentry"],"_links":{"self":[{"href":"https:\/\/www.qualitatis.es\/ca\/wp-json\/wp\/v2\/pages\/19696","targetHints":{"allow":["GET"]}}],"collection":[{"href":"https:\/\/www.qualitatis.es\/ca\/wp-json\/wp\/v2\/pages"}],"about":[{"href":"https:\/\/www.qualitatis.es\/ca\/wp-json\/wp\/v2\/types\/page"}],"author":[{"embeddable":true,"href":"https:\/\/www.qualitatis.es\/ca\/wp-json\/wp\/v2\/users\/2"}],"replies":[{"embeddable":true,"href":"https:\/\/www.qualitatis.es\/ca\/wp-json\/wp\/v2\/comments?post=19696"}],"version-history":[{"count":0,"href":"https:\/\/www.qualitatis.es\/ca\/wp-json\/wp\/v2\/pages\/19696\/revisions"}],"wp:featuredmedia":[{"embeddable":true,"href":"https:\/\/www.qualitatis.es\/ca\/wp-json\/wp\/v2\/media\/19692"}],"wp:attachment":[{"href":"https:\/\/www.qualitatis.es\/ca\/wp-json\/wp\/v2\/media?parent=19696"}],"curies":[{"name":"wp","href":"https:\/\/api.w.org\/{rel}","templated":true}]}}