{"id":19524,"date":"2020-07-09T17:01:23","date_gmt":"2020-07-09T15:01:23","guid":{"rendered":"https:\/\/www.qualitatis.es\/?page_id=19524"},"modified":"2026-04-20T15:19:24","modified_gmt":"2026-04-20T13:19:24","slug":"politica-de-cookies","status":"publish","type":"page","link":"https:\/\/www.qualitatis.es\/ca\/politica-de-cookies\/","title":{"rendered":"Pol\u00edtica de cookies"},"content":{"rendered":"<div class=\"main-container\">\n<div class=\"st_cont cookies\">\n<div>\u00a0<\/div>\n<div>\n<p>En aquest web recollim i utilitzem la informaci\u00f3 segons indiquem en la nostra pol\u00edtica de privacitat. Una de les formes en les que recollim informaci\u00f3 \u00e9s a trav\u00e9s de l&#8217;\u00fas de la tecnologia anomenada &#8220;cookies&#8221;. En www.qualitatis.es, utilitzem cookies per a diverses coses.<\/p>\n<h2>Qu\u00e8 \u00e9s una cookie?<\/h2>\n<p>Una &#8220;cookie&#8221; \u00e9s una petita quantitat de text que s&#8217;emmagatzema al navegador (per exemple Chrome de Google o Safari d&#8217;Apple) quan navegues per la majoria dels llocs web.<\/p>\n<h3>Qu\u00e8 NO \u00e9s una cookie?<\/h3>\n<p>No \u00e9s un virus, ni un troi\u00e0, ni un cuc, ni spam, ni spyware, ni obre finestres pop-up.<\/p>\n<\/div>\n<div class=\"text\">La informaci\u00f3 que li proporcionem a continuaci\u00f3, l&#8217;ajudar\u00e0 a comprendre els diferents tipus de cookies:\n<p>\u00a0<\/p>\n<table id=\"table-cookies\" border=\"1\">\n<tbody>\n<tr>\n<td colspan=\"3\">TIPUS DE COOKIES<\/td>\n<\/tr>\n<tr>\n<td rowspan=\"2\">SEGONS L&#8217;ENTITAT QUE LES GESTIONI<\/td>\n<td>Cookies pr\u00f2pies<\/td>\n<td>S\u00f3n aquelles que es recapten pel mateix editor per prestar el servei sol\u00b7licitat per l&#8217;usuari.<\/td>\n<\/tr>\n<tr>\n<td>Cookies de tercers<\/td>\n<td>S\u00f3n aquelles que s\u00f3n recollides i gestionades per un tercer, aquestes no es poden considerar pr\u00f2pies<\/td>\n<\/tr>\n<tr>\n<td rowspan=\"2\">SEGONS EL TERMINI DE TEMPS QUE ROMANGUIN ACTIVADES<\/td>\n<td>Cookies de sessi\u00f3<\/td>\n<td>Recullen dades mentre l&#8217;usuari navega per la xarxa amb la finalitat de prestar el servei sol\u00b7licitat.<\/td>\n<\/tr>\n<tr>\n<td>Cookies persistents<\/td>\n<td>S&#8217;emmagatzemen en el terminal i la informaci\u00f3 obtinguda, ser\u00e0 utilitzada pel responsable de la galeta amb la finalitat de prestar el servei sol\u00b7licitat.<\/td>\n<\/tr>\n<tr>\n<td rowspan=\"5\">SEGONS LA SEVA FINALITAT<\/td>\n<td>Cookies t\u00e9cniques<\/td>\n<td>S\u00f3n les necess\u00e0ries per la correcta navegaci\u00f3 pel web.<\/td>\n<\/tr>\n<tr>\n<td>Cookies de personalitzaci\u00f3<\/td>\n<td>Permeten a l&#8217;usuari les caracter\u00edstiques (idioma) per a la navegaci\u00f3 per la web<\/td>\n<\/tr>\n<tr>\n<td>Cookies d&#8217;an\u00e0lisi de navegaci\u00f3<\/td>\n<td>Permeten al prestador l&#8217;an\u00e0lisi vinculat a la navegaci\u00f3 realitzada per l&#8217;usuari, amb la finalitat de dur un seguiment d&#8217;\u00fas de la p\u00e0gina web, aix\u00ed com realitzar estad\u00edstiques dels continguts m\u00e9s visitats, nombre de visitants, etc.<\/td>\n<\/tr>\n<tr>\n<td>Cookies publicit\u00e0ries<\/td>\n<td>Permeten a l&#8217;editor incloure a la web, espais publicitaris, segons el contingut de la pr\u00f2pia web.<\/td>\n<\/tr>\n<tr>\n<td>Cookies de publicitat comportamental<\/td>\n<td>Permeten a l&#8217;editor incloure en la p\u00e0gina web espais publicitaris segons la informaci\u00f3 obtinguda a trav\u00e9s dels h\u00e0bits de navegaci\u00f3 a l&#8217;usuari.<\/td>\n<\/tr>\n<\/tbody>\n<\/table>\n<p>L&#8217;informem que t\u00e9 la possibilitat de configurar el seu navegador de manera que se li informi de la recepci\u00f3 de cookies, podent, si aix\u00ed ho desitja, impedir que siguin instal\u00b7lades en el seu disc dur.<\/p>\n<p>A continuaci\u00f3 li proporcionem els enlla\u00e7os de diversos navegadors, a trav\u00e9s dels quals podr\u00e0 realitzar aquesta configuraci\u00f3:<\/p>\n<ul class=\"disc\">\n<li><a href=\"https:\/\/support.mozilla.org\/es\/kb\/habilitar-y-deshabilitar-cookies-que-los-sitios-we\" target=\"_blank\" rel=\"noopener noreferrer\">Mozilla Firefox<\/a><\/li>\n<li><a href=\"http:\/\/support.google.com\/chrome\/bin\/answer.py?hl=es&amp;answer=95647\" target=\"_blank\" rel=\"noopener noreferrer\">Google Chrome<\/a><\/li>\n<li><a href=\"http:\/\/windows.microsoft.com\/es-es\/internet-explorer\/delete-manage-cookies#ie=ie-10\" target=\"_blank\" rel=\"noopener noreferrer\">Microsoft Internet Explorer<\/a><\/li>\n<li><a href=\"http:\/\/support.apple.com\/kb\/ph5042\" target=\"_blank\" rel=\"noopener noreferrer\">Apple Safari<\/a><\/li>\n<li><a href=\"http:\/\/help.opera.com\/Windows\/11.50\/es-ES\/cookies.html\" target=\"_blank\" rel=\"noopener noreferrer\">Opera<\/a><\/li>\n<\/ul>\n<p>Segons el que disposa l&#8217;article 22.2 de la Llei 34\/2002, de 11 de juliol, de Serveis de la Societat de la Informaci\u00f3 i de Comer\u00e7 Electr\u00f2nic (LSSI-CE), l&#8217;informem de les cookies utilitzades al nostre lloc web en el seg\u00fcent apartat.<\/p>\n<\/div>\n<div class=\"nuestras-cookies\">\n<h2>Aquestes s\u00f3n les cookies que utilitzem.<\/h2>\n<h3>Cookies pr\u00f2pies<\/h3>\n<div>Cookies internes que necessita la nostra plataforma per a funcionar.<\/div>\n<table class=\"cod-propias \">\n<tbody>\n<tr>\n<th>Nombre<\/th>\n<th>Gesti\u00f3n<\/th>\n<th>Duraci\u00f3n<\/th>\n<th>Descripci\u00f3n<\/th>\n<\/tr>\n<tr class=\"\">\n<td>session_id_XXXXXXXX<\/td>\n<td>Pr\u00f2pia<\/td>\n<td>Sessi\u00f3<\/td>\n<td>Emmagatzema la sessi\u00f3 de l&#8217;usuari actual. Es tracta d&#8217;una galeta t\u00e8cnica de sessi\u00f3 necess\u00e0ria per al correcte funcionament de la web.<\/td>\n<\/tr>\n<tr class=\"\">\n<td>cookies_acepted<\/td>\n<td>Pr\u00f2pia<\/td>\n<td>Sessi\u00f3<\/td>\n<td>Es crea per recordar que un usuari ha acceptat les cookies.<\/td>\n<\/tr>\n<tr class=\"\">\n<td>suscrip<\/td>\n<td>Pr\u00f2pia<\/td>\n<td>1 any<\/td>\n<td>Es crea per recordar si se li va mostrar ja a l&#8217;usuari la finestra emergent de subscripci\u00f3.<\/td>\n<\/tr>\n<\/tbody>\n<\/table>\n<h3>Google Anal\u00edtics<\/h3>\n<div>\n<p>Ferramenta d&#8217;an\u00e0lisis de navegaci\u00f3 de Google.<\/p>\n<\/div>\n<table class=\"cod-ga \">\n<tbody>\n<tr>\n<th>Nombre<\/th>\n<th>Gesti\u00f3n<\/th>\n<th>Duraci\u00f3n<\/th>\n<th>Descripci\u00f3n<\/th>\n<\/tr>\n<tr class=\"\">\n<td>_ga<\/td>\n<td>Pr\u00f2pia<\/td>\n<td>Sesi\u00f3<\/td>\n<td>Google Anal\u00edtics usa esta cookie per a distingir als usuaris.<\/td>\n<\/tr>\n<tr class=\"\">\n<td>_gat<\/td>\n<td>Pr\u00f2pia<\/td>\n<td>10 hores<\/td>\n<td>Google Anal\u00edtics utilitza aquesta cookie per a limitar el percentatge de sol\u00b7licituds.<\/td>\n<\/tr>\n<tr class=\"\">\n<td>__utma<\/td>\n<td>Pr\u00f2pia<\/td>\n<td>2 anys<\/td>\n<td>Es fa servir per distingir usuaris i sessions. La galeta es crea quan s&#8217;executa la biblioteca JavaScript i no hi ha cap cookie __utma. La galeta s&#8217;actualitza cada vegada que s&#8217;envien dades a Google Analytics.<\/td>\n<\/tr>\n<tr class=\"\">\n<td>__utmt<\/td>\n<td>Pr\u00f2pia<\/td>\n<td>10 hores<\/td>\n<td>S&#8217;utilitza per a limitar el percentatge de sol\u00b7licituds.<\/td>\n<\/tr>\n<tr class=\"\">\n<td>__utmb<\/td>\n<td>Pr\u00f2pia<\/td>\n<td>30 minuts<\/td>\n<td>Es fa servir per determinar noves sessions o visites. La galeta es crea quan s&#8217;executa la biblioteca JavaScript i no hi ha Cap cookie __utmb. La cookie s&#8217;actualitza cada vegada que s&#8217;envien dades a Google Analytics.<\/td>\n<\/tr>\n<tr class=\"\">\n<td>__utmc<\/td>\n<td>Pr\u00f2pia<\/td>\n<td>Sesi\u00f3<\/td>\n<td>No s&#8217;usa en ga.js. Es configura per interactuar amb urchin.js. Anteriorment, aquesta galeta actuava juntament amb la cookie __utmb per determinar si l&#8217;usuari estava en una nova sessi\u00f3 o visita.<\/td>\n<\/tr>\n<tr class=\"\">\n<td>__utmz<\/td>\n<td>Pr\u00f2pia<\/td>\n<td>6 mesos<\/td>\n<td>Emmagatzema la font de tr\u00e0nsit o la campanya que explica com ha arribat l&#8217;usuari a el lloc. La cookie es crea quan s&#8217;executa la biblioteca JavaScript i s&#8217;actualitza cada vegada que s&#8217;envien dades a Google Analytics.<\/td>\n<\/tr>\n<tr class=\"\">\n<td>__utmv<\/td>\n<td>Pr\u00f2pia<\/td>\n<td>2 anys<\/td>\n<td>Es fa servir per emmagatzemar dades de variables personalitzades de visitant. Aquesta cookie es crea quan un programador fa servir el m\u00e8tode _setCustomVar amb una variable personalitzada de visitant. Tamb\u00e9 es feia servir per al m\u00e8tode _setVar retirat. La cookie s&#8217;actualitza cada vegada que s&#8217;envien dades a Google Analytics.<\/td>\n<\/tr>\n<tr class=\"\">\n<td>__utmx<\/td>\n<td>Pr\u00f2pia<\/td>\n<td>18 mesos<\/td>\n<td>Es fa servir per determinar la inclusi\u00f3 d&#8217;un usuari en un experiment.<\/td>\n<\/tr>\n<tr class=\"\">\n<td>__utmxx<\/td>\n<td>Pr\u00f2pia<\/td>\n<td>18 mesos<\/td>\n<td>Es fa servir per a determinar la caducitat dels experiments en qu\u00e8 s&#8217;ha incl\u00f2s a un usuari.<\/td>\n<\/tr>\n<tr class=\"\">\n<td>_gaexp<\/td>\n<td>Pr\u00f2pia<\/td>\n<td>3 mesos<\/td>\n<td>Es fa servir per determinar la inclusi\u00f3 d&#8217;un usuari en un experiment i la caducitat dels experiments en qu\u00e8 participa.<\/td>\n<\/tr>\n<\/tbody>\n<\/table>\n<\/div>\n<\/div>\n<\/div>\n<footer class=\"main-footer\">\n<div class=\"inner-footer\">\u00a0<\/div>\n<\/footer>\n\n\n<h2 class=\"wp-block-heading\">Cookies de tercers.<\/h2>\n\n\n\n<h3 class=\"wp-block-heading\">Cookies anal\u00edtiques: Google Analitycs<\/h3>\n\n\n\n<p>Aquesta web utilitza serveis d&#8217;an\u00e0lisi; concretament, Google Analytics per ajudar a l&#8217;website a analitzar l&#8217;\u00fas que fan els usuaris del lloc web i millorar la usabilitat de la mateixa, per\u00f2 en cap cas s&#8217;associen a dades que poguessin arribar a identificar l&#8217;usuari. Google Analytics \u00e9s un servei anal\u00edtic de web prestat per Google Inc. L&#8217;usuari pot consultar <a href=\"https:\/\/www.google.es\/intl\/es\/policies\/technologies\/types\/\" rel=\"nofollow noopener\" target=\"_blank\">ac\u00ed<\/a> el tipus de cookies utilitzades per Google.<\/p>\n\n\n\n<h3 class=\"wp-block-heading\">Cookies de xarxes socials<\/h3>\n\n\n\n<p>Les cookies de xarxes socials poden emmagatzemar-se en el seu navegador mentre navega per www.qualitatis.es, per exemple, quan utilitza el bot\u00f3 de compartir continguts de www.qualitatis.es en alguna xarxa social.<\/p>\n\n\n\n<p>A continuaci\u00f3, tens informaci\u00f3 sobre les cookies de les xarxes socials que utilitza aquesta web en les seves pr\u00f2pies pol\u00edtiques de cookies:<\/p>\n\n\n\n<ul class=\"wp-block-list\"><li>Cookies de Facebook, veure m\u00e9s informaci\u00f3:\u00a0<a href=\"https:\/\/www.facebook.com\/policies\/cookies\/\" target=\"_blank\" rel=\"noopener\">pol\u00edtica de cookies<\/a><\/li><li>Cookies de Twitter, veure m\u00e9s informaci\u00f3:\u00a0<a href=\"https:\/\/twitter.com\/privacy\" target=\"_blank\" rel=\"noopener\">pol\u00edtica de cookies<\/a><\/li><li>Cookies de Instagram, veure m\u00e9s informaci\u00f3: <a href=\"https:\/\/www.facebook.com\/policies\/cookies\/\" target=\"_blank\" rel=\"noopener\">pol\u00edtica de cookies<\/a>.<\/li><li>Cookies de Youtube, veure m\u00e9s informaci\u00f3: <a href=\"http:\/\/www.google.com\/intl\/es\/policies\/technologies\/types\/\" target=\"_blank\" rel=\"noopener\">pol\u00edtica de cookies<\/a>.<\/li><li>Cookies de Vimeo, veure m\u00e9s informaci\u00f3: <a href=\"https:\/\/vimeo.com\/cookie_policy\" target=\"_blank\" rel=\"noopener\">pol\u00edtica de cookies<\/a>.<\/li><\/ul>\n\n\n\n<h3 class=\"wp-block-heading\"><strong>Cookies publicit\u00e0ries: AdWords.<\/strong><\/h3>\n\n\n\n<p>Portem a terme accions de rem\u00e0rqueting amb Google AdWords, que utilitza les cookies per ajudar-nos a oferir anuncis en l\u00ednia espec\u00edfic basat en visites anteriors al nostre lloc web. Google utilitza aquesta informaci\u00f3 per mostrar anuncis en diversos llocs web de tercers a trav\u00e9s d&#8217;Internet. Aquestes galetes estan a punt d&#8217;expirar i no contenen informaci\u00f3 que pugui identificar personalment. Si us plau dirigeix-te a la <a href=\"http:\/\/www.google.com\/privacy\/ads\/\" rel=\"nofollow noopener\" target=\"_blank\">publicitat de Google Avis de privacitat<\/a> per obtenir m\u00e9s informaci\u00f3.<\/p>\n\n\n\n<p>Portem a terme accions de rem\u00e0rqueting mitjan\u00e7ant Facebook ads, que utilitza les cookies per ajudar-nos a oferir anuncis en l\u00ednia espec\u00edfic basat en visites anteriors al nostre lloc web.<\/p>\n\n\n\n<p>En qualitatis.es gestionem les nostres campanyes de publicitat mitjan\u00e7ant l&#8217;eina DoubleClick que ens permet recopilar tota la informaci\u00f3 sobre la nostra audi\u00e8ncia de manera centralitzada. DoubleClick fa servir les cookies per millorar la publicitat. Les galetes solen usar-se comunament per orientar anuncis basats en contingut rellevant per a un usuari, millorar els informes de rendiment de la campanya i evitar mostrar anuncis que l&#8217;usuari ja hagi vist.<\/p>\n\n\n\n<p>DoubleClick fa servir ID de cookies per tenir un registre de quins anuncis s&#8217;han mostrat en determinats navegadors. En el moment de publicar un anunci en un navegador, pot usar l&#8217;identificador de galeta d&#8217;aquest navegador per comprovar quins anuncis ja s&#8217;han mostrat en aquest navegador en concret. Aix\u00ed \u00e9s com s&#8217;evita mostrar anuncis que l&#8217;usuari ja ha vist. De la mateixa manera, els ID de cookies permeten a DoubleClick registrar les conversions relatives a les sol\u00b7licituds d&#8217;anuncis, com quan un usuari veu un anunci de DoubleClick i, m\u00e9s endavant, fa servir el mateix navegador per visitar el lloc web de l&#8217;anunciant i realitzar una compra .<\/p>\n\n\n\n<p>Com a usuari d&#8217;Internet, en qualsevol moment podr\u00e0s procedir a l&#8217;esborrat de la informaci\u00f3 referent als teus h\u00e0bits de navegaci\u00f3, i el perfil relacionat que ha generat els referits h\u00e0bits, accedint de forma directa i gratu\u00efta a: <a href=\"https:\/\/www.google.com\/settings\/ads\/preferences?hl=es\" target=\"_blank\" rel=\"noopener\">https:\/\/www.google.com\/settings\/ads\/preferences?hl=es<\/a>. Si un usuari inhabilita aquesta funci\u00f3, la identificaci\u00f3 de galeta \u00fanic de DoubleClick en el navegador d&#8217;l&#8217;usuari es sobreescriu amb la fase &#8220;OPT_OUT&#8221;. A causa de que ja no hi ha un identificador de galeta \u00fanic, la galeta inhabilitada no es pot associar amb un determinat navegador.<\/p>\n\n\n\n<h3 class=\"wp-block-heading\">Cookies de afiliaci\u00f3n<\/h3>\n\n\n\n<p>Utilitzem plataformes de serveis d&#8217;afiliaci\u00f3 que fan servir cookies de navegador per fer seguiment de les vendes que van tenir origen en aquesta web en els programes d&#8217;afiliats amb qu\u00e8 aquest web col\u00b7labora.<\/p>\n\n\n\n<h3 class=\"wp-block-heading\"><strong>Cookies de ferramentes de chat.<\/strong><\/h3>\n\n\n\n<p>S&#8217;utilitzen per al &#8220;live xat&#8221; (xat en viu) per donar suport i resoldre dubtes de forma directa als clients. Instal\u00b7la galetes per identificar l&#8217;usuari i el seu dispositiu i con\u00e8ixer les seves prefer\u00e8ncies pel que fa a l&#8217;\u00fas de la lli\u00e7\u00f3 intern de Zoom, aix\u00ed com per con\u00e8ixer la prefer\u00e8ncia de l&#8217;usuari per desactivar el &#8220;live xat&#8221;, i cessar l&#8217;\u00fas de cookies.<\/p>\n\n\n\n<p>Es pot obtenir m\u00e9s informaci\u00f3 de la pol\u00edtica de cookies de Zoom al seg\u00fcent enlla\u00e7: https:\/\/zoom.us\/]<\/p>\n\n\n\n<h2 class=\"wp-block-heading\">Es poden eliminar les cookies?<\/h2>\n\n\n\n<p>S\u00ed, i no nom\u00e9s eliminar, tamb\u00e9 bloquejar, de forma general o particular per a un domini espec\u00edfic.<\/p>\n\n\n\n<p>Per eliminar les cookies d&#8217;un lloc web ha d&#8217;anar a la configuraci\u00f3 del seu navegador i all\u00e0 podr\u00e0 buscar les associades a el domini en q\u00fcesti\u00f3 i procedir a la seva eliminaci\u00f3.<\/p>\n\n\n\n<ul class=\"wp-block-list\"><li>Configuraci\u00f3 de cookies per a <a href=\"http:\/\/support.google.com\/chrome\/bin\/answer.py?hl=es&amp;answer=95647\" target=\"_blank\" rel=\"noopener\">Google Chrome<\/a><\/li><li>Configuraci\u00f3 de cookies per a <a href=\"https:\/\/support.apple.com\/es-es\/HT201265\" target=\"_blank\" rel=\"noopener\">Apple Safari<\/a><\/li><li>Configuraci\u00f3 de cookies per a <a href=\"https:\/\/support.microsoft.com\/en-us\/help\/17442\/windows-internet-explorer-delete-manage-cookies#ie=ie-10\" target=\"_blank\" rel=\"noopener\">Internet Explorer<\/a><\/li><li>Configuraci\u00f3 de cookies per a <a href=\"https:\/\/support.mozilla.org\/es\/kb\/habilitar-y-deshabilitar-cookies-sitios-web-rastrear-preferencias?redirectlocale=es&amp;redirectslug=habilitar-y-deshabilitar-cookies-que-los-sitios-we\" target=\"_blank\" rel=\"noopener\">Mozilla Firefox<\/a><\/li><\/ul>\n\n\n\n<h2 class=\"wp-block-heading\">Acceptaci\u00f3 de cookies.<\/h2>\n\n\n\n<p>Si l&#8217;usuari segueix navegant despr\u00e9s d&#8217;haver-li informat sobre la nostra Pol\u00edtica de cookies, entenem que accepta la utilitzaci\u00f3 de les cookies.<\/p>\n\n\n\n<p>A l&#8217;accedir a aquest lloc web o aplicaci\u00f3 per primera vegada, veureu una advert\u00e8ncia on se l&#8217;informa de la utilitzaci\u00f3 de les cookies i on pot consultar aquesta pol\u00edtica de galetes. Si l&#8217;usuari consent la utilitzaci\u00f3 de cookies, continua navegant o fa clic en algun link, s&#8217;entendr\u00e0 que ha consentit la nostra pol\u00edtica de cookies i, per tant, la instal\u00b7laci\u00f3 de les mateixes en el seu equip o dispositiu.<\/p>\n\n\n\n<p>A m\u00e9s de l&#8217;\u00fas de les nostres cookies pr\u00f2pies, permetem a tercers establir galetes i accedir-hi en el seu ordinador. El consentiment de l&#8217;\u00fas de les cookies d&#8217;aquestes empreses est\u00e0 lligat a la navegaci\u00f3 per aquest lloc web.<\/p>\n\n\n\n<h2 class=\"wp-block-heading\">M\u00e9s informaci\u00f3 sobre les cookies<\/h2>\n\n\n\n<p>Pots consultar el reglament sobre cookies publicat per l&#8217;Ag\u00e8ncia Espanyola de Protecci\u00f3 de Dades en el seu document \u201c<a href=\"https:\/\/www.agpd.es\/portalwebAGPD\/canaldocumentacion\/publicaciones\/common\/Guias\/Guia_Cookies.pdf\" target=\"_blank\" rel=\"noopener\">Gu\u00eda sobre el uso de las cookies<\/a>\u201d i \u00a0obtenir m\u00e9s informaci\u00f3 sobre les cookies en Internet, <a href=\"http:\/\/www.aboutcookies.org\/\" target=\"_blank\" rel=\"noopener\">http:\/\/www.aboutcookies.org\/<\/a>.<\/p>\n\n\n\n<p>Si voleu tenir un major control sobre la instal\u00b7laci\u00f3 de cookies, pot instal\u00b7lar programes o complements al seu navegador, coneguts com a eines de &#8220;Do Not Track&#8221;, que li permetran escollir aquelles cookies que desitja permetre.<\/p>\n\n\n\n<p>Aquesta pol\u00edtica de cookies ha estat actualitzada per darrera vegada el 9 de juliol de 2020.<\/p>\n","protected":false},"excerpt":{"rendered":"<p>\u00a0 En aquest web recollim i utilitzem la informaci\u00f3 segons indiquem en la nostra pol\u00edtica de privacitat. Una de les formes en les que recollim informaci\u00f3 \u00e9s a trav\u00e9s de l&#8217;\u00fas de la tecnologia anomenada &#8220;cookies&#8221;. En www.qualitatis.es, utilitzem cookies [&hellip;]<\/p>\n","protected":false},"author":2,"featured_media":0,"parent":0,"menu_order":0,"comment_status":"closed","ping_status":"closed","template":"","meta":{"site-sidebar-layout":"default","site-content-layout":"","ast-site-content-layout":"default","site-content-style":"default","site-sidebar-style":"default","ast-global-header-display":"","ast-banner-title-visibility":"","ast-main-header-display":"","ast-hfb-above-header-display":"","ast-hfb-below-header-display":"","ast-hfb-mobile-header-display":"","site-post-title":"","ast-breadcrumbs-content":"","ast-featured-img":"","footer-sml-layout":"","ast-disable-related-posts":"","theme-transparent-header-meta":"","adv-header-id-meta":"","stick-header-meta":"","header-above-stick-meta":"","header-main-stick-meta":"","header-below-stick-meta":"","astra-migrate-meta-layouts":"set","ast-page-background-enabled":"default","ast-page-background-meta":{"desktop":{"background-color":"","background-image":"","background-repeat":"repeat","background-position":"center center","background-size":"auto","background-attachment":"scroll","background-type":"","background-media":"","overlay-type":"","overlay-color":"","overlay-opacity":"","overlay-gradient":""},"tablet":{"background-color":"","background-image":"","background-repeat":"repeat","background-position":"center center","background-size":"auto","background-attachment":"scroll","background-type":"","background-media":"","overlay-type":"","overlay-color":"","overlay-opacity":"","overlay-gradient":""},"mobile":{"background-color":"","background-image":"","background-repeat":"repeat","background-position":"center center","background-size":"auto","background-attachment":"scroll","background-type":"","background-media":"","overlay-type":"","overlay-color":"","overlay-opacity":"","overlay-gradient":""}},"ast-content-background-meta":{"desktop":{"background-color":"var(--ast-global-color-5)","background-image":"","background-repeat":"repeat","background-position":"center center","background-size":"auto","background-attachment":"scroll","background-type":"","background-media":"","overlay-type":"","overlay-color":"","overlay-opacity":"","overlay-gradient":""},"tablet":{"background-color":"var(--ast-global-color-5)","background-image":"","background-repeat":"repeat","background-position":"center center","background-size":"auto","background-attachment":"scroll","background-type":"","background-media":"","overlay-type":"","overlay-color":"","overlay-opacity":"","overlay-gradient":""},"mobile":{"background-color":"var(--ast-global-color-5)","background-image":"","background-repeat":"repeat","background-position":"center center","background-size":"auto","background-attachment":"scroll","background-type":"","background-media":"","overlay-type":"","overlay-color":"","overlay-opacity":"","overlay-gradient":""}},"footnotes":""},"class_list":["post-19524","page","type-page","status-publish","hentry"],"_links":{"self":[{"href":"https:\/\/www.qualitatis.es\/ca\/wp-json\/wp\/v2\/pages\/19524","targetHints":{"allow":["GET"]}}],"collection":[{"href":"https:\/\/www.qualitatis.es\/ca\/wp-json\/wp\/v2\/pages"}],"about":[{"href":"https:\/\/www.qualitatis.es\/ca\/wp-json\/wp\/v2\/types\/page"}],"author":[{"embeddable":true,"href":"https:\/\/www.qualitatis.es\/ca\/wp-json\/wp\/v2\/users\/2"}],"replies":[{"embeddable":true,"href":"https:\/\/www.qualitatis.es\/ca\/wp-json\/wp\/v2\/comments?post=19524"}],"version-history":[{"count":0,"href":"https:\/\/www.qualitatis.es\/ca\/wp-json\/wp\/v2\/pages\/19524\/revisions"}],"wp:attachment":[{"href":"https:\/\/www.qualitatis.es\/ca\/wp-json\/wp\/v2\/media?parent=19524"}],"curies":[{"name":"wp","href":"https:\/\/api.w.org\/{rel}","templated":true}]}}