{"id":19501,"date":"2019-05-05T12:31:40","date_gmt":"2019-05-05T10:31:40","guid":{"rendered":"https:\/\/www.qualitatis.es\/?page_id=19501"},"modified":"2020-09-14T18:34:59","modified_gmt":"2020-09-14T16:34:59","slug":"planes-de-correcta-higiene","status":"publish","type":"page","link":"https:\/\/www.qualitatis.es\/ca\/productes-i-serveis-de-qualitatis\/consultoria-qualitat-i-seguretat-alimentaria\/planes-de-correcta-higiene\/","title":{"rendered":"Plans de correcta higiene"},"content":{"rendered":"<h2>\n\t\tPlans de correcta higiene.\n\t<\/h2>\n\t<p>El conjunt de reglaments comunitaris relatius a la higiene dels aliments recalca la necessitat que s&#8217;apliquen bones pr\u00e0ctiques d&#8217;higiene a les empreses aliment\u00e0ries, aix\u00ed com l&#8217;obligatorietat d&#8217;implantar sistemes d&#8217;autocontrol basats en els principis de l&#8217;An\u00e0lisi de Perills i Punts de Control Cr\u00edtic (APPCC). En determinades situacions, l&#8217;APPCC no resulta f\u00e0cil per als responsables de les mateixes. Dins del marge de flexibilitat que aquesta legislaci\u00f3 cont\u00e9, el <a href=\"http:\/\/eur-lex.europa.eu\/LexUriServ\/LexUriServ.do?uri=CELEX:32004R0852:ES:NOT\" target=\"_blank\" rel=\"nofollow noopener noreferrer\">Reglament (CE) n\u00ba 852\/2004<\/a>, del Parlament europeu i del Consell, de 29 d&#8217;abril de 2004, relatiu a la higiene dels productes alimentaris, estableix que en alguns casos les pr\u00e0ctiques de correcta higiene (PCH) poden reempla\u00e7ar el seguiment de punts cr\u00edtics. L&#8217;Administraci\u00f3, per anar aplicant als diferents sectors la normativa vigent, exigeix a certs sectors el compliment de determinades Pr\u00e0ctiques de Correcta Higiene per emplenar en empreses, que, per la seva idiosincr\u00e0sia, no estan subjectes a l&#8217;APPCC per\u00f2 s\u00ed a aquestes pr\u00e0ctiques. En Qualitatis oferim solucions per a tots els sectors:<\/p>\n<ul>\n<li>Lacti.<\/li>\n<li>Distribu\u00efdors polivalents.<\/li>\n<li>Hostaleria.<\/li>\n<li>Allotjaments Tur\u00edstics.<\/li>\n<li>Altres (consulteu amb nosaltres).<\/li>\n<\/ul>\n\t<ul>\n<li><\/li>\n<\/ul>\n<p><img fetchpriority=\"high\" decoding=\"async\" title=\"warehouse-485241_1280\" src=\"https:\/\/www.qualitatis.es\/wp-content\/uploads\/2018\/06\/warehouse-485241_1280-1024x576.jpg\" alt=\"Planes de correcta higiene (PCH).\" width=\"1024\" height=\"576\" \/><\/p>\n<h2>\n\t\tVols m\u00e9s informaci\u00f3? Contacta amb nosaltres!\n\t<\/h2>\n","protected":false},"excerpt":{"rendered":"","protected":false},"author":2,"featured_media":0,"parent":20390,"menu_order":0,"comment_status":"closed","ping_status":"closed","template":"page_beaver.php","meta":{"site-sidebar-layout":"default","site-content-layout":"","ast-site-content-layout":"default","site-content-style":"default","site-sidebar-style":"default","ast-global-header-display":"","ast-banner-title-visibility":"","ast-main-header-display":"","ast-hfb-above-header-display":"","ast-hfb-below-header-display":"","ast-hfb-mobile-header-display":"","site-post-title":"","ast-breadcrumbs-content":"","ast-featured-img":"","footer-sml-layout":"","ast-disable-related-posts":"","theme-transparent-header-meta":"","adv-header-id-meta":"","stick-header-meta":"","header-above-stick-meta":"","header-main-stick-meta":"","header-below-stick-meta":"","astra-migrate-meta-layouts":"default","ast-page-background-enabled":"default","ast-page-background-meta":{"desktop":{"background-color":"","background-image":"","background-repeat":"repeat","background-position":"center center","background-size":"auto","background-attachment":"scroll","background-type":"","background-media":"","overlay-type":"","overlay-color":"","overlay-opacity":"","overlay-gradient":""},"tablet":{"background-color":"","background-image":"","background-repeat":"repeat","background-position":"center center","background-size":"auto","background-attachment":"scroll","background-type":"","background-media":"","overlay-type":"","overlay-color":"","overlay-opacity":"","overlay-gradient":""},"mobile":{"background-color":"","background-image":"","background-repeat":"repeat","background-position":"center center","background-size":"auto","background-attachment":"scroll","background-type":"","background-media":"","overlay-type":"","overlay-color":"","overlay-opacity":"","overlay-gradient":""}},"ast-content-background-meta":{"desktop":{"background-color":"var(--ast-global-color-5)","background-image":"","background-repeat":"repeat","background-position":"center center","background-size":"auto","background-attachment":"scroll","background-type":"","background-media":"","overlay-type":"","overlay-color":"","overlay-opacity":"","overlay-gradient":""},"tablet":{"background-color":"var(--ast-global-color-5)","background-image":"","background-repeat":"repeat","background-position":"center center","background-size":"auto","background-attachment":"scroll","background-type":"","background-media":"","overlay-type":"","overlay-color":"","overlay-opacity":"","overlay-gradient":""},"mobile":{"background-color":"var(--ast-global-color-5)","background-image":"","background-repeat":"repeat","background-position":"center center","background-size":"auto","background-attachment":"scroll","background-type":"","background-media":"","overlay-type":"","overlay-color":"","overlay-opacity":"","overlay-gradient":""}},"footnotes":""},"class_list":["post-19501","page","type-page","status-publish","hentry"],"_links":{"self":[{"href":"https:\/\/www.qualitatis.es\/ca\/wp-json\/wp\/v2\/pages\/19501","targetHints":{"allow":["GET"]}}],"collection":[{"href":"https:\/\/www.qualitatis.es\/ca\/wp-json\/wp\/v2\/pages"}],"about":[{"href":"https:\/\/www.qualitatis.es\/ca\/wp-json\/wp\/v2\/types\/page"}],"author":[{"embeddable":true,"href":"https:\/\/www.qualitatis.es\/ca\/wp-json\/wp\/v2\/users\/2"}],"replies":[{"embeddable":true,"href":"https:\/\/www.qualitatis.es\/ca\/wp-json\/wp\/v2\/comments?post=19501"}],"version-history":[{"count":0,"href":"https:\/\/www.qualitatis.es\/ca\/wp-json\/wp\/v2\/pages\/19501\/revisions"}],"up":[{"embeddable":true,"href":"https:\/\/www.qualitatis.es\/ca\/wp-json\/wp\/v2\/pages\/20390"}],"wp:attachment":[{"href":"https:\/\/www.qualitatis.es\/ca\/wp-json\/wp\/v2\/media?parent=19501"}],"curies":[{"name":"wp","href":"https:\/\/api.w.org\/{rel}","templated":true}]}}