{"id":19471,"date":"2019-04-29T23:25:07","date_gmt":"2019-04-29T21:25:07","guid":{"rendered":"https:\/\/www.qualitatis.es\/?page_id=19471"},"modified":"2021-01-13T23:16:22","modified_gmt":"2021-01-13T22:16:22","slug":"implantacio-de-la-norma-iso-22000","status":"publish","type":"page","link":"https:\/\/www.qualitatis.es\/ca\/productes-i-serveis-de-qualitatis\/consultoria-qualitat-i-seguretat-alimentaria\/implantacio-de-la-norma-iso-22000\/","title":{"rendered":"Implantaci\u00f3 de la Norma ISO 22000."},"content":{"rendered":"<p>Per a aquelles empreses que vulguin fer un pas m\u00e9s en la implantaci\u00f3 de Sistemes de Gesti\u00f3 de la Innocu\u00eftat Aliment\u00e0ria (SGIA), la implantaci\u00f3 de la Norma UNE-EN-ISO 22000 \u00e9s la soluci\u00f3 m\u00e9s adequada. A m\u00e9s de ser un distintiu de qualitat la implantaci\u00f3 de la Norma ISO 22000 li obrir\u00e0 les portes de grans empreses, mercats internacionals i clients amb est\u00e0ndards de qualitat m\u00e9s elevats.<\/p>\n<p>La Norma ISO 22000 incorpora els principis de l&#8217;APPCC i dels programes de prerequisits dins d&#8217;un sistema de gesti\u00f3 an\u00e0leg a la Norma ISO 9001. El cam\u00ed a rec\u00f3rrer des d&#8217;un programa de Requisits Previs d&#8217;Higiene i Tra\u00e7abilitat (RPHT) o des del programa de an\u00e0lisi de Perills i Punts de Control Cr\u00edtic (APPCC) no \u00e9s molt lluny\u00e0. Els nostres experts ajudaran a la seva empresa a donar tots els passos necessaris per a la Certificaci\u00f3 ISO 22000, aix\u00ed com al posterior manteniment del sistema. Entre els objectius de la Norma que assumir\u00e0 la seva empresa estan aquests tres principis:<a href=\"https:\/\/www.qualitatis.es\/servicios-calidad\/consultoria-calidad-y-seguridad-alimentaria\/implantacion-iso-22000\/\" rel=\"attachment wp-att-18805\"><img fetchpriority=\"high\" decoding=\"async\" class=\"alignright wp-image-18805 size-one-half\" src=\"https:\/\/www.qualitatis.es\/wp-content\/uploads\/2018\/06\/iso-154533_1280-550x413.png\" alt=\"\" width=\"550\" height=\"413\" srcset=\"https:\/\/www.qualitatis.es\/wp-content\/uploads\/2018\/06\/iso-154533_1280-550x413.png 550w, https:\/\/www.qualitatis.es\/wp-content\/uploads\/2018\/06\/iso-154533_1280-800x600.png 800w, https:\/\/www.qualitatis.es\/wp-content\/uploads\/2018\/06\/iso-154533_1280-350x263.png 350w, https:\/\/www.qualitatis.es\/wp-content\/uploads\/2018\/06\/iso-154533_1280-260x195.png 260w\" sizes=\"(max-width: 550px) 100vw, 550px\" \/><\/a><\/p>\n<ul>\n<li><strong>Seguretat i innocu\u00eftat aliment\u00e0ria:<\/strong> garantia d&#8217;innocu\u00eftat per als aliments. L&#8217;empresa que implanta la Norma ISO 22000 pot assegurar que els seus productes no causaran dany al consumidor sempre que es preparin o consumeixin d&#8217;acord amb l&#8217;\u00fas descrit per al qual es destinen.<\/li>\n<\/ul>\n<ul>\n<li><strong>Qualitat de producte:<\/strong> l&#8217;empresa garanteix per al seu producte que compleix un conjunt de caracter\u00edstiques que asseguren que compleixen amb els requeriments, necessitats o expectatives establertes (definici\u00f3 segons ISO 9000: 2005).<\/li>\n<\/ul>\n<ul>\n<li><strong>Qualitat aliment\u00e0ria:<\/strong> grau en qu\u00e8 un producte alimentari compleix amb un conjunt de caracter\u00edstiques o trets diferenciadors que compleixen amb els requisits, necessitats o expectatives establertes.<\/li>\n<\/ul>\n<p>Els avantatges de tenir la Norma ISO 22000 implantada a la seva empresa s\u00f3n:<\/p>\n<ul>\n<li>Integraci\u00f3 dels elements de seguretat aliment\u00e0ria en tots els processos.<\/li>\n<li>Reconeixement mutu de les organitzacions.<\/li>\n<li>Optimitzaci\u00f3 de la tra\u00e7abilitat en tota la cadena.<\/li>\n<li>Pol\u00edtiques \/ Objectius comuns per a totes les organitzacions de la cadena.<\/li>\n<li>Comunicaci\u00f3 de pol\u00edtiques i procediments a trav\u00e9s de la cadena.<\/li>\n<li>Enlla\u00e7os d&#8217;objectius de negoci per a les organitzacions.<\/li>\n<li>Reducci\u00f3 de costos per a les organitzacions<\/li>\n<li>La norma est\u00e0 basada en un est\u00e0ndard que es pot auditar i que, per tant, permet avaluar el seu nivell de compliment.<\/li>\n<\/ul>\n","protected":false},"excerpt":{"rendered":"<p>Per a aquelles empreses que vulguin fer un pas m\u00e9s en la implantaci\u00f3 de Sistemes de Gesti\u00f3 de la Innocu\u00eftat Aliment\u00e0ria (SGIA), la implantaci\u00f3 de la Norma UNE-EN-ISO 22000 \u00e9s la soluci\u00f3 m\u00e9s adequada. A m\u00e9s de ser un distintiu [&hellip;]<\/p>\n","protected":false},"author":2,"featured_media":0,"parent":20390,"menu_order":0,"comment_status":"closed","ping_status":"closed","template":"","meta":{"site-sidebar-layout":"default","site-content-layout":"default","ast-site-content-layout":"default","site-content-style":"default","site-sidebar-style":"default","ast-global-header-display":"","ast-banner-title-visibility":"","ast-main-header-display":"","ast-hfb-above-header-display":"","ast-hfb-below-header-display":"","ast-hfb-mobile-header-display":"","site-post-title":"","ast-breadcrumbs-content":"","ast-featured-img":"disabled","footer-sml-layout":"","ast-disable-related-posts":"","theme-transparent-header-meta":"default","adv-header-id-meta":"","stick-header-meta":"","header-above-stick-meta":"","header-main-stick-meta":"","header-below-stick-meta":"","astra-migrate-meta-layouts":"default","ast-page-background-enabled":"default","ast-page-background-meta":{"desktop":{"background-color":"","background-image":"","background-repeat":"repeat","background-position":"center center","background-size":"auto","background-attachment":"scroll","background-type":"","background-media":"","overlay-type":"","overlay-color":"","overlay-opacity":"","overlay-gradient":""},"tablet":{"background-color":"","background-image":"","background-repeat":"repeat","background-position":"center center","background-size":"auto","background-attachment":"scroll","background-type":"","background-media":"","overlay-type":"","overlay-color":"","overlay-opacity":"","overlay-gradient":""},"mobile":{"background-color":"","background-image":"","background-repeat":"repeat","background-position":"center center","background-size":"auto","background-attachment":"scroll","background-type":"","background-media":"","overlay-type":"","overlay-color":"","overlay-opacity":"","overlay-gradient":""}},"ast-content-background-meta":{"desktop":{"background-color":"var(--ast-global-color-5)","background-image":"","background-repeat":"repeat","background-position":"center center","background-size":"auto","background-attachment":"scroll","background-type":"","background-media":"","overlay-type":"","overlay-color":"","overlay-opacity":"","overlay-gradient":""},"tablet":{"background-color":"var(--ast-global-color-5)","background-image":"","background-repeat":"repeat","background-position":"center center","background-size":"auto","background-attachment":"scroll","background-type":"","background-media":"","overlay-type":"","overlay-color":"","overlay-opacity":"","overlay-gradient":""},"mobile":{"background-color":"var(--ast-global-color-5)","background-image":"","background-repeat":"repeat","background-position":"center center","background-size":"auto","background-attachment":"scroll","background-type":"","background-media":"","overlay-type":"","overlay-color":"","overlay-opacity":"","overlay-gradient":""}},"footnotes":""},"class_list":["post-19471","page","type-page","status-publish","hentry"],"_links":{"self":[{"href":"https:\/\/www.qualitatis.es\/ca\/wp-json\/wp\/v2\/pages\/19471","targetHints":{"allow":["GET"]}}],"collection":[{"href":"https:\/\/www.qualitatis.es\/ca\/wp-json\/wp\/v2\/pages"}],"about":[{"href":"https:\/\/www.qualitatis.es\/ca\/wp-json\/wp\/v2\/types\/page"}],"author":[{"embeddable":true,"href":"https:\/\/www.qualitatis.es\/ca\/wp-json\/wp\/v2\/users\/2"}],"replies":[{"embeddable":true,"href":"https:\/\/www.qualitatis.es\/ca\/wp-json\/wp\/v2\/comments?post=19471"}],"version-history":[{"count":0,"href":"https:\/\/www.qualitatis.es\/ca\/wp-json\/wp\/v2\/pages\/19471\/revisions"}],"up":[{"embeddable":true,"href":"https:\/\/www.qualitatis.es\/ca\/wp-json\/wp\/v2\/pages\/20390"}],"wp:attachment":[{"href":"https:\/\/www.qualitatis.es\/ca\/wp-json\/wp\/v2\/media?parent=19471"}],"curies":[{"name":"wp","href":"https:\/\/api.w.org\/{rel}","templated":true}]}}