{"id":19385,"date":"2019-04-21T23:41:23","date_gmt":"2019-04-21T21:41:23","guid":{"rendered":"https:\/\/www.qualitatis.es\/?page_id=19385"},"modified":"2019-04-21T23:45:35","modified_gmt":"2019-04-21T21:45:35","slug":"disseny-de-catalegs-menus-i-cartes","status":"publish","type":"page","link":"https:\/\/www.qualitatis.es\/ca\/productes-i-serveis-de-qualitatis\/altres-serveis\/disseny-de-catalegs-menus-i-cartes\/","title":{"rendered":"Disseny de cat\u00e0legs, men\u00fas i cartes."},"content":{"rendered":"<p>El nostre equip de disseny li oferir\u00e0 les cartes m\u00e9s adaptades a la imatge del seu negoci: cl\u00e0ssic, elegant, modern, informal, desenfadat, chic. Tot perqu\u00e8 els seus plats, begudes i productes ressaltin i entrin per la vista.<\/p>\n<figure id=\"attachment_19375\" aria-describedby=\"caption-attachment-19375\" style=\"width: 550px\" class=\"wp-caption aligncenter\"><img fetchpriority=\"high\" decoding=\"async\" class=\"wp-image-19375 size-one-half\" src=\"https:\/\/www.qualitatis.es\/wp-content\/uploads\/2019\/04\/dise\u00f1o-cartas-550x413.jpg\" alt=\"Disseny de cartes i men\u00fas\" width=\"550\" height=\"413\" srcset=\"https:\/\/www.qualitatis.es\/wp-content\/uploads\/2019\/04\/dise\u00f1o-cartas-550x413.jpg 550w, https:\/\/www.qualitatis.es\/wp-content\/uploads\/2019\/04\/dise\u00f1o-cartas-800x600.jpg 800w, https:\/\/www.qualitatis.es\/wp-content\/uploads\/2019\/04\/dise\u00f1o-cartas-350x263.jpg 350w, https:\/\/www.qualitatis.es\/wp-content\/uploads\/2019\/04\/dise\u00f1o-cartas-260x195.jpg 260w\" sizes=\"(max-width: 550px) 100vw, 550px\" \/><figcaption id=\"caption-attachment-19375\" class=\"wp-caption-text\">Photo by Lieuwe Terpstra on Unsplash<\/figcaption><\/figure>\n","protected":false},"excerpt":{"rendered":"<p>El nostre equip de disseny li oferir\u00e0 les cartes m\u00e9s adaptades a la imatge del seu negoci: cl\u00e0ssic, elegant, modern, informal, desenfadat, chic. Tot perqu\u00e8 els seus plats, begudes i productes ressaltin i entrin per la vista.<\/p>\n","protected":false},"author":2,"featured_media":0,"parent":21079,"menu_order":0,"comment_status":"closed","ping_status":"closed","template":"","meta":{"site-sidebar-layout":"default","site-content-layout":"","ast-site-content-layout":"default","site-content-style":"default","site-sidebar-style":"default","ast-global-header-display":"","ast-banner-title-visibility":"","ast-main-header-display":"","ast-hfb-above-header-display":"","ast-hfb-below-header-display":"","ast-hfb-mobile-header-display":"","site-post-title":"","ast-breadcrumbs-content":"","ast-featured-img":"","footer-sml-layout":"","ast-disable-related-posts":"","theme-transparent-header-meta":"","adv-header-id-meta":"","stick-header-meta":"","header-above-stick-meta":"","header-main-stick-meta":"","header-below-stick-meta":"","astra-migrate-meta-layouts":"default","ast-page-background-enabled":"default","ast-page-background-meta":{"desktop":{"background-color":"","background-image":"","background-repeat":"repeat","background-position":"center center","background-size":"auto","background-attachment":"scroll","background-type":"","background-media":"","overlay-type":"","overlay-color":"","overlay-opacity":"","overlay-gradient":""},"tablet":{"background-color":"","background-image":"","background-repeat":"repeat","background-position":"center center","background-size":"auto","background-attachment":"scroll","background-type":"","background-media":"","overlay-type":"","overlay-color":"","overlay-opacity":"","overlay-gradient":""},"mobile":{"background-color":"","background-image":"","background-repeat":"repeat","background-position":"center center","background-size":"auto","background-attachment":"scroll","background-type":"","background-media":"","overlay-type":"","overlay-color":"","overlay-opacity":"","overlay-gradient":""}},"ast-content-background-meta":{"desktop":{"background-color":"var(--ast-global-color-5)","background-image":"","background-repeat":"repeat","background-position":"center center","background-size":"auto","background-attachment":"scroll","background-type":"","background-media":"","overlay-type":"","overlay-color":"","overlay-opacity":"","overlay-gradient":""},"tablet":{"background-color":"var(--ast-global-color-5)","background-image":"","background-repeat":"repeat","background-position":"center center","background-size":"auto","background-attachment":"scroll","background-type":"","background-media":"","overlay-type":"","overlay-color":"","overlay-opacity":"","overlay-gradient":""},"mobile":{"background-color":"var(--ast-global-color-5)","background-image":"","background-repeat":"repeat","background-position":"center center","background-size":"auto","background-attachment":"scroll","background-type":"","background-media":"","overlay-type":"","overlay-color":"","overlay-opacity":"","overlay-gradient":""}},"footnotes":""},"class_list":["post-19385","page","type-page","status-publish","hentry"],"_links":{"self":[{"href":"https:\/\/www.qualitatis.es\/ca\/wp-json\/wp\/v2\/pages\/19385","targetHints":{"allow":["GET"]}}],"collection":[{"href":"https:\/\/www.qualitatis.es\/ca\/wp-json\/wp\/v2\/pages"}],"about":[{"href":"https:\/\/www.qualitatis.es\/ca\/wp-json\/wp\/v2\/types\/page"}],"author":[{"embeddable":true,"href":"https:\/\/www.qualitatis.es\/ca\/wp-json\/wp\/v2\/users\/2"}],"replies":[{"embeddable":true,"href":"https:\/\/www.qualitatis.es\/ca\/wp-json\/wp\/v2\/comments?post=19385"}],"version-history":[{"count":0,"href":"https:\/\/www.qualitatis.es\/ca\/wp-json\/wp\/v2\/pages\/19385\/revisions"}],"up":[{"embeddable":true,"href":"https:\/\/www.qualitatis.es\/ca\/wp-json\/wp\/v2\/pages\/21079"}],"wp:attachment":[{"href":"https:\/\/www.qualitatis.es\/ca\/wp-json\/wp\/v2\/media?parent=19385"}],"curies":[{"name":"wp","href":"https:\/\/api.w.org\/{rel}","templated":true}]}}