{"id":19380,"date":"2019-04-21T22:40:18","date_gmt":"2019-04-21T20:40:18","guid":{"rendered":"https:\/\/www.qualitatis.es\/?page_id=19380"},"modified":"2026-03-23T11:53:11","modified_gmt":"2026-03-23T10:53:11","slug":"gestio-del-social-media","status":"publish","type":"page","link":"https:\/\/www.qualitatis.es\/ca\/productes-i-serveis-de-qualitatis\/altres-serveis\/gestio-del-social-media\/","title":{"rendered":"Gesti\u00f3 del Social media."},"content":{"rendered":"\t\t<div data-elementor-type=\"wp-page\" data-elementor-id=\"19380\" class=\"elementor elementor-19380 elementor-18545\" data-elementor-post-type=\"page\">\n\t\t\t\t\t\t<section class=\"elementor-section elementor-top-section elementor-element elementor-element-e363a16 elementor-section-boxed elementor-section-height-default elementor-section-height-default\" data-id=\"e363a16\" data-element_type=\"section\" data-e-type=\"section\">\n\t\t\t\t\t\t<div class=\"elementor-container elementor-column-gap-default\">\n\t\t\t\t\t<div class=\"elementor-column elementor-col-100 elementor-top-column elementor-element elementor-element-125c142\" data-id=\"125c142\" data-element_type=\"column\" data-e-type=\"column\">\n\t\t\t<div class=\"elementor-widget-wrap elementor-element-populated\">\n\t\t\t\t\t\t<div class=\"elementor-element elementor-element-a785d36 elementor-widget elementor-widget-text-editor\" data-id=\"a785d36\" data-element_type=\"widget\" data-e-type=\"widget\" data-widget_type=\"text-editor.default\">\n\t\t\t\t\t\t\t\t\t<p>En Qualitatis som experts en Seguretat Aliment\u00e0ria per\u00f2 tamb\u00e9 som una ag\u00e8ncia de social media i comunicaci\u00f3. No ens agraden les coses prefabricades, per aix\u00f2 treballem amb la teva empresa adaptant els nostres serveis a la teva situaci\u00f3 particular per oferir-te la millor soluci\u00f3 a les teves necessitats comunicatives. Ens centrem en els teus usuaris\/clients potencials, tenim en compte tots els detalls perqu\u00e8 cada projecte siga \u00fanic i arribe al major nombre de gent possible.<\/p><p>L&#8217;equip de Qualitatis Health porta gestionant webs, Blocs i Xarxes socials des de 2006. \u00c9s per aix\u00f2 que no nom\u00e9s ens atrevim a gestionar la teva p\u00e0gina web, sin\u00f3 tamb\u00e9 les Xarxes Socials i el bloc de la teva empresa. Tenim solucions per a tot tipus d&#8217;empreses, adaptant-nos a les necessitats de cadasc\u00fa. El nostre personal est\u00e0 preparat i format per treballar amb els nostres clients com Community Managers, Gesti\u00f3 del M\u00e0rqueting de continguts i molt m\u00e9s:<\/p><ul><li><strong>Blog i web corporativa.<\/strong>\u00a0En Qualitatis portem m\u00e9s de 8 anys gestionant blogs i webs de tota mena. Vam comen\u00e7ar fa ja m\u00e9s de 8 anys amb blocs de tipus personal, com\u00a0<em><a title=\"Link: http:\/\/www.losmundosdejosete.com\" href=\"http:\/\/www.losmundosdejosete.com\/\" target=\"_blank\" rel=\"nofollow noopener noreferrer\">Los Mundos de Josete.<\/a><\/em>\u00a0Vam anar creixent amb blocs d&#8217;\u00e8xit en l&#8217;entorn sanitari i farmac\u00e8utic, com Qu\u00e8 em d\u00f3na per &#8230;? o Josete Sendra. Per\u00f2 tamb\u00e9 treballem en el disseny i en la i el manteniment d&#8217;altres p\u00e0gines professionals que tamb\u00e9 treballen la gesti\u00f3 de la marca personal en altres \u00e0mbits, com pot \u00e9s el cas de\u00a0<a href=\"http:\/\/www.bsarquitectura.es\/\" target=\"_blank\" rel=\"noopener noreferrer\">BS Arquitectura<\/a>. Sense oblidar-nos del nostre propi Blog.<\/li><\/ul><ul><li><strong>Facebook.\u00a0<\/strong>Aix\u00ed mateix el nostre equip \u00e9s expert en la gesti\u00f3 de p\u00e0gines d&#8217;empresa, com les p\u00e0gines de\u00a0<em><a href=\"http:\/\/www.quemedapara.com\/\" target=\"_blank\" rel=\"nofollow noopener noreferrer\">\u00bfQu\u00e9 me da para&#8230;?<\/a><\/em>,\u00a0<em><a href=\"http:\/\/www.losmundosdejosete.com\/\" target=\"_blank\" rel=\"nofollow noopener noreferrer\">Los Mundos de Josete,<\/a><\/em>\u00a0o la nostra pr\u00f2pia p\u00e0gina de Facebook. Amb nosaltres tindr\u00e0 a l&#8217;abast de la seva m\u00e0 les millors estrat\u00e8gies de conversi\u00f3 per arribar als seus clients.<\/li><\/ul>\t\t\t\t\t\t\t\t<\/div>\n\t\t\t\t<section class=\"elementor-section elementor-inner-section elementor-element elementor-element-e6f2a08 elementor-section-boxed elementor-section-height-default elementor-section-height-default\" data-id=\"e6f2a08\" data-element_type=\"section\" data-e-type=\"section\">\n\t\t\t\t\t\t<div class=\"elementor-container elementor-column-gap-default\">\n\t\t\t\t\t<div class=\"elementor-column elementor-col-50 elementor-inner-column elementor-element elementor-element-a60cf3c\" data-id=\"a60cf3c\" data-element_type=\"column\" data-e-type=\"column\">\n\t\t\t<div class=\"elementor-widget-wrap elementor-element-populated\">\n\t\t\t\t\t\t<div class=\"elementor-element elementor-element-07e8dc8 elementor-widget elementor-widget-text-editor\" data-id=\"07e8dc8\" data-element_type=\"widget\" data-e-type=\"widget\" data-widget_type=\"text-editor.default\">\n\t\t\t\t\t\t\t\t\t<ul><li><strong>Twitter.\u00a0<\/strong>El nostre equip treballa a twitter gestionant diversos comptes, tant professionals com personals. Entre les 4 comptes que gestionem directament, incloent el nostre compte corporatiu de\u00a0<a title=\"Link: https:\/\/twitter.com\/qualitatiss\" href=\"https:\/\/twitter.com\/qualitatiss\" target=\"_blank\" rel=\"nofollow noopener noreferrer\">Qualitatis,<\/a>\u00a0sumem m\u00e9s de 3000 seguidors. Comptem amb personal espec\u00edficament preparat per a la gesti\u00f3 de les seves xarxes socials, aix\u00ed com amb un dels autors del llibre<em><a href=\"http:\/\/www.josetesendra.com\/2014\/03\/libro-twitter-aplicado-la-farmacia.html\" target=\"_blank\" rel=\"nofollow noopener noreferrer\">&#8220;Twitter aplicado a la farmacia&#8221;,<\/a><\/em>\u00a0 editat per\u00a0<a title=\"Link: http:\/\/www.clubdelafarmacia.com\" href=\"http:\/\/www.clubdelafarmacia.com\/\" target=\"_blank\" rel=\"nofollow noopener noreferrer\">El Club de la farmacia d&#8217;Almirall,<\/a>\u00a0Jos\u00e9 Sendra Lillo.<\/li><li><strong>LinkedIn.\u00a0<\/strong>El seu negoci i la seva imatge de professionalitat han d&#8217;estar a la xarxa dels professionals. En\u00a0<a href=\"https:\/\/www.qualitatis.es\/\">Qualitatis Health<\/a>\u00a0tamb\u00e9 som experts en la gesti\u00f3 de\u00a0<a href=\"https:\/\/www.linkedin.com\/company\/qualitatis.-gesti-n-de-la-calidad-sanitaria\/?originalSubdomain=es\" target=\"_blank\" rel=\"noopener noreferrer\">LinkedIn<\/a>\u00a0per a la promoci\u00f3 de la teua marca.<\/li><\/ul>\t\t\t\t\t\t\t\t<\/div>\n\t\t\t\t\t<\/div>\n\t\t<\/div>\n\t\t\t\t<div class=\"elementor-column elementor-col-50 elementor-inner-column elementor-element elementor-element-485b87d\" data-id=\"485b87d\" data-element_type=\"column\" data-e-type=\"column\">\n\t\t\t<div class=\"elementor-widget-wrap elementor-element-populated\">\n\t\t\t\t\t\t<div class=\"elementor-element elementor-element-5f7a3e2 elementor-widget elementor-widget-image\" data-id=\"5f7a3e2\" data-element_type=\"widget\" data-e-type=\"widget\" data-widget_type=\"image.default\">\n\t\t\t\t\t\t\t\t\t\t\t\t<figure class=\"wp-caption\">\n\t\t\t\t\t\t\t\t\t\t<img fetchpriority=\"high\" decoding=\"async\" width=\"1024\" height=\"683\" src=\"https:\/\/www.qualitatis.es\/wp-content\/uploads\/2019\/04\/social-media-2-1024x683.jpg\" class=\"attachment-large size-large wp-image-19371\" alt=\"Gesti\u00f3n del social media.\" srcset=\"https:\/\/www.qualitatis.es\/wp-content\/uploads\/2019\/04\/social-media-2-1024x683.jpg 1024w, https:\/\/www.qualitatis.es\/wp-content\/uploads\/2019\/04\/social-media-2-300x200.jpg 300w, https:\/\/www.qualitatis.es\/wp-content\/uploads\/2019\/04\/social-media-2-768x512.jpg 768w, https:\/\/www.qualitatis.es\/wp-content\/uploads\/2019\/04\/social-media-2-1248x832.jpg 1248w, https:\/\/www.qualitatis.es\/wp-content\/uploads\/2019\/04\/social-media-2-600x400.jpg 600w, https:\/\/www.qualitatis.es\/wp-content\/uploads\/2019\/04\/social-media-2.jpg 2048w\" sizes=\"(max-width: 1024px) 100vw, 1024px\" \/>\t\t\t\t\t\t\t\t\t\t\t<figcaption class=\"widget-image-caption wp-caption-text\">Photo by NordWood Themes on Unsplash<\/figcaption>\n\t\t\t\t\t\t\t\t\t\t<\/figure>\n\t\t\t\t\t\t\t\t\t<\/div>\n\t\t\t\t\t<\/div>\n\t\t<\/div>\n\t\t\t\t\t<\/div>\n\t\t<\/section>\n\t\t\t\t<div class=\"elementor-element elementor-element-1911921 elementor-widget elementor-widget-text-editor\" data-id=\"1911921\" data-element_type=\"widget\" data-e-type=\"widget\" data-widget_type=\"text-editor.default\">\n\t\t\t\t\t\t\t\t\t<ul><li><strong>Instagram i Pinterest.\u00a0<\/strong>La imatge \u00e9s un dels canals de venda i pres\u00e8ncia online i offline de major tirada. \u00c9s per aix\u00f2 que xarxes socials com Instagram o Pinterest tenen un creixent inter\u00e8s per part dels consumidors. El nostre equip d&#8217;experts t&#8217;ajudar\u00e0 a promocionar els teus productes i la teva marca a trav\u00e9s de la imatge.<\/li><li><strong>Altres xarxes socials (Tumblr, etc.):\u00a0<\/strong>No creiem en una pres\u00e8ncia limitada a un petit nombre de Xarxes Socials perqu\u00e8 nosaltres no ens limitem a comunicar-nos en un redu\u00eft nombre. T&#8217;ajudarem a estar a altres xarxes socials menys freq\u00fcentades per\u00f2 amb un elevat potencial.<\/li><\/ul>\t\t\t\t\t\t\t\t<\/div>\n\t\t\t\t\t<\/div>\n\t\t<\/div>\n\t\t\t\t\t<\/div>\n\t\t<\/section>\n\t\t\t\t<\/div>\n\t\t","protected":false},"excerpt":{"rendered":"<p>En Qualitatis som experts en Seguretat Aliment\u00e0ria per\u00f2 tamb\u00e9 som una ag\u00e8ncia de social media i comunicaci\u00f3. No ens agraden les coses prefabricades, per aix\u00f2 treballem amb la teva empresa adaptant els nostres serveis a la teva situaci\u00f3 particular per [&hellip;]<\/p>\n","protected":false},"author":2,"featured_media":0,"parent":21079,"menu_order":0,"comment_status":"closed","ping_status":"closed","template":"","meta":{"site-sidebar-layout":"default","site-content-layout":"","ast-site-content-layout":"default","site-content-style":"default","site-sidebar-style":"default","ast-global-header-display":"","ast-banner-title-visibility":"","ast-main-header-display":"","ast-hfb-above-header-display":"","ast-hfb-below-header-display":"","ast-hfb-mobile-header-display":"","site-post-title":"","ast-breadcrumbs-content":"","ast-featured-img":"","footer-sml-layout":"","ast-disable-related-posts":"","theme-transparent-header-meta":"","adv-header-id-meta":"","stick-header-meta":"","header-above-stick-meta":"","header-main-stick-meta":"","header-below-stick-meta":"","astra-migrate-meta-layouts":"default","ast-page-background-enabled":"default","ast-page-background-meta":{"desktop":{"background-color":"","background-image":"","background-repeat":"repeat","background-position":"center center","background-size":"auto","background-attachment":"scroll","background-type":"","background-media":"","overlay-type":"","overlay-color":"","overlay-opacity":"","overlay-gradient":""},"tablet":{"background-color":"","background-image":"","background-repeat":"repeat","background-position":"center center","background-size":"auto","background-attachment":"scroll","background-type":"","background-media":"","overlay-type":"","overlay-color":"","overlay-opacity":"","overlay-gradient":""},"mobile":{"background-color":"","background-image":"","background-repeat":"repeat","background-position":"center center","background-size":"auto","background-attachment":"scroll","background-type":"","background-media":"","overlay-type":"","overlay-color":"","overlay-opacity":"","overlay-gradient":""}},"ast-content-background-meta":{"desktop":{"background-color":"var(--ast-global-color-5)","background-image":"","background-repeat":"repeat","background-position":"center center","background-size":"auto","background-attachment":"scroll","background-type":"","background-media":"","overlay-type":"","overlay-color":"","overlay-opacity":"","overlay-gradient":""},"tablet":{"background-color":"var(--ast-global-color-5)","background-image":"","background-repeat":"repeat","background-position":"center center","background-size":"auto","background-attachment":"scroll","background-type":"","background-media":"","overlay-type":"","overlay-color":"","overlay-opacity":"","overlay-gradient":""},"mobile":{"background-color":"var(--ast-global-color-5)","background-image":"","background-repeat":"repeat","background-position":"center center","background-size":"auto","background-attachment":"scroll","background-type":"","background-media":"","overlay-type":"","overlay-color":"","overlay-opacity":"","overlay-gradient":""}},"footnotes":""},"class_list":["post-19380","page","type-page","status-publish","hentry"],"_links":{"self":[{"href":"https:\/\/www.qualitatis.es\/ca\/wp-json\/wp\/v2\/pages\/19380","targetHints":{"allow":["GET"]}}],"collection":[{"href":"https:\/\/www.qualitatis.es\/ca\/wp-json\/wp\/v2\/pages"}],"about":[{"href":"https:\/\/www.qualitatis.es\/ca\/wp-json\/wp\/v2\/types\/page"}],"author":[{"embeddable":true,"href":"https:\/\/www.qualitatis.es\/ca\/wp-json\/wp\/v2\/users\/2"}],"replies":[{"embeddable":true,"href":"https:\/\/www.qualitatis.es\/ca\/wp-json\/wp\/v2\/comments?post=19380"}],"version-history":[{"count":0,"href":"https:\/\/www.qualitatis.es\/ca\/wp-json\/wp\/v2\/pages\/19380\/revisions"}],"up":[{"embeddable":true,"href":"https:\/\/www.qualitatis.es\/ca\/wp-json\/wp\/v2\/pages\/21079"}],"wp:attachment":[{"href":"https:\/\/www.qualitatis.es\/ca\/wp-json\/wp\/v2\/media?parent=19380"}],"curies":[{"name":"wp","href":"https:\/\/api.w.org\/{rel}","templated":true}]}}