{"id":19339,"date":"2019-04-17T23:18:14","date_gmt":"2019-04-17T21:18:14","guid":{"rendered":"https:\/\/www.qualitatis.es\/?page_id=19339"},"modified":"2026-04-20T15:19:19","modified_gmt":"2026-04-20T13:19:19","slug":"condicions-generals-dus","status":"publish","type":"page","link":"https:\/\/www.qualitatis.es\/ca\/condicions-generals-dus\/","title":{"rendered":"Condicions generals d&#8217;us"},"content":{"rendered":"\n<h2 class=\"wp-block-heading\">Av\u00eds legal.<\/h2>\n\n\n\n<p><a href=\"https:\/\/www.qualitatis.es\/ca\/\">Qualitatis Health, S.L.<\/a>&nbsp;(En endavant L\u2019Empresa) \u00e9s l\u2019empresa titular, responsable i propiet\u00e0ria del domini i dels continguts de la p\u00e0gina web&nbsp;<a href=\"https:\/\/www.qualitatis.es\/ca\/\" target=\"_blank\" rel=\"noopener noreferrer\">www.qualitatis.es<\/a>, aix\u00ed com dels serveis prestats a trav\u00e9s d\u2019aquesta p\u00e1gina.<\/p>\n\n\n\n<p>L\u2019empresa t\u00e9 el seu domicili social al Carrer Pur\u00edssima, n\u00ba 4. CP 03780 Pego (Alacant) i CIF B-54.805.999, i \u00e9s una Societat inscrita al Registre Mercantil d\u2019Alacant, tom 3798, foli 18, inscripci\u00f3 1 amb full A-141.364. Pot contactar amb nosaltres per:<\/p>\n\n\n\n<ul class=\"wp-block-list\">\n<li>Tel\u00e8fon: 634537634.<\/li>\n\n\n\n<li>Email de contacte: qualitatis[arroba]qualitatis.es<\/li>\n<\/ul>\n\n\n\n<h2 class=\"wp-block-heading\">Condicions Generals de Comercialitzaci\u00f3.<\/h2>\n\n\n\n<h3 class=\"wp-block-heading\">Usuaris.<\/h3>\n\n\n\n<p>L\u2019acc\u00e9s i\/o \u00fas d\u2019aquest lloc web atribueix la condici\u00f3 d\u2019usuari, que accepta les condicions generals ac\u00ed reflectides. Aquestes condicions poden ser modificades sense necessitat d\u2019av\u00eds previ per&nbsp;<a href=\"https:\/\/www.qualitatis.es\/ca\/\">Qualitatis Health, S.L.<\/a>&nbsp;Les presents condicions d\u2019\u00fas regulen l\u2019acc\u00e9s a la present web (<a href=\"https:\/\/www.qualitatis.es\/ca\/\" target=\"_blank\" rel=\"noopener noreferrer\">www.qualitatis.es<\/a>) per part dels clients de&nbsp;<a href=\"https:\/\/www.qualitatis.es\/ca\/\">Qualitatis Health, S.L.<\/a>&nbsp;i altres usuaris d\u2019internet. A tots ells, se\u2019ls atribueix la condici\u00f3 d\u2019Usuari i, suposa l\u2019acceptaci\u00f3 sense reserves de totes i cadascuna de les condicions que s\u2019incorporen en aquestes Condicions generals.&nbsp;<a href=\"https:\/\/www.qualitatis.es\/ca\/\">Qualitatis Health, S.L.<\/a>&nbsp;es reserva el dret unilateral de modificar les condicions d\u2019acc\u00e9s al web, aix\u00ed com els continguts en ella inclosos o les condicions generals d\u2019\u00fas recollides en el present document. La prestaci\u00f3 de serveis en la present p\u00e0gina web, aix\u00ed com les seves condicions d\u2019\u00fas es regeixen per la Llei espanyola. Les parts, amb ren\u00fancia expressa a qualsevol altre dret que li pogu\u00e9s correspondre, acorden sotmetre a la jurisdicci\u00f3 dels Jutjats i Tribunals de Gand\u00eda. L\u2019usuari exonera&nbsp;<a href=\"https:\/\/www.qualitatis.es\/ca\/\">Qualitatis Health, S.L.<\/a>&nbsp;de qualsevol responsabilitat que pogu\u00e9s derivar-se de les interrupcions de disponibilitat de la p\u00e0gina web, ja sigui per mal funcionament del servidor web o de les aplicacions, de les infraestructures de comunicacions, o del programari i maquinari utilitzats per a la navegaci\u00f3.<\/p>\n\n\n\n<h2 class=\"wp-block-heading\">Pol\u00edtica Comercial.<\/h2>\n\n\n\n<h3 class=\"wp-block-heading\">Continguts.<\/h3>\n\n\n\n<p>Es prohibeix la reproducci\u00f3 total, parcial o transformaci\u00f3 de qualsevol part dels continguts en la present web subministrades i\/o publicats per Qualitatis Health, SL, aix\u00ed com el trasp\u00e0s dels drets d\u2019\u00fas a terceres persones f\u00edsiques o jur\u00eddiques sense autoritzaci\u00f3 expresa. L\u2019empresa no es fa responsable en cap cas dels danys i perjudicis de qualsevol naturalesa que puguin ocasionar errors o omissions en els continguts, falta de disponibilitat de la p\u00e0gina web o la transmissi\u00f3 de virus o programes maliciosos o lesius en els continguts. La p\u00e0gina web est\u00e0 dotada de mesures tecnol\u00f2giques i compta amb els recursos humans adequats per evitar-ho, per\u00f2 poguessin donar-se circumst\u00e0ncies en qu\u00e8 controlar aquest tipus de problemes ens fos imposible.<\/p>\n\n\n\n<h3 class=\"wp-block-heading\">Enlla\u00e7os<\/h3>\n\n\n\n<p>En el cas d\u2019apar\u00e8ixer enlla\u00e7os d\u2019altres llocs web de diferent domini, l\u2019usuari ha de saber que aquests s\u00f3n controlats per terceres parts, de manera que la informaci\u00f3 apareguda i els serveis\/productes oferts en aquests \u00e9s totalment independent i aliena a la responsabilitat de Qualitatis Health, SL L\u2019empresa declina qualsevol responsabilitat relacionada amb l\u2019acc\u00e9s i utilitzaci\u00f3 dels enlla\u00e7os a altres p\u00e0gines en aquest web.<\/p>\n\n\n\n<h2 class=\"wp-block-heading\">Propietat Intel\u00b7lectual i industrial<\/h2>\n\n\n\n<p>La totalitat d\u2019aquesta p\u00e0gina web&nbsp;www.qualitatis.es&nbsp;\u00e9s propietat de la Societat Qualitatis Health, SL amb CIF B54805999: text, imatges, marques, logotips, arxius d\u2019\u00e0udio o v\u00eddeo, arxius de software, combinaci\u00f3 de colors, aix\u00ed com l\u2019estructura, selecci\u00f3, ordenaci\u00f3, presentaci\u00f3 de continguts, codi font, dissenys i material did\u00e0ctic publicat a la mateixa . Per tant, s\u00f3n propietat intel\u00b7lectual i industrial de L\u2019Empresa i es troben protegits per les lleis espanyoles i internacionals sobre propietat intel\u00b7lectual i industrial, sense perjudici d\u2019altres possibles proteccions. Llevat que s\u2019esmenti el contrari, els drets de propietat intel\u00b7lectual sobre aquests continguts corresponen en exclusiva a Qualitatis Health, SL<\/p>\n\n\n\n<p>L\u2019usuari reconeix que l\u2019\u00fas dels continguts queda estrictament limitat a finalitats personals del mateix i que la reproducci\u00f3, distribuci\u00f3, transformaci\u00f3 o comunicaci\u00f3 total o parcial de tals obres que no estiguin manifestades expressament per l\u2019empresa constitueix una infracci\u00f3 de la propietat intel\u00b7lectual.<\/p>\n\n\n\n<p>\u00c9s responsabilitat de l\u2019usuari el correcte i l\u00edcit \u00fas dels continguts de la p\u00e0gina web. Queda prohibit suprimir, manipular o obviar els mecanismes d\u2019expressi\u00f3 dels drets d\u2019autor identificatives de Qualitatis Health, S.L. o de qualssevol que fossin els titulars dels drets d\u2019autor incorporats als continguts. De la mateixa manera succeeix amb els dispositius t\u00e8cnics de protecci\u00f3 o informaci\u00f3 que es puguin incloure en els continguts o en qualsevol part de la web&nbsp;www.qualitatis.es.<\/p>\n\n\n\n<p>Aix\u00ed mateix, l\u2019usuari s\u2019abstindr\u00e0 d\u2019utilitzar els continguts i, en particular, qualsevol tipus d\u2019informaci\u00f3 que es pot obtenir a trav\u00e9s d\u2019aquesta p\u00e0gina web amb finalitats publicit\u00e0ries, de m\u00e0rqueting, campanyes de venda directa, enviaments amb finalitat comercial o missatges dirigits a un grup de persones amb independ\u00e8ncia de la seva finalitat. A m\u00e9s, tamb\u00e9 s\u2019abstindr\u00e0 de comercialitzar qualsevol tipus d\u2019informaci\u00f3 que pogu\u00e9s extreure de la p\u00e0gina web&nbsp;www.qualitatis.es<\/p>\n\n\n\n<p>Queda prohibida la connexi\u00f3 amb qualsevol de les parts de la web&nbsp;www.qualitatis.es&nbsp;d\u2019altres productes o serveis que no siguin propietat de l\u2019empresa Qualitatis Health, SL excepte autoritzaci\u00f3 expressa pr\u00e8via per part de la mateixa d\u2019una manera que pugui causar confusi\u00f3 o descr\u00e8dit entre els clients o usuaris del web o de l\u2019empresa.<\/p>\n\n\n\n<h3 class=\"wp-block-heading\">Aportacions dels usuaris<\/h3>\n\n\n\n<p>Excepte acord particular diferent, les aportacions (textos, fotografies, etc.) que els usuaris de la web i l\u2019entorn facin a aquesta web, implicaran la cessi\u00f3 autom\u00e0tica dels drets d\u2019imatge, reproducci\u00f3, distribuci\u00f3, comunicaci\u00f3 o adaptaci\u00f3 dels continguts entregats en un \u00e0mbit geogr\u00e0fic universal i per un per\u00edode de temps indefinit. Aquesta cessi\u00f3 permetr\u00e0 utilitzar el material en la pr\u00f2pia web, aix\u00ed com per incorporar aquests continguts en altres suports que permetin una activitat de promoci\u00f3, arxiu o investigaci\u00f3 per part de l\u2019empresa.<\/p>\n\n\n\n<h3 class=\"wp-block-heading\">Pol\u00edtica per enlla\u00e7ar aquesta web<\/h3>\n\n\n\n<p>Si qualsevol usuari, entitat o p\u00e0gina web vol establir algun tipus d\u2019enlla\u00e7 amb destinaci\u00f3 a aquesta p\u00e0gina web, propietat de Qualitatis Health, SL, haur\u00e0 d\u2019atenir a les seg\u00fcents condicions:<\/p>\n\n\n\n<ul class=\"wp-block-list\">\n<li>L\u2019enlla\u00e7 ha de ser total i complet. \u00c9s a dir, ha de conduir als usuaris a la pr\u00f2pia direcci\u00f3 de\u00a0<a href=\"https:\/\/www.qualitatis.es\/ca\/\">Qualitatis Health, S.L.<\/a>\u00a0i ha de comprendre completament tota l\u2019extensi\u00f3 de la p\u00e0gina enlla\u00e7ada dins del domini\u00a0www.qualitatis.es. \u00a0En cap cas, excepte autoritzaci\u00f3 expressa i per escrit de\u00a0<a href=\"https:\/\/www.qualitatis.es\/ca\/\">Qualitatis Health, S.L.<\/a>\u00a0la p\u00e0gina que realitzi l\u2019enlla\u00e7 podr\u00e0 reproduir de qualsevol manera aquesta p\u00e0gina web, incloure com a part del seu web o dins dels seus marcs, o crear un navegador sobre qualsevol de les p\u00e0gines o continguts de la mateixa.<\/li>\n\n\n\n<li>No s\u2019inclour\u00e0 cap manifestaci\u00f3 inexacta, incorrecta o falsa sobre les p\u00e0gines d\u2019aquesta web o els serveis que s\u2019hi ofereixen.<\/li>\n\n\n\n<li>L\u2019enlla\u00e7 a trav\u00e9s de Xarxes Socials es podr\u00e0 realitzar sempre que es compleixin les condicions esmentades.<\/li>\n\n\n\n<li>Sota cap circumst\u00e0ncia\u00a0<a href=\"https:\/\/www.qualitatis.es\/ca\/\">Qualitatis Health, S.L.<\/a>\u00a0ser\u00e0 responsable dels continguts o serveis posats a disposici\u00f3 del p\u00fablic a la p\u00e0gina web des de la qual es faci l\u2019enlla\u00e7, aix\u00ed com de les manifestacions o informacions que s\u2019hi incloguin.<\/li>\n\n\n\n<li>L\u2019enlla\u00e7, llevat dels que formin part del mateix enlla\u00e7 a la p\u00e0gina, no contindr\u00e0 cap marca, nom comercial, r\u00e8tol d\u2019establiment, denominaci\u00f3, logotip, esl\u00f2gan o altres signes distintius que pertanyin a\u00a0<a href=\"https:\/\/www.qualitatis.es\/ca\/\">Qualitatis Health, S.L.<\/a><\/li>\n<\/ul>\n\n\n\n<h2 class=\"wp-block-heading\">Pol\u00edtica de Privacitat i Protecci\u00f3 de Dades<\/h2>\n\n\n\n<p><a href=\"https:\/\/www.qualitatis.es\/ca\/\">Qualitatis Health, S.L.<\/a>, en compliment a la Llei Protecci\u00f3 de Dades de Car\u00e0cter Personal (Llei Org\u00e0nica 15\/1999, de 13 de desembre), informa que aquestes dades seran tractades confidencialment i inclosos en fitxers gestionats de forma segura.<\/p>\n\n\n\n<p>Per a qualsevol consulta, modificaci\u00f3, cancel\u00b7laci\u00f3 de les dades que ens ha facilitat, o oposici\u00f3 posterior al tractament, pot dirigir-se per correu postal al nostre domicili social o per correu electr\u00f2nic a qualitatis@qualitatis.es indicant nom i cognoms, Denominaci\u00f3 Social i NIF\/CIF.<\/p>\n\n\n\n<p>Despr\u00e9s de l\u2019autoritzaci\u00f3 expressa i volunt\u00e0ria de les dades facilitades aquestes poden ser conservats i utilitzats per Qualitatis Health, S.L. durant un per\u00edode m\u00e0xim de 5 anys.<\/p>\n\n\n\n<p>En el cas que consideri rellevant informar-nos de qualsevol canvi en la informaci\u00f3 subministrada, li agrair\u00edem que ens ho notifiqui oportunament.<\/p>\n\n\n\n<h3 class=\"wp-block-heading\">Dades sol\u00b7licitades<\/h3>\n\n\n\n<p>Para acceder a algunos de los espacios de la web ser\u00e1 necesario facilitar determinados datos personales que ser\u00e1n tratados de forma automatizada. Estos tratamientos o ficheros ser\u00e1n inscritos en la Agencia Espa\u00f1ola de Protecci\u00f3n de Datos bajo la titularidad de Qualitatis Health, S.L. El responsable del fichero se compromete a cumplir la obligaci\u00f3n de secreto respecto de los contenidos en el fichero.<\/p>\n\n\n\n<h3 class=\"wp-block-heading\">Dret d\u2019acc\u00e9s<\/h3>\n\n\n\n<p>El titular de les dades de car\u00e0cter personal tindr\u00e0 dret d\u2019acc\u00e9s, rectificaci\u00f3, cancel\u00b7laci\u00f3, instal\u00b7laci\u00f3 o oposici\u00f3 respecte a quantes dades seves existeixin emmagatzemades a la base de dades de&nbsp;<a href=\"https:\/\/www.qualitatis.es\/ca\/\">Qualitatis Health, S.L.<\/a>&nbsp;Aquests drets podran ser exercitats a trav\u00e9s de qualsevol mitj\u00e0 de comunicaci\u00f3 amb Qualitatis Health, S.L. a l\u2019adre\u00e7a C \/Pur\u00edssima 4, 03780 \u2013 Pego (Alacant) o en l\u2019e-mail (qualitatis[arroba]qualitatis.es) adjuntant fotoc\u00f2pia del DNI del titular de les dades.<\/p>\n\n\n\n<h3 class=\"wp-block-heading\">Objectius de la recollida de dades<\/h3>\n\n\n\n<p>Quan se sol\u00b7liciti emplenar un formulari en el qual es recullin dades de car\u00e0cter personal, s\u2019informar\u00e0 a l\u2019usuari de la finalitat del tractament, de la identitat i adre\u00e7a del responsable del fitxer, dels destinataris de la informaci\u00f3 i de la possibilitat del titular de les dades d\u2019exercir els drets d\u2019acc\u00e9s, rectificaci\u00f3, cancel\u00b7laci\u00f3, instal\u00b7laci\u00f3 i oposici\u00f3 al tractament de les seves dades.<\/p>\n\n\n\n<p>Al mateix temps, els usuaris autoritzen expressament a l\u2019empresa a enviar-los informaci\u00f3 comercial via electr\u00f2nica, respecte de novetats en l\u2019\u00e0mbit dels productes i serveis prestats per la mateixa; en el cas que no desitgin rebre l\u2019esmentada informaci\u00f3 n\u2019hi haur\u00e0 prou amb notificar via e-mail a en qualsevol moment.<\/p>\n\n\n\n<h3 class=\"wp-block-heading\">Veracitat de les dades<\/h3>\n\n\n\n<p>L\u2019usuari haur\u00e0 d\u2019emplenar els formularis amb dades ver\u00eddiques, exactes, completes i actuals. En el cas que l\u2019usuari introdueixi dades corresponents a una altra persona, s\u2019entendr\u00e0 que t\u00e9 consentiment expr\u00e9s d\u2019aquesta persona, i que aquesta ens atorga autoritzaci\u00f3 per realitzar el tractament descrit. L\u2019usuari ser\u00e0 l\u2019\u00fanic responsable de qualsevol dany o perjudici, directe o indirecte que pogu\u00e9s ocasionar a qualsevol persona a causa de que omplir el formulari amb dades falses, inexactes, incompletes o no actualitzades.<\/p>\n\n\n\n<h3 class=\"wp-block-heading\">Mesures de seguretat<\/h3>\n\n\n\n<p>Qualitatis Health, i les empreses que amb nosaltres col\u00b7laboren, han pres totes les mesures legalment requerides per a la protecci\u00f3 de dades personals. No obstant aix\u00f2, han adoptat tots els dispositius t\u00e8cnics al seu abast per evitar la p\u00e8rdua, mal \u00fas, alteraci\u00f3, l\u2019acc\u00e9s o el robatori de les dades personals facilitades pels usuaris del web. L\u2019usuari tindr\u00e0 en compte, per\u00f2, que les mesures de seguretat a Internet no s\u00f3n absolutament inviolables.<\/p>\n\n\n\n<h3 class=\"wp-block-heading\">Cookies<\/h3>\n\n\n\n<p>Consulte la nostra&nbsp;<a href=\"https:\/\/www.qualitatis.es\/ca\/politica-de-cookies\/\">pol\u00edtica de cookies<\/a>.<\/p>\n\n\n\n<h2 class=\"wp-block-heading\">Legislaci\u00f3 aplicable i jurisdicci\u00f3<\/h2>\n\n\n\n<p>La relaci\u00f3 entre&nbsp;<a href=\"https:\/\/www.qualitatis.es\/ca\/\">Qualitatis Health, S.L.<\/a>&nbsp;i l\u2019usuari es regir\u00e0 per la normativa espanyola vigent i qualsevol controv\u00e8rsia se sotmetr\u00e0 als Jutjats i Tribunals espanyols.<\/p>\n","protected":false},"excerpt":{"rendered":"<p>Av\u00eds legal. Qualitatis Health, S.L.&nbsp;(En endavant L\u2019Empresa) \u00e9s l\u2019empresa titular, responsable i propiet\u00e0ria del domini i dels continguts de la p\u00e0gina web&nbsp;www.qualitatis.es, aix\u00ed com dels serveis prestats a trav\u00e9s d\u2019aquesta p\u00e1gina. L\u2019empresa t\u00e9 el seu domicili social al Carrer Pur\u00edssima, [&hellip;]<\/p>\n","protected":false},"author":2,"featured_media":0,"parent":0,"menu_order":0,"comment_status":"closed","ping_status":"closed","template":"","meta":{"site-sidebar-layout":"default","site-content-layout":"","ast-site-content-layout":"default","site-content-style":"default","site-sidebar-style":"default","ast-global-header-display":"","ast-banner-title-visibility":"","ast-main-header-display":"","ast-hfb-above-header-display":"","ast-hfb-below-header-display":"","ast-hfb-mobile-header-display":"","site-post-title":"","ast-breadcrumbs-content":"","ast-featured-img":"","footer-sml-layout":"","ast-disable-related-posts":"","theme-transparent-header-meta":"","adv-header-id-meta":"","stick-header-meta":"","header-above-stick-meta":"","header-main-stick-meta":"","header-below-stick-meta":"","astra-migrate-meta-layouts":"set","ast-page-background-enabled":"default","ast-page-background-meta":{"desktop":{"background-color":"","background-image":"","background-repeat":"repeat","background-position":"center center","background-size":"auto","background-attachment":"scroll","background-type":"","background-media":"","overlay-type":"","overlay-color":"","overlay-opacity":"","overlay-gradient":""},"tablet":{"background-color":"","background-image":"","background-repeat":"repeat","background-position":"center center","background-size":"auto","background-attachment":"scroll","background-type":"","background-media":"","overlay-type":"","overlay-color":"","overlay-opacity":"","overlay-gradient":""},"mobile":{"background-color":"","background-image":"","background-repeat":"repeat","background-position":"center center","background-size":"auto","background-attachment":"scroll","background-type":"","background-media":"","overlay-type":"","overlay-color":"","overlay-opacity":"","overlay-gradient":""}},"ast-content-background-meta":{"desktop":{"background-color":"var(--ast-global-color-5)","background-image":"","background-repeat":"repeat","background-position":"center center","background-size":"auto","background-attachment":"scroll","background-type":"","background-media":"","overlay-type":"","overlay-color":"","overlay-opacity":"","overlay-gradient":""},"tablet":{"background-color":"var(--ast-global-color-5)","background-image":"","background-repeat":"repeat","background-position":"center center","background-size":"auto","background-attachment":"scroll","background-type":"","background-media":"","overlay-type":"","overlay-color":"","overlay-opacity":"","overlay-gradient":""},"mobile":{"background-color":"var(--ast-global-color-5)","background-image":"","background-repeat":"repeat","background-position":"center center","background-size":"auto","background-attachment":"scroll","background-type":"","background-media":"","overlay-type":"","overlay-color":"","overlay-opacity":"","overlay-gradient":""}},"footnotes":""},"class_list":["post-19339","page","type-page","status-publish","hentry"],"_links":{"self":[{"href":"https:\/\/www.qualitatis.es\/ca\/wp-json\/wp\/v2\/pages\/19339","targetHints":{"allow":["GET"]}}],"collection":[{"href":"https:\/\/www.qualitatis.es\/ca\/wp-json\/wp\/v2\/pages"}],"about":[{"href":"https:\/\/www.qualitatis.es\/ca\/wp-json\/wp\/v2\/types\/page"}],"author":[{"embeddable":true,"href":"https:\/\/www.qualitatis.es\/ca\/wp-json\/wp\/v2\/users\/2"}],"replies":[{"embeddable":true,"href":"https:\/\/www.qualitatis.es\/ca\/wp-json\/wp\/v2\/comments?post=19339"}],"version-history":[{"count":0,"href":"https:\/\/www.qualitatis.es\/ca\/wp-json\/wp\/v2\/pages\/19339\/revisions"}],"wp:attachment":[{"href":"https:\/\/www.qualitatis.es\/ca\/wp-json\/wp\/v2\/media?parent=19339"}],"curies":[{"name":"wp","href":"https:\/\/api.w.org\/{rel}","templated":true}]}}